{"id":15271,"date":"2023-11-16T05:00:34","date_gmt":"2023-11-16T11:00:34","guid":{"rendered":"https:\/\/www.rockylawfirm.com\/?page_id=15271"},"modified":"2025-03-18T03:12:52","modified_gmt":"2025-03-18T09:12:52","slug":"inicio","status":"publish","type":"page","link":"https:\/\/www.rockylawfirm.com\/es\/","title":{"rendered":"Inicio"},"content":{"rendered":"\r\n<p>\u00abWhen I was a teenager, Dad got hurt. Insurance company<br \/>wouldn&#8217;t pay. We lost our house. But, Dad got a lawyer and we<br \/>got justice. That&#8217;s the moment I decided to become an attorney.<br \/>As a lawyer, I have dedicated my life to helping injury victims.\u00bb<\/p>\r\n<p>~ Rocky<\/p>\r\n<p><img decoding=\"async\" src=\"https:\/\/www.rockylawfirm.com\/wp-content\/uploads\/2022\/07\/250-Million-Recovered-For-Injury-Vicitims.png\" alt=\"\" \/><\/p>\r\n<h3>Google Review<\/h3>\r\n<p><img decoding=\"async\" src=\"https:\/\/www.rockylawfirm.com\/wp-content\/uploads\/2022\/07\/Google-Stars.png\" alt=\"Google 5 Stars\" width=\"217\" height=\"38\" \/><\/p>\r\n<h3>Gary Pruitt<\/h3>\r\n<p>Rocky and his team helped my wife when she was injured. Man, talk about a bulldog!! He wore the insurance company out and won her case. If your family member gets hurt, don&#8217;t mess with those other yahoos. Hire this pit bull and turn him loose!!!<strong>~ Gary Pruitt<\/strong><\/p>\r\n<h3>Gary Pruitt<\/h3>\r\n<p>Rocky and his team helped my wife when she was injured. Man, talk about a bulldog!! He wore the insurance company out and won her case. If your family member gets hurt, don&#8217;t mess with those other yahoos. Hire this pit bull and turn him loose!!!<strong>~ Gary Pruitt<\/strong><\/p>\r\n<!-- \/.pp-testimonials -->\r\n<p><a href=\"https:\/\/www.rockylawfirm.com\/es\/lesion-personal\/\">Lesi\u00f3n personal grave<\/a><\/p>\r\n<p><a href=\"https:\/\/www.rockylawfirm.com\/es\/accidentes-automovilisticos\/\">Accidentes automovil\u00edsticos<\/a><\/p>\r\n<p><a href=\"https:\/\/www.rockylawfirm.com\/es\/accidentes-de-camiones\/\">Accidentes de camiones<\/a><\/p>\r\n<p><a href=\"https:\/\/www.rockylawfirm.com\/es\/muerte-por-negligencia\/\">Muerte injusta<\/a><\/p>\r\n<h1>Abogados de Lesiones Personales y Accidentes Automovil\u00edsticos en Nashville en Tennesse<\/h1>\r\n<h2>Desde oficinas en Nashville, Hendersonville y Knoxville, nuestra familia ayuda a proteger la suya.<\/h2>\r\n<p>Nada es m\u00e1s importante que la familia. Si ha sufrido una lesi\u00f3n personal grave o un ser querido ha muerto debido a la negligencia de otros, necesita una empresa legal en la que pueda confiar para proteger sus intereses y exigir justicia a los responsables. En el bufete de abogados Rocky McElhaney en Nashville, Hendersonville y Knoxville, nuestra familia de talentosos abogados de lesiones personales y profesionales legales de Nashville se ha unido para brindarles a las familias de Tennessee la experiencia legal que necesitan para superar sus luchas y obtener la compensaci\u00f3n que merecen.<\/p>\r\n<h2>Adelantando, superando y dominando la competencia<\/h2>\r\n<p>El bufete de abogados <a href=\"https:\/\/www.rockylawfirm.com\/es\/rocky-mcelhaney\/\"  data-wpil-monitor-id=\"33\">Rocky McElhaney<\/a> ofrece a los clientes por lesiones personales en Nashville y en todo Tennessee una representaci\u00f3n agresiva cuando han sido lastimados de alguna manera. Al centrarse exclusivamente en los heridos, nuestros Gladiadores con trajes han podido ganarse la reputaci\u00f3n de Ser una defensa rigurosa y con un amplio conocimiento de las leyes. Nuestros abogados de lesiones personales en Nashville se esfuerzan por garantizar que se respeten sus derechos y que la persona o personas responsables de sus lesiones o enfermedades sean responsables de sus acciones.<\/p>\r\n<p><strong>Big enough to win your case,<br \/>small enough to know your name<\/strong><\/p>\r\n<h2>Learn more about the type of cases we handle:<\/h2>\r\n<ul>\r\n<li>Lesi\u00f3n personal<\/li>\r\n<li>Discapacidad del Seguro Social<\/li>\r\n<li>Drogas defectuosas y peligrosas<\/li>\r\n<li>Lesiones cerebrales<\/li>\r\n<li>Muerte injusta<\/li>\r\n<\/ul>\r\n<ul>\r\n<li>Responsabilidad de las instalaciones<\/li>\r\n<li>Compensaci\u00f3n de trabajadores<\/li>\r\n<li>Negligencia m\u00e9dica<\/li>\r\n<li>Abuso en hogares de ancianos<\/li>\r\n<li>Lesi\u00f3n infantil<\/li>\r\n<\/ul>\r\n<p>&nbsp;<\/p>\r\n<p>Nuestra firma de abogados de lesiones personales de Tennessee lucha por justicia para aquellos que m\u00e1s la necesitan. Sabemos que una afecci\u00f3n m\u00e9dica grave o una lesi\u00f3n personal catastr\u00f3fica pueden provocar algo m\u00e1s que dolor y sufrimiento: puede costarle todo. Cuando los cobradores de deudas lo acosan d\u00eda y noche con cartas y <strong>llamadas autom\u00e1ticas<\/strong><strong>, <\/strong>o cuando las facturas m\u00e9dicas se acumulan tan r\u00e1pido que puede estar en peligro de perder su hogar, un abogado de lesiones personales de Nashville del bufete de abogados Rocky McElhaney est\u00e1 a su lado para darle fuerza y ayudarlo a regresar.<\/p>\r\n<a id=\"69ef752f9e8b8\" rel=\"wp-video-lightbox\" href=\"https:\/\/www.youtube.com\/watch?v=vTlG_t59-Dw&#038;rel=0&#038;width=640&#038;height=480\" title=\"\"><img decoding=\"async\" src=\"https:\/\/www.rockylawfirm.com\/wp-content\/uploads\/2022\/08\/Your-Case-Roadmap.jpeg\" class=\"video_lightbox_anchor_image\" alt=\"\" \/><\/a>    <script>\r\n    \/* <![CDATA[ *\/\r\n    jQuery(document).ready(function($){\r\n        $(function(){\r\n            var width = $(window).innerWidth();\r\n            var setwidth = parseFloat(640);\r\n            var ratio = parseFloat(0.75);\r\n            var height = parseFloat(480);\r\n            var link = 'https:\/\/www.youtube.com\/watch?v=vTlG_t59-Dw&amp;rel=0&amp;width=640&amp;height=480';\r\n            if(width < setwidth)\r\n            {\r\n                height = Math.floor(width * 0.75);\r\n                \/\/console.log(\"device width \"+width+\", set width \"+640+\", ratio \"+0.75+\", new height \"+ height);\r\n                var new_url = wpvl_paramReplace('width', link, width);\r\n                var new_url = wpvl_paramReplace('height', new_url, height);\r\n                $(\"a#69ef752f9e8b8\").attr('href', new_url);\r\n                \/\/console.log(new_url);\r\n            }\r\n        });\r\n    });\r\n    \/* ]]> *\/\r\n    <\/script>\r\n<h2>El nombre en el que conf\u00eda despu\u00e9s de un accidente automovil\u00edstico en Tennessee<\/h2>\r\n<p>Hay pocas circunstancias m\u00e1s aterradoras, o frustrantes, que los accidentes automovil\u00edsticos. Nuestros abogados de accidentes automovil\u00edsticos de Nashville son conocidos en todo el estado de Tennessee como algunos de los litigantes m\u00e1s agresivos y rigurosos. Hemos construido una reputaci\u00f3n por obtener grandes veredictos y acuerdos para las v\u00edctimas de accidentes automovil\u00edsticos en Tennessee. Nuestros abogados de accidentes automovil\u00edsticos en Nashville luchan por la justicia para las v\u00edctimas de:<\/p>\r\n<ul>\r\n<li><strong>Accidentes automovil\u00edsticos. <\/strong>Si result\u00f3 lesionado en un accidente automovil\u00edstico en Nashville, Hendersonville, Knoxville o en cualquier parte del estado, Rocky McElhaney Law Firm sabe qu\u00e9 hacer. Nuestros abogados de accidentes automovil\u00edsticos de Nashville manejan reclamos complejos que involucran todo, desde choques de un solo autom\u00f3vil, choques de varios autom\u00f3viles, servicios de viajes compartidos, peatones y ciclistas. Nuestros abogados de accidentes automovil\u00edsticos tratan con su compa\u00f1\u00eda de seguros, lo ayudan a obtener un autom\u00f3vil de alquiler y trabajan mano a mano con sus m\u00e9dicos para recopilar y documentar las pruebas que necesitamos para construir un caso exitoso para usted.<\/li>\r\n<li><strong>Accidentes de camiones. <\/strong>Cuando haya tenido un accidente con un tractor-remolque de 80,000 libras, necesitar\u00e1 ayuda. Estos veh\u00edculos masivos plantean muchos problemas a los veh\u00edculos de pasajeros en la carretera, principalmente porque no pueden maniobrar r\u00e1pidamente o detenerse en un abrir y cerrar de ojos cuando hay un problema. Ya sea que el cami\u00f3n en s\u00ed estuviera defectuoso, el conductor cometi\u00f3 un error, o algo m\u00e1s fue responsable de su colisi\u00f3n, nuestros abogados expertos en accidentes automovil\u00edsticos y de camiones en Nashville pueden ayudarlo.<\/li>\r\n<li><strong>Accidentes de motocicleta. <\/strong>Tennessee tiene algunas de las mejores carreteras del pa\u00eds para conducir una motocicleta. Desafortunadamente, nuestros conductores comparten la propensi\u00f3n del resto del pa\u00eds a ignorar a los ciclistas mientras est\u00e1n en la carretera. Un accidente de motocicleta siempre es grave, porque los conductores no tienen el mismo tipo de protecci\u00f3n que los conductores de autom\u00f3viles y camiones. Despu\u00e9s de un grave accidente de motocicleta, deje que Rocky McElhaney Law Firm defienda sus derechos y proteja su futuro.<\/li>\r\n<li><strong>Accidentes de avi\u00f3n <\/strong><strong>Y accidentes de tren. <\/strong>Gracias a Dios que los accidentes de avi\u00f3n y tren son raros, porque son potencialmente devastadores. Nuestro equipo de abogados de <strong>accidente de tr\u00e1nsito masivo <\/strong>est\u00e1n familiarizados con las reglas y regulaciones que rigen los viajes a\u00e9reos y en tren, y entienden el tipo de batalla cuesta arriba a la que se enfrenta cuando no cuenta con la representaci\u00f3n adecuada. Dejemos que carguemos con esa carga por usted.<\/li>\r\n<\/ul>\r\n<p>No importa qu\u00e9 tipo de accidente automovil\u00edstico haya sufrido, hay un abogado de accidentes automovil\u00edsticos en Rocky McElhaney Law Firm que sabe qu\u00e9 hacer. Nuestra firma de abogados de lesiones personales en Nashville, Hendersonville y Knoxville representa a las v\u00edctimas de accidentes automovil\u00edsticos en todo el estado. Ponga a nuestros Gladiadores a trabajar para usted, su familia y su futuro.<\/p>\r\n<p><img decoding=\"async\" title=\"ROCKY McELHANEY Law Firm Offices\" src=\"https:\/\/www.rockylawfirm.com\/wp-content\/uploads\/2022\/07\/ROCKY-McELHANEY-Law-Firm-Offices.jpg\" alt=\"ROCKY McELHANEY Law Firm Offices\" width=\"1380\" height=\"772\" \/><\/p>\r\n<h2>Por qu\u00e9 puede confiar en Rocky McElhaney y su equipo de Nashville<\/h2>\r\n<p>El abogado principal Rocky McElhaney sabe lo dif\u00edcil que puede ser la vida para las familias que atraviesan una de estas pruebas. Cuando era joven, su padre sufri\u00f3 una fractura en la espalda en el trabajo y se le negaron los beneficios de compensaci\u00f3n de trabajadores. Su familia perdi\u00f3 su casa tratando de pagar las facturas m\u00e9dicas de su padre y se vio obligado a salir a la calle. Rocky nunca olvid\u00f3 lo dif\u00edcil que fue ver a su padre luchar para obtener los beneficios que ten\u00eda derecho a recibir, y dedic\u00f3 su vida a asegurarse de que las familias nunca tuvieran que sufrir las humillaciones que \u00e9l tuvo que soportar.<\/p>\r\n<p>Rocky es ahora un abogado litigante de primer nivel en casos de lesiones personales en Nashville, y ha asegurado m\u00faltiples acuerdos y veredictos del jurado de millones de d\u00f3lares para sus clientes lesionados en todo Tennessee. Rocky ha sido nombrado el \u00abMejor abogado de Nashville\u00bb por la <em>Escena de Nashville <\/em>durante 5 a\u00f1os consecutivos desde 2015-2019. Trabaja incansablemente para brindar a cada persona que entra por su puerta el respeto y los resultados que se merece. Ha reunido un equipo que representa la evoluci\u00f3n de la profesi\u00f3n legal: profesionales legales j\u00f3venes, innovadores y altamente capacitados que utilizan tecnolog\u00eda de punta para preparar los mejores casos posibles para nuestros clientes. Nuestros abogados de lesiones personales y de accidentes automovil\u00edsticos de Nashville son conocidos por utilizar la animaci\u00f3n por computadora y la reconstrucci\u00f3n de accidentes para presentar argumentos visualmente convincentes para jurados y jueces en el juicio. Tambi\u00e9n trabajamos de forma rutinaria con expertos en medicina, econom\u00eda, contabilidad y evidencia forense para analizar los casos de nuestros oponentes y obtener los mejores resultados en el acuerdo y en el juicio.<\/p>\r\n<h3>Rocky pelea por usted y su familia<\/h3>\r\n<p>Llame a Rocky al 615-239-6755 o \u00a0rellene nuestro formulario de contacto para programar una consulta inicial gratuita. Desde nuestras oficinas en Knoxville, Hendersonville y en el Music Row, de fama mundial, en Nashville, los abogados de lesiones personales de Rocky McElhaney Law Firm representan a clientes en todo el estado de Tennessee, incluyendo Knoxville, Memphis, Hendersonville, Columbia, Murfreesboro, Chattanooga y Kingsport. Venga a conocer c\u00f3mo nuestra familia puede ayudar a la suya.<\/p>\r\n<h2>Meet Our Gladiators<\/h2>\r\n<p><a href=\"https:\/\/www.rockylawfirm.com\/our-staff\/rocky-mcelhaney\/\" target=\"_self\" rel=\"noopener\"> <img decoding=\"async\" src=\"https:\/\/www.rockylawfirm.com\/wp-content\/uploads\/2022\/07\/Rocky-McElhaney.jpg\" alt=\"Rocky McElhaney Founder, Chief Legal Officer\" data-no-lazy=\"1\" \/> Rocky McElhaney Founder, Chief Legal Officer <\/a> <a href=\"https:\/\/www.rockylawfirm.com\/our-staff\/penny-mcelhaney\/\" target=\"_self\" rel=\"noopener\"> <img decoding=\"async\" src=\"https:\/\/www.rockylawfirm.com\/wp-content\/uploads\/2022\/07\/Penny-McElhaney.jpg\" alt=\"Penny McElhaney Chief Executive Officer &amp; Attorney\" data-no-lazy=\"1\" \/> Penny McElhaney Chief Executive Officer &amp; Attorney <\/a> <a href=\"https:\/\/www.rockylawfirm.com\/our-staff\/justin-hight\/\" target=\"_self\" rel=\"noopener\"> <img decoding=\"async\" src=\"https:\/\/www.rockylawfirm.com\/wp-content\/uploads\/2022\/07\/Justin-Hight.jpg\" alt=\"Justin Hight Managing Attorney\" data-no-lazy=\"1\" \/> Justin Hight Managing Attorney <\/a><\/p>\r\n<h2>LO QUE DICEN LOS CLIENTES SOBRE NOSOTROSs<\/h2>\r\n<a id=\"69ef752f9e929\" rel=\"wp-video-lightbox\" href=\"https:\/\/www.youtube.com\/watch?v=9p3HnvtxRp4&#038;rel=0&#038;width=640&#038;height=480\" title=\"\"><img decoding=\"async\" src=\"https:\/\/www.rockylawfirm.com\/wp-content\/uploads\/2022\/07\/Helping-Hunter-Garstin.png\" class=\"video_lightbox_anchor_image\" alt=\"\" \/><\/a>    <script>\r\n    \/* <![CDATA[ *\/\r\n    jQuery(document).ready(function($){\r\n        $(function(){\r\n            var width = $(window).innerWidth();\r\n            var setwidth = parseFloat(640);\r\n            var ratio = parseFloat(0.75);\r\n            var height = parseFloat(480);\r\n            var link = 'https:\/\/www.youtube.com\/watch?v=9p3HnvtxRp4&amp;rel=0&amp;width=640&amp;height=480';\r\n            if(width < setwidth)\r\n            {\r\n                height = Math.floor(width * 0.75);\r\n                \/\/console.log(\"device width \"+width+\", set width \"+640+\", ratio \"+0.75+\", new height \"+ height);\r\n                var new_url = wpvl_paramReplace('width', link, width);\r\n                var new_url = wpvl_paramReplace('height', new_url, height);\r\n                $(\"a#69ef752f9e929\").attr('href', new_url);\r\n                \/\/console.log(new_url);\r\n            }\r\n        });\r\n    });\r\n    \/* ]]> *\/\r\n    <\/script>\r\n<a id=\"69ef752f9e96d\" rel=\"wp-video-lightbox\" href=\"https:\/\/www.youtube.com\/watch?v=OU_3wOzQCAE&#038;rel=0&#038;width=640&#038;height=480\" title=\"\"><img decoding=\"async\" src=\"https:\/\/www.rockylawfirm.com\/wp-content\/uploads\/2022\/07\/Helping-Herbert-Brown.png\" class=\"video_lightbox_anchor_image\" alt=\"\" \/><\/a>    <script>\r\n    \/* <![CDATA[ *\/\r\n    jQuery(document).ready(function($){\r\n        $(function(){\r\n            var width = $(window).innerWidth();\r\n            var setwidth = parseFloat(640);\r\n            var ratio = parseFloat(0.75);\r\n            var height = parseFloat(480);\r\n            var link = 'https:\/\/www.youtube.com\/watch?v=OU_3wOzQCAE&amp;rel=0&amp;width=640&amp;height=480';\r\n            if(width < setwidth)\r\n            {\r\n                height = Math.floor(width * 0.75);\r\n                \/\/console.log(\"device width \"+width+\", set width \"+640+\", ratio \"+0.75+\", new height \"+ height);\r\n                var new_url = wpvl_paramReplace('width', link, width);\r\n                var new_url = wpvl_paramReplace('height', new_url, height);\r\n                $(\"a#69ef752f9e96d\").attr('href', new_url);\r\n                \/\/console.log(new_url);\r\n            }\r\n        });\r\n    });\r\n    \/* ]]> *\/\r\n    <\/script>\r\n","protected":false},"excerpt":{"rendered":"<p>\u00abWhen I was a teenager, Dad got hurt. Insurance companywouldn&#8217;t pay. We lost our house. But, Dad got a lawyer and wegot justice. That&#8217;s the moment I decided to become an attorney.As a lawyer, I have dedicated my life to helping injury victims.\u00bb ~ Rocky Google Review Gary Pruitt Rocky and his team helped my&hellip;<\/p>\n","protected":false},"author":2,"featured_media":0,"parent":0,"menu_order":0,"comment_status":"closed","ping_status":"closed","template":"","meta":{"footnotes":""},"class_list":["post-15271","page","type-page","status-publish","hentry"],"yoast_head":"<!-- This site is optimized with the Yoast SEO plugin v27.4 - https:\/\/yoast.com\/product\/yoast-seo-wordpress\/ -->\n<title>Abogada de lesiones personales en Nashville, Tennessee<\/title>\n<meta name=\"robots\" content=\"index, follow, max-snippet:-1, max-image-preview:large, max-video-preview:-1\" \/>\n<link rel=\"canonical\" href=\"https:\/\/www.rockylawfirm.com\/es\/\" \/>\n<meta property=\"og:locale\" content=\"es_ES\" \/>\n<meta property=\"og:type\" content=\"article\" \/>\n<meta property=\"og:title\" content=\"Abogada de lesiones personales en Nashville, Tennessee\" \/>\n<meta property=\"og:description\" content=\"\u00abWhen I was a teenager, Dad got hurt. Insurance companywouldn&#8217;t pay. We lost our house. But, Dad got a lawyer and wegot justice. That&#8217;s the moment I decided to become an attorney.As a lawyer, I have dedicated my life to helping injury victims.\u00bb ~ Rocky Google Review Gary Pruitt Rocky and his team helped my&hellip;\" \/>\n<meta property=\"og:url\" content=\"https:\/\/www.rockylawfirm.com\/es\/\" \/>\n<meta property=\"og:site_name\" content=\"Rocky McElhaney Law Firm: Car Accident &amp; Injury Lawyers\" \/>\n<meta property=\"article:publisher\" content=\"https:\/\/www.facebook.com\/rockylawfirm\" \/>\n<meta property=\"article:modified_time\" content=\"2025-03-18T09:12:52+00:00\" \/>\n<meta property=\"og:image\" content=\"https:\/\/www.rockylawfirm.com\/wp-content\/uploads\/2022\/07\/250-Million-Recovered-For-Injury-Vicitims.png\" \/>\n<meta name=\"twitter:label1\" content=\"Tiempo de lectura\" \/>\n\t<meta name=\"twitter:data1\" content=\"8 minutos\" \/>\n<script type=\"application\/ld+json\" class=\"yoast-schema-graph\">{\"@context\":\"https:\\\/\\\/schema.org\",\"@graph\":[{\"@type\":\"WebPage\",\"@id\":\"https:\\\/\\\/www.rockylawfirm.com\\\/es\\\/\",\"url\":\"https:\\\/\\\/www.rockylawfirm.com\\\/es\\\/\",\"name\":\"Abogada de lesiones personales en Nashville, Tennessee\",\"isPartOf\":{\"@id\":\"https:\\\/\\\/www.rockylawfirm.com\\\/es\\\/#website\"},\"primaryImageOfPage\":{\"@id\":\"https:\\\/\\\/www.rockylawfirm.com\\\/es\\\/#primaryimage\"},\"image\":{\"@id\":\"https:\\\/\\\/www.rockylawfirm.com\\\/es\\\/#primaryimage\"},\"thumbnailUrl\":\"https:\\\/\\\/www.rockylawfirm.com\\\/wp-content\\\/uploads\\\/2022\\\/07\\\/250-Million-Recovered-For-Injury-Vicitims.png\",\"datePublished\":\"2023-11-16T11:00:34+00:00\",\"dateModified\":\"2025-03-18T09:12:52+00:00\",\"inLanguage\":\"es\",\"potentialAction\":[{\"@type\":\"ReadAction\",\"target\":[\"https:\\\/\\\/www.rockylawfirm.com\\\/es\\\/\"]}]},{\"@type\":\"ImageObject\",\"inLanguage\":\"es\",\"@id\":\"https:\\\/\\\/www.rockylawfirm.com\\\/es\\\/#primaryimage\",\"url\":\"https:\\\/\\\/www.rockylawfirm.com\\\/wp-content\\\/uploads\\\/2022\\\/07\\\/250-Million-Recovered-For-Injury-Vicitims.png\",\"contentUrl\":\"https:\\\/\\\/www.rockylawfirm.com\\\/wp-content\\\/uploads\\\/2022\\\/07\\\/250-Million-Recovered-For-Injury-Vicitims.png\"},{\"@type\":\"WebSite\",\"@id\":\"https:\\\/\\\/www.rockylawfirm.com\\\/es\\\/#website\",\"url\":\"https:\\\/\\\/www.rockylawfirm.com\\\/es\\\/\",\"name\":\"Rocky McElhaney Law Firm: Car Accident &amp; Injury Lawyers\",\"description\":\"Nashville personal injury lawyers\",\"potentialAction\":[{\"@type\":\"SearchAction\",\"target\":{\"@type\":\"EntryPoint\",\"urlTemplate\":\"https:\\\/\\\/www.rockylawfirm.com\\\/es\\\/?s={search_term_string}\"},\"query-input\":{\"@type\":\"PropertyValueSpecification\",\"valueRequired\":true,\"valueName\":\"search_term_string\"}}],\"inLanguage\":\"es\"}]}<\/script>\n<!-- \/ Yoast SEO plugin. -->","yoast_head_json":{"title":"Abogada de lesiones personales en Nashville, Tennessee","robots":{"index":"index","follow":"follow","max-snippet":"max-snippet:-1","max-image-preview":"max-image-preview:large","max-video-preview":"max-video-preview:-1"},"canonical":"https:\/\/www.rockylawfirm.com\/es\/","og_locale":"es_ES","og_type":"article","og_title":"Abogada de lesiones personales en Nashville, Tennessee","og_description":"\u00abWhen I was a teenager, Dad got hurt. Insurance companywouldn&#8217;t pay. We lost our house. But, Dad got a lawyer and wegot justice. That&#8217;s the moment I decided to become an attorney.As a lawyer, I have dedicated my life to helping injury victims.\u00bb ~ Rocky Google Review Gary Pruitt Rocky and his team helped my&hellip;","og_url":"https:\/\/www.rockylawfirm.com\/es\/","og_site_name":"Rocky McElhaney Law Firm: Car Accident &amp; Injury Lawyers","article_publisher":"https:\/\/www.facebook.com\/rockylawfirm","article_modified_time":"2025-03-18T09:12:52+00:00","og_image":[{"url":"https:\/\/www.rockylawfirm.com\/wp-content\/uploads\/2022\/07\/250-Million-Recovered-For-Injury-Vicitims.png","type":"","width":"","height":""}],"twitter_misc":{"Tiempo de lectura":"8 minutos"},"schema":{"@context":"https:\/\/schema.org","@graph":[{"@type":"WebPage","@id":"https:\/\/www.rockylawfirm.com\/es\/","url":"https:\/\/www.rockylawfirm.com\/es\/","name":"Abogada de lesiones personales en Nashville, Tennessee","isPartOf":{"@id":"https:\/\/www.rockylawfirm.com\/es\/#website"},"primaryImageOfPage":{"@id":"https:\/\/www.rockylawfirm.com\/es\/#primaryimage"},"image":{"@id":"https:\/\/www.rockylawfirm.com\/es\/#primaryimage"},"thumbnailUrl":"https:\/\/www.rockylawfirm.com\/wp-content\/uploads\/2022\/07\/250-Million-Recovered-For-Injury-Vicitims.png","datePublished":"2023-11-16T11:00:34+00:00","dateModified":"2025-03-18T09:12:52+00:00","inLanguage":"es","potentialAction":[{"@type":"ReadAction","target":["https:\/\/www.rockylawfirm.com\/es\/"]}]},{"@type":"ImageObject","inLanguage":"es","@id":"https:\/\/www.rockylawfirm.com\/es\/#primaryimage","url":"https:\/\/www.rockylawfirm.com\/wp-content\/uploads\/2022\/07\/250-Million-Recovered-For-Injury-Vicitims.png","contentUrl":"https:\/\/www.rockylawfirm.com\/wp-content\/uploads\/2022\/07\/250-Million-Recovered-For-Injury-Vicitims.png"},{"@type":"WebSite","@id":"https:\/\/www.rockylawfirm.com\/es\/#website","url":"https:\/\/www.rockylawfirm.com\/es\/","name":"Rocky McElhaney Law Firm: Car Accident &amp; Injury Lawyers","description":"Nashville personal injury lawyers","potentialAction":[{"@type":"SearchAction","target":{"@type":"EntryPoint","urlTemplate":"https:\/\/www.rockylawfirm.com\/es\/?s={search_term_string}"},"query-input":{"@type":"PropertyValueSpecification","valueRequired":true,"valueName":"search_term_string"}}],"inLanguage":"es"}]}},"_links":{"self":[{"href":"https:\/\/www.rockylawfirm.com\/es\/wp-json\/wp\/v2\/pages\/15271","targetHints":{"allow":["GET"]}}],"collection":[{"href":"https:\/\/www.rockylawfirm.com\/es\/wp-json\/wp\/v2\/pages"}],"about":[{"href":"https:\/\/www.rockylawfirm.com\/es\/wp-json\/wp\/v2\/types\/page"}],"author":[{"embeddable":true,"href":"https:\/\/www.rockylawfirm.com\/es\/wp-json\/wp\/v2\/users\/2"}],"replies":[{"embeddable":true,"href":"https:\/\/www.rockylawfirm.com\/es\/wp-json\/wp\/v2\/comments?post=15271"}],"version-history":[{"count":0,"href":"https:\/\/www.rockylawfirm.com\/es\/wp-json\/wp\/v2\/pages\/15271\/revisions"}],"wp:attachment":[{"href":"https:\/\/www.rockylawfirm.com\/es\/wp-json\/wp\/v2\/media?parent=15271"}],"curies":[{"name":"wp","href":"https:\/\/api.w.org\/{rel}","templated":true}]}}