{"id":15274,"date":"2023-11-16T05:22:18","date_gmt":"2023-11-16T11:22:18","guid":{"rendered":"https:\/\/www.rockylawfirm.com\/?page_id=15274"},"modified":"2025-03-18T03:12:52","modified_gmt":"2025-03-18T09:12:52","slug":"lesion-personal","status":"publish","type":"page","link":"https:\/\/www.rockylawfirm.com\/es\/lesion-personal\/","title":{"rendered":"Lesi\u00f3n personal"},"content":{"rendered":"\r\n<p><img decoding=\"async\" title=\"Personal Injury Lawyers in Nashville\" src=\"https:\/\/www.rockylawfirm.com\/wp-content\/uploads\/2016\/05\/injury.jpg\" alt=\"Personal Injury Lawyers in Nashville\" width=\"802\" height=\"411\" \/><\/p>\r\n<h1>Abogados De Lesiones Personales En Nashville<\/h1>\r\n<h2>Las lesiones serias necesitan un abogado serio<\/h2>\r\n<p>Si ha resultado gravemente herido o un ser querido ha muerto debido a la negligencia de otros, necesita un abogado de lesiones personales compasivo y con experiencia que sepa c\u00f3mo cuidar a sus clientes y obtener los resultados que se merecen.<\/p>\r\n<p>El Abogado Rocky McElhaney, y su equipo de abogados de lesiones personales de Nashville, brindan a la gente de Tennessee el asesoramiento y la orientaci\u00f3n que necesitan para curarse de sus lesiones y seguir adelante con sus vidas. Sus lesiones pueden darle derecho a una compensaci\u00f3n por ingresos perdidos, da\u00f1os a la propiedad, facturas m\u00e9dicas pasadas y futuras, dolor y sufrimiento, discapacidad, desfiguraci\u00f3n y angustia emocional. Deje que Rocky pelee para brindarle los mejores resultados posibles a un precio asequible.<\/p>\r\n<h2>Representaci\u00f3n agresiva. Resultados m\u00e1ximos.<\/h2>\r\n<p>El bufete de abogados <a href=\"https:\/\/www.rockylawfirm.com\/es\/rocky-mcelhaney\/\"  data-wpil-monitor-id=\"31\">Rocky McElhaney<\/a> se encarga de todos los casos de lesiones personales, que incluyen:<\/p>\r\n<ul>\r\n<li>Accidentes automovil\u00edsticos<\/li>\r\n<li>Accidentes de tractor-remolque<\/li>\r\n<li>Accidentes de motocicleta<\/li>\r\n<li>Lesiones infantiles<\/li>\r\n<li>Lesiones personales catastr\u00f3ficas<\/li>\r\n<li>Lesiones Cerebrales<\/li>\r\n<li>Quemaduras<\/li>\r\n<li>Accidentes laborales<\/li>\r\n<li>Muerte injusta<\/li>\r\n<li>Accidentes por resbalones y ca\u00eddas<\/li>\r\n<li>Da\u00f1os a la propiedad<\/li>\r\n<li>Responsabilidad por productos<\/li>\r\n<li>Accidentes de construcci\u00f3n<\/li>\r\n<li>Lesiones relacionadas con el deporte<\/li>\r\n<\/ul>\r\n<p>Nuestra pr\u00e1ctica se enfoca en ayudar a quienes m\u00e1s lo necesitan: v\u00edctimas de lesiones catastr\u00f3ficas y familias que han perdido a un miembro de la familia debido a la negligencia de otros. Nuestros abogados de lesiones personales de Nashville tienen la capacidad de manejar incluso los casos m\u00e1s complejos, como muerte por negligencia, lesiones cerebrales traum\u00e1ticas, v\u00edctimas de quemaduras, lesiones de la m\u00e9dula espinal y par\u00e1lisis, todo con facilidad. Traemos a m\u00e9dicos y expertos en reconstrucci\u00f3n de accidentes para probar el alcance de sus lesiones, y usamos animaciones por computadora y presentaciones visuales para transmitir ese mensaje al jurado.<\/p>\r\n<p>Rocky ha obtenido veredictos y acuerdos multimillonarios para sus clientes, y tiene el conocimiento y la experiencia para obtener la justicia que se merece.<\/p>\r\n<h2>No permitimos que las compa\u00f1\u00edas de seguros lo intimiden.<\/h2>\r\n<p>La mayor\u00eda de los casos de lesiones personales no van a juicio, sino que terminan con acuerdos ofrecidos por las compa\u00f1\u00edas de seguros. Los acuerdos son pagos de dinero que las compa\u00f1\u00edas de seguros ofrecen a las personas que han resultado lesionadas debido a la negligencia de sus asegurados.<\/p>\r\n<p>Sin embargo, las compa\u00f1\u00edas de seguros suelen tener motivos ocultos para ofrecer este pago. Las compa\u00f1\u00edas de seguros con frecuencia tratan de obligar a las v\u00edctimas a asentarse r\u00e1pidamente para evitar la responsabilidad por las lesiones que puedan surgir en el futuro. Por ejemplo, muchas lesiones cerebrales no se pueden diagnosticar hasta meses despu\u00e9s de que ocurra una lesi\u00f3n. Estas empresas aprovechan el hecho de que las familias pueden necesitar dinero para ayudar a cuidar a la v\u00edctima y pagar las facturas, y ofrecen r\u00e1pidamente acuerdos para evitar pagar una cantidad mucho mayor en el futuro.<\/p>\r\n<p>Rocky es muy consciente de estos trucos y se asegura de que no acepte un acuerdo hasta que conozca el alcance total de sus lesiones. Rocky protege a los clientes asegur\u00e1ndose de que reciban la atenci\u00f3n m\u00e9dica adecuada despu\u00e9s de una lesi\u00f3n cerebral traum\u00e1tica o cualquier otra lesi\u00f3n. Tambi\u00e9n aconseja a los clientes que asistan a las citas de seguimiento para ver si han surgido nuevas lesiones.<\/p>\r\n<h2>\u00bfQu\u00e9 puedo hacer para ayudar a que mi caso de lesiones personales avance?<\/h2>\r\n<p>Si ha resultado lesionado en un accidente automovil\u00edstico y ha contratado a mi firma de abogados para que lo represente, hay algunas cosas que puede hacer para ayudarnos a avanzar con su caso. Lo primero es comunicarse siempre con nosotros cuando nos comuniquemos con usted. Devolver las llamadas telef\u00f3nicas con prontitud es muy importante. En segundo lugar, asista a todas sus citas m\u00e9dicas y de fisioterapia seg\u00fan lo programado. Cuando reprograma su tratamiento, se extiende por m\u00e1s tiempo, lo que a su vez extiende su caso.<\/p>\r\n<p>Cuando llegue el momento de hacer un descubrimiento, le pediremos que nos proporcione informaci\u00f3n personal sobre usted y sus antecedentes. H\u00e1galo a tiempo y eso nos ayudar\u00e1. En cuarto lugar, si se muda, cambia su direcci\u00f3n o cambia su n\u00famero de tel\u00e9fono, aseg\u00farese de actualizarnos. No nos hace ning\u00fan bien a ninguno de nosotros si tenemos que pasar semanas o d\u00edas busc\u00e1ndole.<\/p>\r\n<p>Por \u00faltimo, siempre est\u00e9 pensando en c\u00f3mo ayudar a su abogado. Si tiene buenas ideas, queremos escucharlas. Si ha resultado lesionado, llame al 615-239-6755 o comun\u00edquese con RockyLawFirm.com. Tenemos oficinas en Nashville, Hendersonville y Knoxville, y peleamos para clientes en todo Tennessee.<\/p>\r\n<h3>Deja que Rocky luche por lo que merece<\/h3>\r\n<p>Llame a Rocky hoy al 615-239-6755 o p\u00f3ngase en contacto con la firma en l\u00ednea para programar una consulta inicial gratuita. Desde nuestras oficinas de abogados en Music Row, de fama mundial, en Nashville, el bufete de abogados Rocky McElhaney representa a clientes en todo el estado de Tennessee, incluidos Knoxville, Memphis, Hendersonville, Columbia, Murfreesboro, Chattanooga y Kingsport.<\/p>\r\n","protected":false},"excerpt":{"rendered":"<p>Abogados De Lesiones Personales En Nashville Las lesiones serias necesitan un abogado serio Si ha resultado gravemente herido o un ser querido ha muerto debido a la negligencia de otros, necesita un abogado de lesiones personales compasivo y con experiencia que sepa c\u00f3mo cuidar a sus clientes y obtener los resultados que se merecen. El&hellip;<\/p>\n","protected":false},"author":2,"featured_media":15335,"parent":0,"menu_order":3,"comment_status":"closed","ping_status":"closed","template":"","meta":{"footnotes":""},"class_list":["post-15274","page","type-page","status-publish","has-post-thumbnail","hentry"],"yoast_head":"<!-- This site is optimized with the Yoast SEO plugin v27.4 - https:\/\/yoast.com\/product\/yoast-seo-wordpress\/ -->\n<title>Reclamaciones por lesiones personales en Nashville, TN<\/title>\n<meta name=\"robots\" content=\"index, follow, max-snippet:-1, max-image-preview:large, max-video-preview:-1\" \/>\n<link rel=\"canonical\" href=\"https:\/\/www.rockylawfirm.com\/es\/lesion-personal\/\" \/>\n<meta property=\"og:locale\" content=\"es_ES\" \/>\n<meta property=\"og:type\" content=\"article\" \/>\n<meta property=\"og:title\" content=\"Reclamaciones por lesiones personales en Nashville, TN\" \/>\n<meta property=\"og:description\" content=\"Abogados De Lesiones Personales En Nashville Las lesiones serias necesitan un abogado serio Si ha resultado gravemente herido o un ser querido ha muerto debido a la negligencia de otros, necesita un abogado de lesiones personales compasivo y con experiencia que sepa c\u00f3mo cuidar a sus clientes y obtener los resultados que se merecen. El&hellip;\" \/>\n<meta property=\"og:url\" content=\"https:\/\/www.rockylawfirm.com\/es\/lesion-personal\/\" \/>\n<meta property=\"og:site_name\" content=\"Rocky McElhaney Law Firm: Car Accident &amp; Injury Lawyers\" \/>\n<meta property=\"article:publisher\" content=\"https:\/\/www.facebook.com\/rockylawfirm\" \/>\n<meta property=\"article:modified_time\" content=\"2025-03-18T09:12:52+00:00\" \/>\n<meta property=\"og:image\" content=\"https:\/\/www.rockylawfirm.com\/wp-content\/uploads\/2016\/05\/injury.jpg\" \/>\n\t<meta property=\"og:image:width\" content=\"802\" \/>\n\t<meta property=\"og:image:height\" content=\"411\" \/>\n\t<meta property=\"og:image:type\" content=\"image\/jpeg\" \/>\n<meta name=\"twitter:label1\" content=\"Tiempo de lectura\" \/>\n\t<meta name=\"twitter:data1\" content=\"4 minutos\" \/>\n<script type=\"application\/ld+json\" class=\"yoast-schema-graph\">{\"@context\":\"https:\\\/\\\/schema.org\",\"@graph\":[{\"@type\":\"WebPage\",\"@id\":\"https:\\\/\\\/www.rockylawfirm.com\\\/es\\\/lesion-personal\\\/\",\"url\":\"https:\\\/\\\/www.rockylawfirm.com\\\/es\\\/lesion-personal\\\/\",\"name\":\"Reclamaciones por lesiones personales en Nashville, TN\",\"isPartOf\":{\"@id\":\"https:\\\/\\\/www.rockylawfirm.com\\\/es\\\/#website\"},\"primaryImageOfPage\":{\"@id\":\"https:\\\/\\\/www.rockylawfirm.com\\\/es\\\/lesion-personal\\\/#primaryimage\"},\"image\":{\"@id\":\"https:\\\/\\\/www.rockylawfirm.com\\\/es\\\/lesion-personal\\\/#primaryimage\"},\"thumbnailUrl\":\"https:\\\/\\\/www.rockylawfirm.com\\\/wp-content\\\/uploads\\\/2016\\\/05\\\/injury.jpg\",\"datePublished\":\"2023-11-16T11:22:18+00:00\",\"dateModified\":\"2025-03-18T09:12:52+00:00\",\"inLanguage\":\"es\",\"potentialAction\":[{\"@type\":\"ReadAction\",\"target\":[\"https:\\\/\\\/www.rockylawfirm.com\\\/es\\\/lesion-personal\\\/\"]}]},{\"@type\":\"ImageObject\",\"inLanguage\":\"es\",\"@id\":\"https:\\\/\\\/www.rockylawfirm.com\\\/es\\\/lesion-personal\\\/#primaryimage\",\"url\":\"https:\\\/\\\/www.rockylawfirm.com\\\/wp-content\\\/uploads\\\/2016\\\/05\\\/injury.jpg\",\"contentUrl\":\"https:\\\/\\\/www.rockylawfirm.com\\\/wp-content\\\/uploads\\\/2016\\\/05\\\/injury.jpg\",\"width\":802,\"height\":411},{\"@type\":\"WebSite\",\"@id\":\"https:\\\/\\\/www.rockylawfirm.com\\\/es\\\/#website\",\"url\":\"https:\\\/\\\/www.rockylawfirm.com\\\/es\\\/\",\"name\":\"Rocky McElhaney Law Firm: Car Accident &amp; Injury Lawyers\",\"description\":\"Nashville personal injury lawyers\",\"potentialAction\":[{\"@type\":\"SearchAction\",\"target\":{\"@type\":\"EntryPoint\",\"urlTemplate\":\"https:\\\/\\\/www.rockylawfirm.com\\\/es\\\/?s={search_term_string}\"},\"query-input\":{\"@type\":\"PropertyValueSpecification\",\"valueRequired\":true,\"valueName\":\"search_term_string\"}}],\"inLanguage\":\"es\"}]}<\/script>\n<!-- \/ Yoast SEO plugin. -->","yoast_head_json":{"title":"Reclamaciones por lesiones personales en Nashville, TN","robots":{"index":"index","follow":"follow","max-snippet":"max-snippet:-1","max-image-preview":"max-image-preview:large","max-video-preview":"max-video-preview:-1"},"canonical":"https:\/\/www.rockylawfirm.com\/es\/lesion-personal\/","og_locale":"es_ES","og_type":"article","og_title":"Reclamaciones por lesiones personales en Nashville, TN","og_description":"Abogados De Lesiones Personales En Nashville Las lesiones serias necesitan un abogado serio Si ha resultado gravemente herido o un ser querido ha muerto debido a la negligencia de otros, necesita un abogado de lesiones personales compasivo y con experiencia que sepa c\u00f3mo cuidar a sus clientes y obtener los resultados que se merecen. El&hellip;","og_url":"https:\/\/www.rockylawfirm.com\/es\/lesion-personal\/","og_site_name":"Rocky McElhaney Law Firm: Car Accident &amp; Injury Lawyers","article_publisher":"https:\/\/www.facebook.com\/rockylawfirm","article_modified_time":"2025-03-18T09:12:52+00:00","og_image":[{"width":802,"height":411,"url":"https:\/\/www.rockylawfirm.com\/wp-content\/uploads\/2016\/05\/injury.jpg","type":"image\/jpeg"}],"twitter_misc":{"Tiempo de lectura":"4 minutos"},"schema":{"@context":"https:\/\/schema.org","@graph":[{"@type":"WebPage","@id":"https:\/\/www.rockylawfirm.com\/es\/lesion-personal\/","url":"https:\/\/www.rockylawfirm.com\/es\/lesion-personal\/","name":"Reclamaciones por lesiones personales en Nashville, TN","isPartOf":{"@id":"https:\/\/www.rockylawfirm.com\/es\/#website"},"primaryImageOfPage":{"@id":"https:\/\/www.rockylawfirm.com\/es\/lesion-personal\/#primaryimage"},"image":{"@id":"https:\/\/www.rockylawfirm.com\/es\/lesion-personal\/#primaryimage"},"thumbnailUrl":"https:\/\/www.rockylawfirm.com\/wp-content\/uploads\/2016\/05\/injury.jpg","datePublished":"2023-11-16T11:22:18+00:00","dateModified":"2025-03-18T09:12:52+00:00","inLanguage":"es","potentialAction":[{"@type":"ReadAction","target":["https:\/\/www.rockylawfirm.com\/es\/lesion-personal\/"]}]},{"@type":"ImageObject","inLanguage":"es","@id":"https:\/\/www.rockylawfirm.com\/es\/lesion-personal\/#primaryimage","url":"https:\/\/www.rockylawfirm.com\/wp-content\/uploads\/2016\/05\/injury.jpg","contentUrl":"https:\/\/www.rockylawfirm.com\/wp-content\/uploads\/2016\/05\/injury.jpg","width":802,"height":411},{"@type":"WebSite","@id":"https:\/\/www.rockylawfirm.com\/es\/#website","url":"https:\/\/www.rockylawfirm.com\/es\/","name":"Rocky McElhaney Law Firm: Car Accident &amp; Injury Lawyers","description":"Nashville personal injury lawyers","potentialAction":[{"@type":"SearchAction","target":{"@type":"EntryPoint","urlTemplate":"https:\/\/www.rockylawfirm.com\/es\/?s={search_term_string}"},"query-input":{"@type":"PropertyValueSpecification","valueRequired":true,"valueName":"search_term_string"}}],"inLanguage":"es"}]}},"_links":{"self":[{"href":"https:\/\/www.rockylawfirm.com\/es\/wp-json\/wp\/v2\/pages\/15274","targetHints":{"allow":["GET"]}}],"collection":[{"href":"https:\/\/www.rockylawfirm.com\/es\/wp-json\/wp\/v2\/pages"}],"about":[{"href":"https:\/\/www.rockylawfirm.com\/es\/wp-json\/wp\/v2\/types\/page"}],"author":[{"embeddable":true,"href":"https:\/\/www.rockylawfirm.com\/es\/wp-json\/wp\/v2\/users\/2"}],"replies":[{"embeddable":true,"href":"https:\/\/www.rockylawfirm.com\/es\/wp-json\/wp\/v2\/comments?post=15274"}],"version-history":[{"count":0,"href":"https:\/\/www.rockylawfirm.com\/es\/wp-json\/wp\/v2\/pages\/15274\/revisions"}],"wp:featuredmedia":[{"embeddable":true,"href":"https:\/\/www.rockylawfirm.com\/es\/wp-json\/wp\/v2\/media\/15335"}],"wp:attachment":[{"href":"https:\/\/www.rockylawfirm.com\/es\/wp-json\/wp\/v2\/media?parent=15274"}],"curies":[{"name":"wp","href":"https:\/\/api.w.org\/{rel}","templated":true}]}}