{"id":16362,"date":"2023-11-16T05:04:06","date_gmt":"2023-11-16T11:04:06","guid":{"rendered":"https:\/\/www.rockylawfirm.com\/?page_id=16362"},"modified":"2023-11-16T08:24:49","modified_gmt":"2023-11-16T14:24:49","slug":"accidentes-automovilisticos","status":"publish","type":"page","link":"https:\/\/www.rockylawfirm.com\/es\/accidentes-automovilisticos\/","title":{"rendered":"Accidentes Automovil\u00edsticos"},"content":{"rendered":"\n\n\t\t\t\t<img decoding=\"async\" src=\"https:\/\/www.rockylawfirm.com\/wp-content\/uploads\/2020\/02\/Nashville-car-accident-injuries.jpeg\" alt=\"Abogados de accidentes automovil\u00edsticos en Nashville\" itemprop=\"image\" height=\"450\" width=\"1200\" title=\"Nashville car accident attorney\" onerror=\"this.style.display='none'\"  \/>\n\t<h1>Abogados de accidentes automovil\u00edsticos en Nashville<\/h1>\n<h2><strong>Con oficinas en Nashville, Hendersonville y Clarksville, siempre estamos cerca para proteger a las v\u00edctimas de accidentes automovil\u00edsticos en todo Tennessee.<\/strong><\/h2>\n<p>Realmente no existe tal cosa como un accidente automovil\u00edstico \u00abmenor\u00bb: despu\u00e9s de todo, incluso un \u00abgolpe de guardabarros\u00bb todav\u00eda tiene suficiente fuerza para doblar el metal. Con millones de autom\u00f3viles, camiones comerciales, veh\u00edculos de transporte y otros tipos de autom\u00f3viles en la carretera, las posibilidades de que tenga un accidente automovil\u00edstico son altas. La verdadera pregunta es: cuando llegue el momento, \u00bfno quiere que el abogado de accidentes automovil\u00edsticos de Nashville, que conoce y en el que conf\u00eda, luche en su nombre?<\/p>\n<p>Si ha sufrido una lesi\u00f3n catastr\u00f3fica o un ser querido ha muerto en un accidente automovil\u00edstico u otro accidente automovil\u00edstico, los abogados de accidentes automovil\u00edsticos de Nashville en Rocky McElhaney Law Firm tienen la experiencia y la habilidad para ayudarlo a reconstruir su vida y cobrar los da\u00f1os que se merece. Trabajamos duro para construir nuestra reputaci\u00f3n como negociadores h\u00e1biles y litigantes agresivos en nombre de los heridos en accidentes automovil\u00edsticos en todo el estado. Ya sea que venga a vernos a Nashville, Hendersonville o Clarksville, puede estar tranquilo de que encontrar\u00e1 un abogado especializado en accidentes automovil\u00edsticos cuando m\u00e1s lo necesite.<\/p>\n<h2>Qu\u00e9 Hacer Despu\u00e9s De Un Accidente Automovil\u00edstico<\/h2>\n<ol>\n<li>Si resulta herido en el lugar, debe subir a la ambulancia e ir al hospital para recibir tratamiento inmediato.<\/li>\n<li>Tan pronto como pueda hacerlo f\u00edsicamente, tome fotograf\u00edas del da\u00f1o a su veh\u00edculo y al veh\u00edculo que lo golpe\u00f3. Si no obtiene im\u00e1genes del veh\u00edculo que lo golpe\u00f3, a menudo la compa\u00f1\u00eda de seguros llamar\u00e1 a su accidente una abolladura y tratar\u00e1 de pagarle menos, incluso cuando no fue as\u00ed.<\/li>\n<li>Tome fotograf\u00edas de sus lesiones. Es importante documentar cualquier lesi\u00f3n f\u00edsica en su persona.<\/li>\n<li>Obtenga una copia del informe de fallos y rev\u00edselo. A menudo, hay testigos enumerados all\u00ed que son importantes para su reclamo y, a menudo, descubrimos que los oficiales de polic\u00eda obtienen la informaci\u00f3n incorrecta. Te ponen en el carril equivocado. Etiquetan mal los veh\u00edculos. Debe asegurarse de la precisi\u00f3n del informe de fallas. Y el n\u00famero cinco y probablemente lo m\u00e1s importante:<\/li>\n<li>Llame a un abogado de lesiones personales. En<em> mi firma de abogados <\/em>hemos representado a v\u00edctimas de accidentes durante casi 20 a\u00f1os. Si ha resultado lesionado en un accidente, despu\u00e9s de hacer estas cinco cosas, ll\u00e1menos para pedir ayuda. Bufete de abogados Rocky McElhaney, 615-2396755 o inicia <a href=\"mailto:sesi\u00f3nenrockylaw@rm.com\">sesi\u00f3n en rockylawfirm.com.<\/a><em>\u00a0<\/em><\/li>\n<\/ol>\n<h2>Luchando por la compensaci\u00f3n que se merece despu\u00e9s de un accidente automovil\u00edstico<\/h2>\n<p>Entendemos lo estresante y doloroso que pueden ser los accidentes automovil\u00edsticos para las v\u00edctimas y sus familias. Mientras se recupera de sus lesiones despu\u00e9s de un accidente, nuestros abogados de accidentes automovil\u00edsticos en Nashville trabajan para ayudarlo a recuperar la compensaci\u00f3n que se merece en la corte. Our law firm tiene una amplia experiencia en la representaci\u00f3n de clientes en casos de accidentes automovil\u00edsticos en todo Tennessee.<\/p>\n<h2>\u00bfQu\u00e9 tipo de accidentes provocan lesiones graves?<\/h2>\n<ul>\n<li>Colisiones traseras Colisiones frontales Colisiones laterales<\/li>\n<li>Colisiones con autom\u00f3viles, bicicletas y objetos estacionarios Accidentes en la zona de construcci\u00f3n<\/li>\n<li>Volcamientos<\/li>\n<li>Accidentes causados\u00a0 \u00a0por autom\u00f3viles defectuosos<\/li>\n<li>Accidentes de veh\u00edculos m\u00faltiples<\/li>\n<li>Denegaci\u00f3n de cobertura de seguro Choques \u00a0y accidentes graves Accidentes por conducci\u00f3n distra\u00edda<\/li>\n<li>Accidentes tipo atropello y fuga<\/li>\n<li>Accidentes de peatones Accidentes de taxi, Uber o Lyft<\/li>\n<\/ul>\n<p>Nuestros abogados son capaces de manejar cualquier tipo de caso de accidente automovil\u00edstico para nuestros clientes, tratamos cada caso con la mayor importancia y estamos dedicados a brindarles una representaci\u00f3n agresiva y dedicada en los tribunales. Luchamos con las compa\u00f1\u00edas de seguros para asegurarnos de que le brinden la cobertura y la compensaci\u00f3n a la que tiene derecho. Incluso si usted caus\u00f3 el accidente en cuesti\u00f3n, trabajamos para minimizar su responsabilidad y brindar una defensa en\u00e9rgica de su caso en la corte.<\/p>\n<h3>Lesiones comunes sufridas por v\u00edctimas de accidentes automovil\u00edsticos<\/h3>\n<p>En el bufete de abogados Rocky McElhaney, hemos trabajado con cientos de personas lesionadas en accidentes automovil\u00edsticos en Tennessee. Sabemos que el tipo de lesi\u00f3n que sufre puede sanar r\u00e1pidamente o no curarse en absoluto, y que no existe una ecuaci\u00f3n establecida para determinar la gravedad de los efectos en su vida. Nuestros abogados de accidentes automovil\u00edsticos en Nashville han representado con \u00e9xito a familias que buscan una compensaci\u00f3n despu\u00e9s de que uno de sus seres queridos sufri\u00f3:<\/p>\n<ul>\n<li>Una lesi\u00f3n cerebral traum\u00e1tica Da\u00f1o cerebral permanente Latigazos<\/li>\n<li>Una lesi\u00f3n de la m\u00e9dula espinal<\/li>\n<li>Par\u00e1lisis parcial, total, temporal y \/ o permanente.<\/li>\n<li>Cicatrices o deformaciones permanentes<\/li>\n<li>P\u00e9rdida de una extremidad<\/li>\n<li>P\u00e9rdida de visi\u00f3n o audici\u00f3n<\/li>\n<li>Da\u00f1o de \u00f3rganos o tejidos internos Lesiones de cuello, cabeza y hombros Fracturas de huesos<\/li>\n<\/ul>\n<p>En las circunstancias m\u00e1s tr\u00e1gicas, hemos representado a las familias en procedimientos por homicidio culposo como resultado de un accidente automovil\u00edstico en Tennessee.<\/p>\n<h2>\u00bfQu\u00e9 pasa si no noto ning\u00fan signo de lesi\u00f3n?<\/h2>\n<p>La hinchaz\u00f3n puede ocultar da\u00f1os internos; la adrenalina puede ayudarlo a caminar con un tobillo roto; una lesi\u00f3n cerebral traum\u00e1tica puede necesitar tiempo para presentar sus s\u00edntomas. Lo m\u00e1s importante que debe hacer despu\u00e9s de un accidente automovil\u00edstico es buscar atenci\u00f3n m\u00e9dica inmediata. Si est\u00e1 lesionado, visite a un abogado de accidentes automovil\u00edsticos en Nashville del bufete de abogados Rocky McElhaney para ver sus opciones.<\/p>\n\t<p><strong>Es Posible Que No Vea Se\u00f1ales De Inmediato<\/strong><\/p>\n<p>Lo que hay que recordar es esto: solo porque no ve inmediatamente signos de una lesi\u00f3n despu\u00e9s de un accidente automovil\u00edstico, no significa que no haya resultado herido.<\/p>\n\t<h2>Tipos de evidencia que pueden ayudar con su reclamo por accidente automovil\u00edstico en Tennessee<\/h2>\n<p>Cada caso de accidente automovil\u00edstico se gana o se pierde seg\u00fan lo convincentes que sean las pruebas. Cuanto mejor sea la evidencia, es probable que obtenga m\u00e1s dinero. Obtener evidencia suficiente implica enviar investigadores para hablar con testigos, revisar los informes policiales y hacer un estudio completo de la escena del accidente. Un abogado calificado de accidentes de coche en Nashville trabaja, si se lesiona, con sus m\u00e9dicos tratantes y los m\u00e9dicos independientes para documentar adecuadamente sus tratamientos m\u00e9dicos, el dolor f\u00edsico y el sufrimiento emocional para hacer un caso para una compensaci\u00f3n justa.<\/p>\n<h2>Evidencia en el lugar del accidente automovil\u00edstico<\/h2>\n<p>Cada caso comienza probando que otra persona caus\u00f3 su accidente. Si una persona sufre una lesi\u00f3n grave, es probable que la lleven a la sala de emergencias. Idealmente, antes de ir a la sala de emergencias, la v\u00edctima o un amigo debe:<\/p>\n<p>Obtener el nombre, la direcci\u00f3n, la licencia de conducir y la informaci\u00f3n del seguro de los otros conductores. La polic\u00eda tambi\u00e9n solicitar\u00e1 esta informaci\u00f3n de forma rutinaria.<\/p>\n<p>Obtener los nombres y la informaci\u00f3n de contacto de los testigos. Esto incluye nombres, direcciones y n\u00fameros de tel\u00e9fono. Llamar a la polic\u00eda. La polic\u00eda local debe hablar con los conductores y testigos, describir la escena y ayudar a cualquier persona que haya sufrido alg\u00fan tipo de lesi\u00f3n. Los informes policiales son una prueba fundamental.<\/p>\n<p>Tomar fotograf\u00edas. Si es posible, se deben tomar fotograf\u00edas del lugar y de los da\u00f1os a los veh\u00edculos. La ubicaci\u00f3n y<\/p>\n<p>alcance de los da\u00f1os a los veh\u00edculos a menudo pueden mostrar qui\u00e9n tuvo la culpa del accidente.<\/p>\n<p>En algunos casos, trabajamos con expertos en reconstrucci\u00f3n de tr\u00e1fico para demostrar que otro conductor caus\u00f3 la colisi\u00f3n.<\/p>\n<h2>Da\u00f1o f\u00edsico<\/h2>\n<p>Cualquier persona lesionada en un accidente automovil\u00edstico en Tennessee debe volver a tomar fotos del autom\u00f3vil antes de realizar cualquier acci\u00f3n. Deben obtener registros detallados de cualquier estimaci\u00f3n de las reparaciones del autom\u00f3vil y cualquier recibo por reparar el autom\u00f3vil. Los recibos deben dejar en claro exactamente qu\u00e9 trabajo se realiz\u00f3 y qu\u00e9 parte del autom\u00f3vil se repar\u00f3. Tambi\u00e9n se deben obtener los recibos de alquiler de autom\u00f3viles por el tiempo que no pudo conducir el autom\u00f3vil. Si el autom\u00f3vil se totaliz\u00f3, debe obtener una declaraci\u00f3n del taller de reparaci\u00f3n de autom\u00f3viles que explique por qu\u00e9 se totaliz\u00f3.<\/p>\n<h2>Lesiones f\u00edsicas<\/h2>\n<p>Esta evidencia es una parte importante de su caso. La v\u00edctima de un accidente automovil\u00edstico debe documentar cada proveedor de atenci\u00f3n m\u00e9dica que visite, cu\u00e1ndo tuvo lugar la visita y el motivo de la visita. Es aconsejable obtener los siguientes registros:<\/p>\n<p>Declaraciones del hospital que muestren las fechas de servicio y los tratamientos m\u00e9dicos para cada lesi\u00f3n, para las visitas a la sala de emergencias y por cualquier otra raz\u00f3n por la que la v\u00edctima estuvo en el hospital<\/p>\n<p>Facturas de m\u00e9dicos y res\u00famenes de servicios<\/p>\n<p>Costos de los medicamentos recetados y de venta libre<\/p>\n<p>Los costos de cualquier dispositivo m\u00e9dico, como aparatos ortop\u00e9dicos o sillas de ruedas Todas las visitas para fisioterapia, rehabilitaci\u00f3n y ocupacional<\/p>\n<p>Los registros m\u00e9dicos si la v\u00edctima vio a un psic\u00f3logo, psiquiatra o consejero de salud mental \u00a0\u00a0Los resultados de cualquier prueba de diagn\u00f3stico, como radiograf\u00edas, resonancias magn\u00e9ticas y tomograf\u00edas computarizadas<\/p>\n<p>Los pacientes tambi\u00e9n deben llevar un diario de sus dolores diarios, frustraciones y p\u00e9rdida de los placeres de la vida.<\/p>\n<h2>\u00bfPor qu\u00e9 deber\u00eda consultar a un m\u00e9dico y un abogado de inmediato?<\/h2>\n<p>La demora puede da\u00f1ar su caso legalmente. Si espera a ver a un m\u00e9dico, la compa\u00f1\u00eda de seguros y los abogados defensores argumentar\u00e1n que est\u00e1 fingiendo o hipocondriaco. Dir\u00e1n que si estuvieras realmente herido, habr\u00edas visto a un m\u00e9dico de inmediato. No le d\u00e9 ventaja a la defensa. Es<\/p>\n<p>una buena pr\u00e1ctica m\u00e9dica y legal consultar a su m\u00e9dico de cabecera o acudir a la sala de emergencias despu\u00e9s de cualquier tipo de accidente. <strong>incluso <\/strong><strong>si te sientes bien.<\/strong><\/p>\n<h2>Nivelando el campo de juego para nuestros clientes<\/h2>\n<p>Cada a\u00f1o, muchas personas se lesionan debido a fallas mec\u00e1nicas y defectos de dise\u00f1o presentes en los veh\u00edculos. Toyota recientemente fue noticia nacional por permitir a sabiendas que los autos se vendieran con aceleradores defectuosos que hac\u00edan imposible que los conductores detuvieran sus veh\u00edculos. Estos fabricantes tienen poca consideraci\u00f3n por la vida de sus clientes y, para empeorar las cosas, a menudo contratan equipos de abogados capacitados para defender sus acciones en los tribunales.<\/p>\n<p>Rocky McElhaney y su equipo de abogados de accidentes automovil\u00edsticos en Nashville trabajan para nivelar el campo de juego para nuestros clientes, y tienen los recursos y la capacidad para librar la batalla contra los fabricantes de autom\u00f3viles. Investigamos la escena del crimen a fondo y usamos expertos en reconstrucci\u00f3n de accidentes para mostrar a los jurados c\u00f3mo ocurri\u00f3 el accidente. Usamos habitualmente expertos en mec\u00e1nica y dise\u00f1o automotriz para demostrar que exist\u00edan defectos en el veh\u00edculo. Tambi\u00e9n utilizamos psic\u00f3logos certificados por la junta y expertos m\u00e9dicos altamente respetados para evaluar el alcance de sus lesiones, y contamos con expertos econ\u00f3micos que desarrollan informes detallados que muestran al juez y al jurado la cantidad de compensaci\u00f3n que debe cobrar por sus lesiones.<\/p>\n<p><strong>Hacemos un esfuerzo adicional para maximizar su compensaci\u00f3n, y no nos detendremos hasta que obtenga los resultados que se merece.<\/strong><\/p>\n\n","protected":false},"excerpt":{"rendered":"<p>Abogados de accidentes automovil\u00edsticos en Nashville Con oficinas en Nashville, Hendersonville y Clarksville, siempre estamos cerca para proteger a las v\u00edctimas de accidentes automovil\u00edsticos en todo Tennessee. Realmente no existe tal cosa como un accidente automovil\u00edstico \u00abmenor\u00bb: despu\u00e9s de todo, incluso un \u00abgolpe de guardabarros\u00bb todav\u00eda tiene suficiente fuerza para doblar el metal. Con millones&hellip;<\/p>\n","protected":false},"author":2,"featured_media":0,"parent":0,"menu_order":0,"comment_status":"closed","ping_status":"closed","template":"","meta":{"footnotes":""},"class_list":["post-16362","page","type-page","status-publish","hentry"],"yoast_head":"<!-- This site is optimized with the Yoast SEO plugin v27.3 - https:\/\/yoast.com\/product\/yoast-seo-wordpress\/ -->\n<title>Abogado de accidente automovil\u00edstico Nashville, TN<\/title>\n<meta name=\"robots\" content=\"index, follow, max-snippet:-1, max-image-preview:large, max-video-preview:-1\" \/>\n<link rel=\"canonical\" href=\"https:\/\/www.rockylawfirm.com\/es\/accidentes-automovilisticos\/\" \/>\n<meta property=\"og:locale\" content=\"es_ES\" \/>\n<meta property=\"og:type\" content=\"article\" \/>\n<meta property=\"og:title\" content=\"Abogado de accidente automovil\u00edstico Nashville, TN\" \/>\n<meta property=\"og:description\" content=\"Abogados de accidentes automovil\u00edsticos en Nashville Con oficinas en Nashville, Hendersonville y Clarksville, siempre estamos cerca para proteger a las v\u00edctimas de accidentes automovil\u00edsticos en todo Tennessee. Realmente no existe tal cosa como un accidente automovil\u00edstico \u00abmenor\u00bb: despu\u00e9s de todo, incluso un \u00abgolpe de guardabarros\u00bb todav\u00eda tiene suficiente fuerza para doblar el metal. Con millones&hellip;\" \/>\n<meta property=\"og:url\" content=\"https:\/\/www.rockylawfirm.com\/es\/accidentes-automovilisticos\/\" \/>\n<meta property=\"og:site_name\" content=\"Rocky McElhaney Law Firm: Car Accident &amp; Injury Lawyers\" \/>\n<meta property=\"article:publisher\" content=\"https:\/\/www.facebook.com\/rockylawfirm\" \/>\n<meta property=\"article:modified_time\" content=\"2023-11-16T14:24:49+00:00\" \/>\n<meta property=\"og:image\" content=\"https:\/\/www.rockylawfirm.com\/wp-content\/uploads\/2020\/02\/Nashville-car-accident-injuries.jpeg\" \/>\n<meta name=\"twitter:label1\" content=\"Tiempo de lectura\" \/>\n\t<meta name=\"twitter:data1\" content=\"9 minutos\" \/>\n<script type=\"application\/ld+json\" class=\"yoast-schema-graph\">{\"@context\":\"https:\\\/\\\/schema.org\",\"@graph\":[{\"@type\":\"WebPage\",\"@id\":\"https:\\\/\\\/www.rockylawfirm.com\\\/es\\\/accidentes-automovilisticos\\\/\",\"url\":\"https:\\\/\\\/www.rockylawfirm.com\\\/es\\\/accidentes-automovilisticos\\\/\",\"name\":\"Abogado de accidente automovil\u00edstico Nashville, TN\",\"isPartOf\":{\"@id\":\"https:\\\/\\\/www.rockylawfirm.com\\\/es\\\/#website\"},\"primaryImageOfPage\":{\"@id\":\"https:\\\/\\\/www.rockylawfirm.com\\\/es\\\/accidentes-automovilisticos\\\/#primaryimage\"},\"image\":{\"@id\":\"https:\\\/\\\/www.rockylawfirm.com\\\/es\\\/accidentes-automovilisticos\\\/#primaryimage\"},\"thumbnailUrl\":\"https:\\\/\\\/www.rockylawfirm.com\\\/wp-content\\\/uploads\\\/2020\\\/02\\\/Nashville-car-accident-injuries.jpeg\",\"datePublished\":\"2023-11-16T11:04:06+00:00\",\"dateModified\":\"2023-11-16T14:24:49+00:00\",\"inLanguage\":\"es\",\"potentialAction\":[{\"@type\":\"ReadAction\",\"target\":[\"https:\\\/\\\/www.rockylawfirm.com\\\/es\\\/accidentes-automovilisticos\\\/\"]}]},{\"@type\":\"ImageObject\",\"inLanguage\":\"es\",\"@id\":\"https:\\\/\\\/www.rockylawfirm.com\\\/es\\\/accidentes-automovilisticos\\\/#primaryimage\",\"url\":\"https:\\\/\\\/www.rockylawfirm.com\\\/wp-content\\\/uploads\\\/2020\\\/02\\\/Nashville-car-accident-injuries.jpeg\",\"contentUrl\":\"https:\\\/\\\/www.rockylawfirm.com\\\/wp-content\\\/uploads\\\/2020\\\/02\\\/Nashville-car-accident-injuries.jpeg\"},{\"@type\":\"WebSite\",\"@id\":\"https:\\\/\\\/www.rockylawfirm.com\\\/es\\\/#website\",\"url\":\"https:\\\/\\\/www.rockylawfirm.com\\\/es\\\/\",\"name\":\"Rocky McElhaney Law Firm: Car Accident &amp; Injury Lawyers\",\"description\":\"Nashville personal injury lawyers\",\"potentialAction\":[{\"@type\":\"SearchAction\",\"target\":{\"@type\":\"EntryPoint\",\"urlTemplate\":\"https:\\\/\\\/www.rockylawfirm.com\\\/es\\\/?s={search_term_string}\"},\"query-input\":{\"@type\":\"PropertyValueSpecification\",\"valueRequired\":true,\"valueName\":\"search_term_string\"}}],\"inLanguage\":\"es\"}]}<\/script>\n<!-- \/ Yoast SEO plugin. -->","yoast_head_json":{"title":"Abogado de accidente automovil\u00edstico Nashville, TN","robots":{"index":"index","follow":"follow","max-snippet":"max-snippet:-1","max-image-preview":"max-image-preview:large","max-video-preview":"max-video-preview:-1"},"canonical":"https:\/\/www.rockylawfirm.com\/es\/accidentes-automovilisticos\/","og_locale":"es_ES","og_type":"article","og_title":"Abogado de accidente automovil\u00edstico Nashville, TN","og_description":"Abogados de accidentes automovil\u00edsticos en Nashville Con oficinas en Nashville, Hendersonville y Clarksville, siempre estamos cerca para proteger a las v\u00edctimas de accidentes automovil\u00edsticos en todo Tennessee. Realmente no existe tal cosa como un accidente automovil\u00edstico \u00abmenor\u00bb: despu\u00e9s de todo, incluso un \u00abgolpe de guardabarros\u00bb todav\u00eda tiene suficiente fuerza para doblar el metal. Con millones&hellip;","og_url":"https:\/\/www.rockylawfirm.com\/es\/accidentes-automovilisticos\/","og_site_name":"Rocky McElhaney Law Firm: Car Accident &amp; Injury Lawyers","article_publisher":"https:\/\/www.facebook.com\/rockylawfirm","article_modified_time":"2023-11-16T14:24:49+00:00","og_image":[{"url":"https:\/\/www.rockylawfirm.com\/wp-content\/uploads\/2020\/02\/Nashville-car-accident-injuries.jpeg","type":"","width":"","height":""}],"twitter_misc":{"Tiempo de lectura":"9 minutos"},"schema":{"@context":"https:\/\/schema.org","@graph":[{"@type":"WebPage","@id":"https:\/\/www.rockylawfirm.com\/es\/accidentes-automovilisticos\/","url":"https:\/\/www.rockylawfirm.com\/es\/accidentes-automovilisticos\/","name":"Abogado de accidente automovil\u00edstico Nashville, TN","isPartOf":{"@id":"https:\/\/www.rockylawfirm.com\/es\/#website"},"primaryImageOfPage":{"@id":"https:\/\/www.rockylawfirm.com\/es\/accidentes-automovilisticos\/#primaryimage"},"image":{"@id":"https:\/\/www.rockylawfirm.com\/es\/accidentes-automovilisticos\/#primaryimage"},"thumbnailUrl":"https:\/\/www.rockylawfirm.com\/wp-content\/uploads\/2020\/02\/Nashville-car-accident-injuries.jpeg","datePublished":"2023-11-16T11:04:06+00:00","dateModified":"2023-11-16T14:24:49+00:00","inLanguage":"es","potentialAction":[{"@type":"ReadAction","target":["https:\/\/www.rockylawfirm.com\/es\/accidentes-automovilisticos\/"]}]},{"@type":"ImageObject","inLanguage":"es","@id":"https:\/\/www.rockylawfirm.com\/es\/accidentes-automovilisticos\/#primaryimage","url":"https:\/\/www.rockylawfirm.com\/wp-content\/uploads\/2020\/02\/Nashville-car-accident-injuries.jpeg","contentUrl":"https:\/\/www.rockylawfirm.com\/wp-content\/uploads\/2020\/02\/Nashville-car-accident-injuries.jpeg"},{"@type":"WebSite","@id":"https:\/\/www.rockylawfirm.com\/es\/#website","url":"https:\/\/www.rockylawfirm.com\/es\/","name":"Rocky McElhaney Law Firm: Car Accident &amp; Injury Lawyers","description":"Nashville personal injury lawyers","potentialAction":[{"@type":"SearchAction","target":{"@type":"EntryPoint","urlTemplate":"https:\/\/www.rockylawfirm.com\/es\/?s={search_term_string}"},"query-input":{"@type":"PropertyValueSpecification","valueRequired":true,"valueName":"search_term_string"}}],"inLanguage":"es"}]}},"_links":{"self":[{"href":"https:\/\/www.rockylawfirm.com\/es\/wp-json\/wp\/v2\/pages\/16362","targetHints":{"allow":["GET"]}}],"collection":[{"href":"https:\/\/www.rockylawfirm.com\/es\/wp-json\/wp\/v2\/pages"}],"about":[{"href":"https:\/\/www.rockylawfirm.com\/es\/wp-json\/wp\/v2\/types\/page"}],"author":[{"embeddable":true,"href":"https:\/\/www.rockylawfirm.com\/es\/wp-json\/wp\/v2\/users\/2"}],"replies":[{"embeddable":true,"href":"https:\/\/www.rockylawfirm.com\/es\/wp-json\/wp\/v2\/comments?post=16362"}],"version-history":[{"count":0,"href":"https:\/\/www.rockylawfirm.com\/es\/wp-json\/wp\/v2\/pages\/16362\/revisions"}],"wp:attachment":[{"href":"https:\/\/www.rockylawfirm.com\/es\/wp-json\/wp\/v2\/media?parent=16362"}],"curies":[{"name":"wp","href":"https:\/\/api.w.org\/{rel}","templated":true}]}}