{"id":16367,"date":"2023-11-16T05:20:10","date_gmt":"2023-11-16T11:20:10","guid":{"rendered":"https:\/\/www.rockylawfirm.com\/?page_id=16367"},"modified":"2023-11-16T08:21:51","modified_gmt":"2023-11-16T14:21:51","slug":"accidentes-de-camiones","status":"publish","type":"page","link":"https:\/\/www.rockylawfirm.com\/es\/accidentes-de-camiones\/","title":{"rendered":"Accidentes de Camiones"},"content":{"rendered":"\r\n<p><img decoding=\"async\" title=\"Nashville Truck Accident Lawyers\" src=\"https:\/\/www.rockylawfirm.com\/wp-content\/uploads\/2012\/04\/truck-speeding.jpg\" alt=\"Nashville Truck Accident Lawyers\" width=\"777\" height=\"428\" \/><\/p>\r\n<h1>Los abogados de accidentes de camiones de Nashville lo ayudan a proteger a su familia<\/h1>\r\n<h2>Poni\u00e9ndole en el camino hacia la recuperaci\u00f3n en las oficinas de Nashville, Hendersonville y Knoxville<\/h2>\r\n<p>Tennessee es un importante puerto de escala para los camioneros; algunos de los nombres m\u00e1s importantes del pa\u00eds en la fabricaci\u00f3n se encuentran aqu\u00ed, en el Estado Voluntario. Debido a la gran cantidad de camiones comerciales en la carretera en un momento dado, aumenta el riesgo de verse involucrado en un accidente.<\/p>\r\n<p>Los abogados de accidentes de camiones de Nashville de Rocky McElhaney Law Firm pelean en nombre de las v\u00edctimas lesionadas en accidentes de camiones en Tennessee. Nuestro dedicado equipo de abogados de accidentes de camiones en Nashville puso toda su fuerza detr\u00e1s de los clientes que han estado involucrados en accidentes de camiones grandes y de 18 ruedas. Utilizamos tecnolog\u00eda de punta y un enfoque proactivo para asegurarnos de estar completamente preparados para cada caso, desde el momento en que ingresa a nuestra oficina. Lo recibir\u00e1 un equipo amable y cort\u00e9s de personal y abogados cuya \u00fanica prioridad es proteger sus derechos, para que pueda concentrarse en recuperarse.<\/p>\r\n<h2>Abogados de accidentes de camiones de Nashville que brindan una representaci\u00f3n apasionada para las v\u00edctimas de accidentes<\/h2>\r\n<p>Los accidentes de camiones son responsables de un alto porcentaje de muertes en carreteras en Tennessee. Debido a su tama\u00f1o, los semirremolques y los camiones de 18 ruedas causan una cantidad incalculable de da\u00f1os cuando chocan. Como resultado, las lesiones resultantes de estos accidentes suelen poner en peligro la vida, entre ellas:<\/p>\r\n<ul>\r\n<li>Lesiones Cerebrales<\/li>\r\n<li>Desfiguraci\u00f3n permanente<\/li>\r\n<li>Quemaduras severas<\/li>\r\n<li>Huesos rotos y destrozados<\/li>\r\n<li>Lesiones de la m\u00e9dula espinal<\/li>\r\n<li>Accidentes cerebrovasculares y ataques card\u00edacos<\/li>\r\n<\/ul>\r\n<p>Sabemos cu\u00e1n graves estas lesiones pueden ser y lo dif\u00edcil que es para las familias superar la monta\u00f1a de facturas m\u00e9dicas en las que han incurrido. Nuestros abogados estamos dedicados a brindar a los clientes una representaci\u00f3n agresiva en los tribunales, y utilizamos todos los recursos disponibles para obtener los mejores resultados en los acuerdos y en los juicios.<\/p>\r\n<h2>\u00bfCu\u00e1les son las principales causas de accidentes de camiones en Tennessee?<\/h2>\r\n<p>Sabemos que un accidente de tractor con remolque en Tennessee puede provocar algunas lesiones catastr\u00f3ficas; tambi\u00e9n sabemos que es m\u00e1s probable que ciertos factores conduzcan a ese tipo de accidente. Aqu\u00ed en RML, trabajamos con personas como usted que resultaron heridas en un accidente relacionado con un cami\u00f3n debido a:<\/p>\r\n<ul>\r\n<li><strong>Error de controlador. <\/strong>La causa principal de la mayor\u00eda de los accidentes automovil\u00edsticos (sin importar el tama\u00f1o del veh\u00edculo) es error del conductor. Conductores distra\u00eddos y conductores fatigados, as\u00ed como los que son por conducci\u00f3n imprudente a exceso de velocidad o conducir en estado de ebriedad, representan una seria amenaza para los veh\u00edculos de pasajeros.<\/li>\r\n<li><strong>Fallos mec\u00e1nicos. <\/strong>Los conductores de camiones en Tennessee (y en todo el pa\u00eds) deben mantener sus veh\u00edculos y se supone que sus supervisores deben proporcionar otra ronda de controles. Si un conductor se sube a un cami\u00f3n grande con neum\u00e1ticos gastados, frenos defectuosos o una palanca de cambios rota, tanto el conductor como los autos que lo rodean podr\u00edan estar en<\/li>\r\n<li><strong>Partes defectuosas<\/strong>. A veces la falla mec\u00e1nica de un cami\u00f3n tiene poco o nada que ver con el controlador y todo que ver con el fabricante. Nuestros abogados de accidentes de camiones en Nashville pueden ayudarlo si se lesion\u00f3 debido a un fallo de dise\u00f1o, producci\u00f3n o fabricaci\u00f3n en las piezas de un cami\u00f3n.<\/li>\r\n<li><strong>El <\/strong>Los conductores de camiones grandes tienen una ligera ventaja cuando se trata de visibilidad con mal tiempo, porque est\u00e1n m\u00e1s arriba que los autos, pero no ayuda cuando los autos est\u00e1n justo al lado de ellos o cuando hay niebla. Carreteras resbaladizas o congeladas, escombros en la carretera, lluvia que cae en l\u00e1minas, todo esto puede contribuir a un choque con un remolque de tractor, que puede ser demasiado grande para detenerse a tiempo.<\/li>\r\n<\/ul>\r\n<p>Los camiones comerciales brindan una protecci\u00f3n m\u00ednima a sus conductores en caso de choque y menos a\u00fan a los dem\u00e1s veh\u00edculos involucrados. En Rocky McElhaney Law Firm, nuestros abogados de accidentes de camiones en Nashville investigan todas las posibles razones detr\u00e1s de su accidente de cami\u00f3n y documentan sus lesiones. Si el conductor no pudo verlo al dar la vuelta a una curva ciega, si conduc\u00eda con pocas horas de sue\u00f1o porque su jefe lo oblig\u00f3 a trabajar m\u00e1s all\u00e1 de las horas legales o el requisito de servicio, o si el cami\u00f3n ten\u00eda un cableado defectuoso, o cualquier escenario imaginable que lo llev\u00f3 a su accidente de cami\u00f3n: nuestro equipo calificado de abogados de accidentes de cami\u00f3n en Nashville est\u00e1 a su lado, luchando por proteger su futuro.<\/p>\r\n<h2>Los choques relacionados con el clima pueden ser mortales<\/h2>\r\n<p>La Administraci\u00f3n Nacional de Seguridad Tr\u00e1fico de Carreteras (NHTSA) informa que aproximadamente una cuarta parte de los accidentes de tr\u00e1fico en los Estados Unidos est\u00e1n relacionados con el clima. Las condiciones clim\u00e1ticas como el viento, la lluvia, la niebla, la nieve, el granizo y el hielo pueden hacer que sea casi imposible controlar un veh\u00edculo de 10,000 libras en la carretera. Las carreteras empapadas de lluvia son muy peligrosas porque las tormentas reducen la visibilidad del conductor, hacen que las carreteras est\u00e9n deslizantes y resbaladizas, y la lluvia y la niebla azotadas por el viento reducen la visibilidad y aumentan la distancia de frenado para camiones comerciales grandes.<\/p>\r\n<h2>Seguridad del conductor de cami\u00f3n en caso de mal tiempo<\/h2>\r\n<p>Cuando un conductor de cami\u00f3n no est\u00e1 conduciendo, no est\u00e1 ganando dinero, por lo que puede tener una tendencia a superar sus l\u00edmites en lugar de detener el cami\u00f3n para permitir que pase el clima. Para estar seguros en caso de mal tiempo, los conductores de camiones deben estar preparados para:<\/p>\r\n<ul>\r\n<li>Reduzca la velocidad cuando llueva, granice o nieve<\/li>\r\n<li>Tenga en cuenta las carreteras mojadas y heladas al reducir la velocidad, girar y detenerse<\/li>\r\n<li>Encienda las luces delanteras cuando llueva, granice, nieve y haya niebla<\/li>\r\n<\/ul>\r\n<p>Sumado al peligro subyacente de las malas condiciones clim\u00e1ticas, los conductores de camiones que conducen borrachos, mientras est\u00e1n somnolientos o drogados, o que van a exceso de velocidad, pueden causar un accidente grave en el que los pasajeros de otros veh\u00edculos pueden sufrir lesiones catastr\u00f3ficas y muertes.<\/p>\r\n<h3>camiones en Nashville pueden ayudar<\/h3>\r\n<p>Las leyes de camiones y transporte son complicadas; elegir el abogado adecuado para sus necesidades no deber\u00eda serlo. The Rocky McElhaney Law Firm en Nashville pelea por sus derechos cuando ha sufrido una lesi\u00f3n debido a un accidente de cami\u00f3n. Para programar una consulta inicial gratuita, llame al 615-239-6755 o llene nuestro Formulario De Contacto. Estamos orgullosos de ayudar a clientes de todo Tennessee, incluidos Murfreesboro, Chattanooga, Memphis, Columbia, Knoxville, Hendersonville y Kingsport.<\/p>\r\n","protected":false},"excerpt":{"rendered":"<p>Los abogados de accidentes de camiones de Nashville lo ayudan a proteger a su familia Poni\u00e9ndole en el camino hacia la recuperaci\u00f3n en las oficinas de Nashville, Hendersonville y Knoxville Tennessee es un importante puerto de escala para los camioneros; algunos de los nombres m\u00e1s importantes del pa\u00eds en la fabricaci\u00f3n se encuentran aqu\u00ed, en&hellip;<\/p>\n","protected":false},"author":2,"featured_media":18518,"parent":0,"menu_order":1,"comment_status":"closed","ping_status":"closed","template":"","meta":{"footnotes":""},"class_list":["post-16367","page","type-page","status-publish","has-post-thumbnail","hentry"],"yoast_head":"<!-- This site is optimized with the Yoast SEO plugin v27.3 - https:\/\/yoast.com\/product\/yoast-seo-wordpress\/ -->\n<title>Abogados de accidentes de camiones en Nashville, TN<\/title>\n<meta name=\"robots\" content=\"index, follow, max-snippet:-1, max-image-preview:large, max-video-preview:-1\" \/>\n<link rel=\"canonical\" href=\"https:\/\/www.rockylawfirm.com\/es\/accidentes-de-camiones\/\" \/>\n<meta property=\"og:locale\" content=\"es_ES\" \/>\n<meta property=\"og:type\" content=\"article\" \/>\n<meta property=\"og:title\" content=\"Abogados de accidentes de camiones en Nashville, TN\" \/>\n<meta property=\"og:description\" content=\"Los abogados de accidentes de camiones de Nashville lo ayudan a proteger a su familia Poni\u00e9ndole en el camino hacia la recuperaci\u00f3n en las oficinas de Nashville, Hendersonville y Knoxville Tennessee es un importante puerto de escala para los camioneros; algunos de los nombres m\u00e1s importantes del pa\u00eds en la fabricaci\u00f3n se encuentran aqu\u00ed, en&hellip;\" \/>\n<meta property=\"og:url\" content=\"https:\/\/www.rockylawfirm.com\/es\/accidentes-de-camiones\/\" \/>\n<meta property=\"og:site_name\" content=\"Rocky McElhaney Law Firm: Car Accident &amp; Injury Lawyers\" \/>\n<meta property=\"article:publisher\" content=\"https:\/\/www.facebook.com\/rockylawfirm\" \/>\n<meta property=\"article:modified_time\" content=\"2023-11-16T14:21:51+00:00\" \/>\n<meta property=\"og:image\" content=\"https:\/\/www.rockylawfirm.com\/wp-content\/uploads\/2022\/08\/blue-truck.jpg\" \/>\n\t<meta property=\"og:image:width\" content=\"1401\" \/>\n\t<meta property=\"og:image:height\" content=\"894\" \/>\n\t<meta property=\"og:image:type\" content=\"image\/jpeg\" \/>\n<meta name=\"twitter:label1\" content=\"Tiempo de lectura\" \/>\n\t<meta name=\"twitter:data1\" content=\"6 minutos\" \/>\n<script type=\"application\/ld+json\" class=\"yoast-schema-graph\">{\"@context\":\"https:\\\/\\\/schema.org\",\"@graph\":[{\"@type\":\"WebPage\",\"@id\":\"https:\\\/\\\/www.rockylawfirm.com\\\/es\\\/accidentes-de-camiones\\\/\",\"url\":\"https:\\\/\\\/www.rockylawfirm.com\\\/es\\\/accidentes-de-camiones\\\/\",\"name\":\"Abogados de accidentes de camiones en Nashville, TN\",\"isPartOf\":{\"@id\":\"https:\\\/\\\/www.rockylawfirm.com\\\/es\\\/#website\"},\"primaryImageOfPage\":{\"@id\":\"https:\\\/\\\/www.rockylawfirm.com\\\/es\\\/accidentes-de-camiones\\\/#primaryimage\"},\"image\":{\"@id\":\"https:\\\/\\\/www.rockylawfirm.com\\\/es\\\/accidentes-de-camiones\\\/#primaryimage\"},\"thumbnailUrl\":\"https:\\\/\\\/www.rockylawfirm.com\\\/wp-content\\\/uploads\\\/2022\\\/08\\\/blue-truck.jpg\",\"datePublished\":\"2023-11-16T11:20:10+00:00\",\"dateModified\":\"2023-11-16T14:21:51+00:00\",\"inLanguage\":\"es\",\"potentialAction\":[{\"@type\":\"ReadAction\",\"target\":[\"https:\\\/\\\/www.rockylawfirm.com\\\/es\\\/accidentes-de-camiones\\\/\"]}]},{\"@type\":\"ImageObject\",\"inLanguage\":\"es\",\"@id\":\"https:\\\/\\\/www.rockylawfirm.com\\\/es\\\/accidentes-de-camiones\\\/#primaryimage\",\"url\":\"https:\\\/\\\/www.rockylawfirm.com\\\/wp-content\\\/uploads\\\/2022\\\/08\\\/blue-truck.jpg\",\"contentUrl\":\"https:\\\/\\\/www.rockylawfirm.com\\\/wp-content\\\/uploads\\\/2022\\\/08\\\/blue-truck.jpg\",\"width\":1401,\"height\":894,\"caption\":\"Truck Accident Lawyers\"},{\"@type\":\"WebSite\",\"@id\":\"https:\\\/\\\/www.rockylawfirm.com\\\/es\\\/#website\",\"url\":\"https:\\\/\\\/www.rockylawfirm.com\\\/es\\\/\",\"name\":\"Rocky McElhaney Law Firm: Car Accident &amp; Injury Lawyers\",\"description\":\"Nashville personal injury lawyers\",\"potentialAction\":[{\"@type\":\"SearchAction\",\"target\":{\"@type\":\"EntryPoint\",\"urlTemplate\":\"https:\\\/\\\/www.rockylawfirm.com\\\/es\\\/?s={search_term_string}\"},\"query-input\":{\"@type\":\"PropertyValueSpecification\",\"valueRequired\":true,\"valueName\":\"search_term_string\"}}],\"inLanguage\":\"es\"}]}<\/script>\n<!-- \/ Yoast SEO plugin. -->","yoast_head_json":{"title":"Abogados de accidentes de camiones en Nashville, TN","robots":{"index":"index","follow":"follow","max-snippet":"max-snippet:-1","max-image-preview":"max-image-preview:large","max-video-preview":"max-video-preview:-1"},"canonical":"https:\/\/www.rockylawfirm.com\/es\/accidentes-de-camiones\/","og_locale":"es_ES","og_type":"article","og_title":"Abogados de accidentes de camiones en Nashville, TN","og_description":"Los abogados de accidentes de camiones de Nashville lo ayudan a proteger a su familia Poni\u00e9ndole en el camino hacia la recuperaci\u00f3n en las oficinas de Nashville, Hendersonville y Knoxville Tennessee es un importante puerto de escala para los camioneros; algunos de los nombres m\u00e1s importantes del pa\u00eds en la fabricaci\u00f3n se encuentran aqu\u00ed, en&hellip;","og_url":"https:\/\/www.rockylawfirm.com\/es\/accidentes-de-camiones\/","og_site_name":"Rocky McElhaney Law Firm: Car Accident &amp; Injury Lawyers","article_publisher":"https:\/\/www.facebook.com\/rockylawfirm","article_modified_time":"2023-11-16T14:21:51+00:00","og_image":[{"width":1401,"height":894,"url":"https:\/\/www.rockylawfirm.com\/wp-content\/uploads\/2022\/08\/blue-truck.jpg","type":"image\/jpeg"}],"twitter_misc":{"Tiempo de lectura":"6 minutos"},"schema":{"@context":"https:\/\/schema.org","@graph":[{"@type":"WebPage","@id":"https:\/\/www.rockylawfirm.com\/es\/accidentes-de-camiones\/","url":"https:\/\/www.rockylawfirm.com\/es\/accidentes-de-camiones\/","name":"Abogados de accidentes de camiones en Nashville, TN","isPartOf":{"@id":"https:\/\/www.rockylawfirm.com\/es\/#website"},"primaryImageOfPage":{"@id":"https:\/\/www.rockylawfirm.com\/es\/accidentes-de-camiones\/#primaryimage"},"image":{"@id":"https:\/\/www.rockylawfirm.com\/es\/accidentes-de-camiones\/#primaryimage"},"thumbnailUrl":"https:\/\/www.rockylawfirm.com\/wp-content\/uploads\/2022\/08\/blue-truck.jpg","datePublished":"2023-11-16T11:20:10+00:00","dateModified":"2023-11-16T14:21:51+00:00","inLanguage":"es","potentialAction":[{"@type":"ReadAction","target":["https:\/\/www.rockylawfirm.com\/es\/accidentes-de-camiones\/"]}]},{"@type":"ImageObject","inLanguage":"es","@id":"https:\/\/www.rockylawfirm.com\/es\/accidentes-de-camiones\/#primaryimage","url":"https:\/\/www.rockylawfirm.com\/wp-content\/uploads\/2022\/08\/blue-truck.jpg","contentUrl":"https:\/\/www.rockylawfirm.com\/wp-content\/uploads\/2022\/08\/blue-truck.jpg","width":1401,"height":894,"caption":"Truck Accident Lawyers"},{"@type":"WebSite","@id":"https:\/\/www.rockylawfirm.com\/es\/#website","url":"https:\/\/www.rockylawfirm.com\/es\/","name":"Rocky McElhaney Law Firm: Car Accident &amp; Injury Lawyers","description":"Nashville personal injury lawyers","potentialAction":[{"@type":"SearchAction","target":{"@type":"EntryPoint","urlTemplate":"https:\/\/www.rockylawfirm.com\/es\/?s={search_term_string}"},"query-input":{"@type":"PropertyValueSpecification","valueRequired":true,"valueName":"search_term_string"}}],"inLanguage":"es"}]}},"_links":{"self":[{"href":"https:\/\/www.rockylawfirm.com\/es\/wp-json\/wp\/v2\/pages\/16367","targetHints":{"allow":["GET"]}}],"collection":[{"href":"https:\/\/www.rockylawfirm.com\/es\/wp-json\/wp\/v2\/pages"}],"about":[{"href":"https:\/\/www.rockylawfirm.com\/es\/wp-json\/wp\/v2\/types\/page"}],"author":[{"embeddable":true,"href":"https:\/\/www.rockylawfirm.com\/es\/wp-json\/wp\/v2\/users\/2"}],"replies":[{"embeddable":true,"href":"https:\/\/www.rockylawfirm.com\/es\/wp-json\/wp\/v2\/comments?post=16367"}],"version-history":[{"count":0,"href":"https:\/\/www.rockylawfirm.com\/es\/wp-json\/wp\/v2\/pages\/16367\/revisions"}],"wp:featuredmedia":[{"embeddable":true,"href":"https:\/\/www.rockylawfirm.com\/es\/wp-json\/wp\/v2\/media\/18518"}],"wp:attachment":[{"href":"https:\/\/www.rockylawfirm.com\/es\/wp-json\/wp\/v2\/media?parent=16367"}],"curies":[{"name":"wp","href":"https:\/\/api.w.org\/{rel}","templated":true}]}}