{"id":16371,"date":"2023-11-16T05:10:27","date_gmt":"2023-11-16T11:10:27","guid":{"rendered":"https:\/\/www.rockylawfirm.com\/?page_id=16371"},"modified":"2025-03-18T03:12:50","modified_gmt":"2025-03-18T09:12:50","slug":"accidentes-de-motocicleta","status":"publish","type":"page","link":"https:\/\/www.rockylawfirm.com\/es\/accidentes-de-motocicleta\/","title":{"rendered":"Accidentes de Motocicleta"},"content":{"rendered":"\r\n<p><img decoding=\"async\" title=\"Nashville Motorcycle Accident Lawyers\" src=\"https:\/\/www.rockylawfirm.com\/wp-content\/uploads\/2015\/10\/motorcycle4.jpg\" alt=\"Nashville Motorcycle Accident Lawyers\" width=\"782\" height=\"351\" \/><\/p>\r\n<h1>Abogados de confianza, en accidentes de motocicleta, en Nashville a su lado<\/h1>\r\n<h2>Ya sea que conduzca un Hog o un Honda, anteponemos los derechos de los motociclistas<\/h2>\r\n<p>En un hermoso d\u00eda, no se puede superar la libertad de sacar su bicicleta a dar una vuelta por las majestuosas carreteras de Tennessee. Desde las colinas onduladas de Tennessee Bottoms, hasta las monta\u00f1as de Blue Ridge, la llamada de la carretera abierta se puede escuchar fuerte y clara. Pero los motociclistas se enfrentan a un ej\u00e9rcito de veh\u00edculos potencialmente mortales cada vez que sus ruedas golpean el pavimento. Los camioneros comerciales no siempre pueden verle, y no todos los automovilistas est\u00e1n tan familiarizados con las reglas de la carretera como usted.<\/p>\r\n<p>En el Bufete de abogados <a href=\"https:\/\/www.rockylawfirm.com\/es\/rocky-mcelhaney\/\"  data-wpil-monitor-id=\"29\">Rocky McElhaney<\/a>, sabemos las consecuencias potencialmente mortales que enfrentan los ciclistas cuando se ven involucrados en un accidente automovil\u00edstico o cuando las carreteras tienen condiciones menos que ideales. Nuestros abogados reconocen las luchas que enfrentan los ciclistas y est\u00e1n comprometidos a brindarle la compensaci\u00f3n que necesita para reconstruir su motocicleta, su cuerpo y su vida despu\u00e9s de un accidente.<\/p>\r\n<h2>\u00bfCu\u00e1les son las principales causas de accidentes de motocicleta en Nashville?<\/h2>\r\n<p>La mayor\u00eda de los accidentes de motocicleta son el resultado de una de estas tres cosas: otros conductores, errores del conductor o piezas \/ carreteras defectuosas.<\/p>\r\n<h3>La negligencia de otros conductores conduce a accidentes de motocicleta<\/h3>\r\n<p>Conductores de carros, camiones, otras motocicletas y otros veh\u00edculos m\u00e1s grandes a menudo causan choques porque no respetan el derecho de la motocicleta a estar en la carretera o porque no entienden c\u00f3mo responder cuando ven una motocicleta. Algunas de las muchas razones por las que los conductores de otros veh\u00edculos provocan accidentes de motocicleta incluyen:<\/p>\r\n<ul>\r\n<li>No darle al conductor de la motocicleta suficiente espacio para pasar<\/li>\r\n<li>Conducir ebrio<\/li>\r\n<li>Conducci\u00f3n distra\u00edda<\/li>\r\n<li>Exceso de velocidad<\/li>\r\n<li>No controlar sus puntos ciegos<\/li>\r\n<li>No obedecer las reglas de la carretera<\/li>\r\n<li>No entender las se\u00f1ales de mano<\/li>\r\n<\/ul>\r\n<h2>La negligencia del conductor puede provocar un accidente de motocicleta<\/h2>\r\n<p>En algunos casos, el propio motociclista act\u00faa con negligencia al acelerar, tomar curvas demasiado r\u00e1pido o incluso conducir ebrio. Muchos accidentes de motocicleta causan lesiones a otros operadores de motocicletas y a los pasajeros porque los conductores no tienen la experiencia suficiente para manejar sus motocicletas. Los operadores deben comprender:<\/p>\r\n<ul>\r\n<li>C\u00f3mo conducir con otros conductores de motocicletas<\/li>\r\n<li>C\u00f3mo girar<\/li>\r\n<li>C\u00f3mo conducir con mal tiempo<\/li>\r\n<li>C\u00f3mo conducir en superficies irregulares<\/li>\r\n<li>Cuando se permite la divisi\u00f3n de carriles<\/li>\r\n<li>C\u00f3mo prepararse para diferentes tipos de emergencias<\/li>\r\n<\/ul>\r\n<h2>Las piezas defectuosas de la motocicleta y las carreteras peligrosas pueden provocar accidentes<\/h2>\r\n<p>Las motocicletas son especialmente propensas a fallas mec\u00e1nicas, y solo un defecto puede tener consecuencias catastr\u00f3ficas para su conductor. Los defectos de la motocicleta incluyen sistemas de combustible defectuosos, frenos que no funcionan, neum\u00e1ticos defectuosos y cascos defectuosos. Si alguna pieza de la motocicleta est\u00e1 defectuosa y el defecto conduce a sus lesiones, entonces puede presentar reclamaciones contra:<\/p>\r\n<ul>\r\n<li>Los fabricantes de las piezas defectuosas de la motocicleta<\/li>\r\n<li>Los distribuidores de las piezas defectuosas<\/li>\r\n<li>Los vendedores de las piezas defectuosas<\/li>\r\n<\/ul>\r\n<p>Los defectos de la carretera son un poco diferentes. Todav\u00eda est\u00e1 haciendo un reclamo de que el dise\u00f1o de la carretera o los materiales utilizados en su construcci\u00f3n eran defectuosos, o que el mantenimiento deficiente (como baches sin limpiar, deslaves o follaje descuidado, etc.) provoc\u00f3 sus lesiones; sin embargo, en caso de un defecto de la carretera o un camino peligroso, se hace un reclamo contra el gobierno que controla la carretera. Existen reglas espec\u00edficas sobre c\u00f3mo demandar a un gobierno, y el plazo de prescripci\u00f3n generalmente es de solo 1 a\u00f1o, por lo que es imperativo que act\u00fae con rapidez.<\/p>\r\n<h2>\u00bfPor qu\u00e9 son tan peligrosos los accidentes de motocicleta?<\/h2>\r\n<p>De acuerdo con el Instituto de Informaci\u00f3n de Seguros, m\u00e1s de 5.100 personas murieron en accidentes de motocicleta en 2017. Seg\u00fan el Administraci\u00f3n Nacional de Seguridad del Tr\u00e1nsito en Carreteras (NHTSA), los motociclistas ten\u00edan 27 veces m\u00e1s probabilidades de morir en un accidente que los ocupantes de los autom\u00f3viles de pasajeros.<\/p>\r\n<p>Los accidentes de motocicleta son a menudo m\u00e1s mortales y causan lesiones m\u00e1s catastr\u00f3ficas que los accidentes automovil\u00edsticos o de camiones porque las motocicletas ofrecen poca o ninguna protecci\u00f3n. A diferencia de los autom\u00f3viles, las motocicletas no tienen cap\u00f3, frente, ba\u00fal o costados para proteger a los pasajeros. Tambi\u00e9n pesan mucho menos, lo que significa que el impacto f\u00edsico en la motocicleta es mucho mayor que el de los veh\u00edculos m\u00e1s grandes.<\/p>\r\n<p>Es m\u00e1s probable que el mal tiempo, los caminos irregulares, los atropellamientos y otros factores del camino causen un accidente fatal de motocicleta.<\/p>\r\n<h2>\u00bfCu\u00e1les son los tipos comunes de lesiones por accidentes de motocicleta?<\/h2>\r\n<p>Como todo el cuerpo est\u00e1 expuesto mientras conduce, tiene una mayor probabilidad de sufrir lesiones graves si se ve involucrado en un accidente de motocicleta. Nuestros abogados de Tennessee han ayudado a obtener compensaci\u00f3n para motociclistas con:<\/p>\r\n<ul>\r\n<li>Brazo de motociclista, causado por da\u00f1o a los nervios en una ca\u00edda.<\/li>\r\n<li>Fracturas de huesos y extremidades, incluida la parte del cuerpo del t\u00f3rax.<\/li>\r\n<li>Conmociones cerebrales y lesiones cerebrales traum\u00e1ticas<\/li>\r\n<li>Desfiguraci\u00f3n facial<\/li>\r\n<li>Hemorragia interna o da\u00f1o org\u00e1nico<\/li>\r\n<li>Par\u00e1lisis permanente o temporal<\/li>\r\n<li>Da\u00f1o de los tejidos blandos de la piel y los m\u00fasculos causado por la erupci\u00f3n de la carretera, que puede provocar una infecci\u00f3n.<\/li>\r\n<li>Da\u00f1o de la m\u00e9dula espinal<\/li>\r\n<\/ul>\r\n<h2>\u00bfCu\u00e1nto vale mi lesi\u00f3n por accidente de motocicleta?<\/h2>\r\n<p>No hay una cantidad fija de dinero que pueda garantizarse para un reclamo por lesiones por accidente de motocicleta porque cada reclamo es diferente, al igual que las p\u00e9rdidas de cada persona lesionada. Si sufri\u00f3 lesiones y p\u00e9rdidas verdaderamente catastr\u00f3ficas, su reclamo puede valer m\u00e1s, pero no hay garant\u00eda. Sin embargo, seg\u00fan la ley de Tennessee, puede presentar un reclamo por:<\/p>\r\n<ul>\r\n<li>Gastos m\u00e9dicos y da\u00f1os asociados, como rehabilitaci\u00f3n, procedimientos quir\u00fargicos y \/ o pr\u00f3tesis<\/li>\r\n<li>P\u00e9rdida de propiedades, incluido el costo de reemplazo de la motocicleta<\/li>\r\n<li>Salarios perdidos, incluida la p\u00e9rdida del potencial de ingresos futuros<\/li>\r\n<li>Dolor y sufrimiento, tanto f\u00edsicos como mentales<\/li>\r\n<li>Costos de funeral y entierro, si las lesiones son fatales<\/li>\r\n<\/ul>\r\n<p>Tambi\u00e9n hemos representado con \u00e9xito a familias cuando un accidente conduce a una tr\u00e1gica muerte injusta. En el bufete de abogados Rocky McElhaney, tratamos a los motociclistas y sus familias con respeto y dignidad. Queremos que se concentre en su recuperaci\u00f3n, por eso nos esforzamos por crear una atm\u00f3sfera libre de estr\u00e9s para que pueda discutir su caso.<\/p>\r\n<p>Pero no confunda nuestra oficina amistosa y acogedora con la debilidad; estamos entre las principales empresas de litigios civiles de Nashville por una raz\u00f3n. Nuestra tenacidad nos llev\u00f3 a m\u00faltiples veredictos de millones de d\u00f3lares en nombre de nuestras v\u00edctimas de lesiones. Cuando desee un equipo agresivo de abogados que no se detengan ante nada para obtener la compensaci\u00f3n que se merece, los encontrar\u00e1 aqu\u00ed en el bufete de abogados Rocky McElhaney.<\/p>\r\n<h3>Deje que nuestra familia luche por usted despu\u00e9s de haber estado en un accidente de motocicleta en Tennessee<\/h3>\r\n<p>Ya sea que su Harley se volc\u00f3 debido a las malas condiciones de la carretera o un conductor lo atropell\u00f3 durante un viaje ben\u00e9fico, el bufete de abogados Rocky McElhaney en Nashville tiene las experiencias y los recursos que desea de su lado. Respetamos a los motociclistas y sus derechos, y no nos retractamos de una pelea con las compa\u00f1\u00edas de seguros que no quieren pagar. Para programar una consulta inicial gratuita, llame 615.239.6755 o Rellene nuestro formulario de contacto. Mantenemos oficinas en Nashville, Hendersonville, Knoxville y Clarksville para su conveniencia.<\/p>\r\n","protected":false},"excerpt":{"rendered":"<p>Abogados de confianza, en accidentes de motocicleta, en Nashville a su lado Ya sea que conduzca un Hog o un Honda, anteponemos los derechos de los motociclistas En un hermoso d\u00eda, no se puede superar la libertad de sacar su bicicleta a dar una vuelta por las majestuosas carreteras de Tennessee. Desde las colinas onduladas&hellip;<\/p>\n","protected":false},"author":2,"featured_media":15330,"parent":0,"menu_order":0,"comment_status":"closed","ping_status":"closed","template":"","meta":{"footnotes":""},"class_list":["post-16371","page","type-page","status-publish","has-post-thumbnail","hentry"],"yoast_head":"<!-- This site is optimized with the Yoast SEO plugin v27.3 - https:\/\/yoast.com\/product\/yoast-seo-wordpress\/ -->\n<title>bogado de accidente de moto Nashville, TN - Motocicleta<\/title>\n<meta name=\"robots\" content=\"index, follow, max-snippet:-1, max-image-preview:large, max-video-preview:-1\" \/>\n<link rel=\"canonical\" href=\"https:\/\/www.rockylawfirm.com\/es\/accidentes-de-motocicleta\/\" \/>\n<meta property=\"og:locale\" content=\"es_ES\" \/>\n<meta property=\"og:type\" content=\"article\" \/>\n<meta property=\"og:title\" content=\"bogado de accidente de moto Nashville, TN - Motocicleta\" \/>\n<meta property=\"og:description\" content=\"Abogados de confianza, en accidentes de motocicleta, en Nashville a su lado Ya sea que conduzca un Hog o un Honda, anteponemos los derechos de los motociclistas En un hermoso d\u00eda, no se puede superar la libertad de sacar su bicicleta a dar una vuelta por las majestuosas carreteras de Tennessee. Desde las colinas onduladas&hellip;\" \/>\n<meta property=\"og:url\" content=\"https:\/\/www.rockylawfirm.com\/es\/accidentes-de-motocicleta\/\" \/>\n<meta property=\"og:site_name\" content=\"Rocky McElhaney Law Firm: Car Accident &amp; Injury Lawyers\" \/>\n<meta property=\"article:publisher\" content=\"https:\/\/www.facebook.com\/rockylawfirm\" \/>\n<meta property=\"article:modified_time\" content=\"2025-03-18T09:12:50+00:00\" \/>\n<meta property=\"og:image\" content=\"https:\/\/www.rockylawfirm.com\/wp-content\/uploads\/2015\/10\/motorcycle4.jpg\" \/>\n\t<meta property=\"og:image:width\" content=\"782\" \/>\n\t<meta property=\"og:image:height\" content=\"351\" \/>\n\t<meta property=\"og:image:type\" content=\"image\/jpeg\" \/>\n<meta name=\"twitter:label1\" content=\"Tiempo de lectura\" \/>\n\t<meta name=\"twitter:data1\" content=\"6 minutos\" \/>\n<script type=\"application\/ld+json\" class=\"yoast-schema-graph\">{\"@context\":\"https:\\\/\\\/schema.org\",\"@graph\":[{\"@type\":\"WebPage\",\"@id\":\"https:\\\/\\\/www.rockylawfirm.com\\\/es\\\/accidentes-de-motocicleta\\\/\",\"url\":\"https:\\\/\\\/www.rockylawfirm.com\\\/es\\\/accidentes-de-motocicleta\\\/\",\"name\":\"bogado de accidente de moto Nashville, TN - Motocicleta\",\"isPartOf\":{\"@id\":\"https:\\\/\\\/www.rockylawfirm.com\\\/es\\\/#website\"},\"primaryImageOfPage\":{\"@id\":\"https:\\\/\\\/www.rockylawfirm.com\\\/es\\\/accidentes-de-motocicleta\\\/#primaryimage\"},\"image\":{\"@id\":\"https:\\\/\\\/www.rockylawfirm.com\\\/es\\\/accidentes-de-motocicleta\\\/#primaryimage\"},\"thumbnailUrl\":\"https:\\\/\\\/www.rockylawfirm.com\\\/wp-content\\\/uploads\\\/2015\\\/10\\\/motorcycle4.jpg\",\"datePublished\":\"2023-11-16T11:10:27+00:00\",\"dateModified\":\"2025-03-18T09:12:50+00:00\",\"inLanguage\":\"es\",\"potentialAction\":[{\"@type\":\"ReadAction\",\"target\":[\"https:\\\/\\\/www.rockylawfirm.com\\\/es\\\/accidentes-de-motocicleta\\\/\"]}]},{\"@type\":\"ImageObject\",\"inLanguage\":\"es\",\"@id\":\"https:\\\/\\\/www.rockylawfirm.com\\\/es\\\/accidentes-de-motocicleta\\\/#primaryimage\",\"url\":\"https:\\\/\\\/www.rockylawfirm.com\\\/wp-content\\\/uploads\\\/2015\\\/10\\\/motorcycle4.jpg\",\"contentUrl\":\"https:\\\/\\\/www.rockylawfirm.com\\\/wp-content\\\/uploads\\\/2015\\\/10\\\/motorcycle4.jpg\",\"width\":782,\"height\":351},{\"@type\":\"WebSite\",\"@id\":\"https:\\\/\\\/www.rockylawfirm.com\\\/es\\\/#website\",\"url\":\"https:\\\/\\\/www.rockylawfirm.com\\\/es\\\/\",\"name\":\"Rocky McElhaney Law Firm: Car Accident &amp; Injury Lawyers\",\"description\":\"Nashville personal injury lawyers\",\"potentialAction\":[{\"@type\":\"SearchAction\",\"target\":{\"@type\":\"EntryPoint\",\"urlTemplate\":\"https:\\\/\\\/www.rockylawfirm.com\\\/es\\\/?s={search_term_string}\"},\"query-input\":{\"@type\":\"PropertyValueSpecification\",\"valueRequired\":true,\"valueName\":\"search_term_string\"}}],\"inLanguage\":\"es\"}]}<\/script>\n<!-- \/ Yoast SEO plugin. -->","yoast_head_json":{"title":"bogado de accidente de moto Nashville, TN - Motocicleta","robots":{"index":"index","follow":"follow","max-snippet":"max-snippet:-1","max-image-preview":"max-image-preview:large","max-video-preview":"max-video-preview:-1"},"canonical":"https:\/\/www.rockylawfirm.com\/es\/accidentes-de-motocicleta\/","og_locale":"es_ES","og_type":"article","og_title":"bogado de accidente de moto Nashville, TN - Motocicleta","og_description":"Abogados de confianza, en accidentes de motocicleta, en Nashville a su lado Ya sea que conduzca un Hog o un Honda, anteponemos los derechos de los motociclistas En un hermoso d\u00eda, no se puede superar la libertad de sacar su bicicleta a dar una vuelta por las majestuosas carreteras de Tennessee. Desde las colinas onduladas&hellip;","og_url":"https:\/\/www.rockylawfirm.com\/es\/accidentes-de-motocicleta\/","og_site_name":"Rocky McElhaney Law Firm: Car Accident &amp; Injury Lawyers","article_publisher":"https:\/\/www.facebook.com\/rockylawfirm","article_modified_time":"2025-03-18T09:12:50+00:00","og_image":[{"width":782,"height":351,"url":"https:\/\/www.rockylawfirm.com\/wp-content\/uploads\/2015\/10\/motorcycle4.jpg","type":"image\/jpeg"}],"twitter_misc":{"Tiempo de lectura":"6 minutos"},"schema":{"@context":"https:\/\/schema.org","@graph":[{"@type":"WebPage","@id":"https:\/\/www.rockylawfirm.com\/es\/accidentes-de-motocicleta\/","url":"https:\/\/www.rockylawfirm.com\/es\/accidentes-de-motocicleta\/","name":"bogado de accidente de moto Nashville, TN - Motocicleta","isPartOf":{"@id":"https:\/\/www.rockylawfirm.com\/es\/#website"},"primaryImageOfPage":{"@id":"https:\/\/www.rockylawfirm.com\/es\/accidentes-de-motocicleta\/#primaryimage"},"image":{"@id":"https:\/\/www.rockylawfirm.com\/es\/accidentes-de-motocicleta\/#primaryimage"},"thumbnailUrl":"https:\/\/www.rockylawfirm.com\/wp-content\/uploads\/2015\/10\/motorcycle4.jpg","datePublished":"2023-11-16T11:10:27+00:00","dateModified":"2025-03-18T09:12:50+00:00","inLanguage":"es","potentialAction":[{"@type":"ReadAction","target":["https:\/\/www.rockylawfirm.com\/es\/accidentes-de-motocicleta\/"]}]},{"@type":"ImageObject","inLanguage":"es","@id":"https:\/\/www.rockylawfirm.com\/es\/accidentes-de-motocicleta\/#primaryimage","url":"https:\/\/www.rockylawfirm.com\/wp-content\/uploads\/2015\/10\/motorcycle4.jpg","contentUrl":"https:\/\/www.rockylawfirm.com\/wp-content\/uploads\/2015\/10\/motorcycle4.jpg","width":782,"height":351},{"@type":"WebSite","@id":"https:\/\/www.rockylawfirm.com\/es\/#website","url":"https:\/\/www.rockylawfirm.com\/es\/","name":"Rocky McElhaney Law Firm: Car Accident &amp; Injury Lawyers","description":"Nashville personal injury lawyers","potentialAction":[{"@type":"SearchAction","target":{"@type":"EntryPoint","urlTemplate":"https:\/\/www.rockylawfirm.com\/es\/?s={search_term_string}"},"query-input":{"@type":"PropertyValueSpecification","valueRequired":true,"valueName":"search_term_string"}}],"inLanguage":"es"}]}},"_links":{"self":[{"href":"https:\/\/www.rockylawfirm.com\/es\/wp-json\/wp\/v2\/pages\/16371","targetHints":{"allow":["GET"]}}],"collection":[{"href":"https:\/\/www.rockylawfirm.com\/es\/wp-json\/wp\/v2\/pages"}],"about":[{"href":"https:\/\/www.rockylawfirm.com\/es\/wp-json\/wp\/v2\/types\/page"}],"author":[{"embeddable":true,"href":"https:\/\/www.rockylawfirm.com\/es\/wp-json\/wp\/v2\/users\/2"}],"replies":[{"embeddable":true,"href":"https:\/\/www.rockylawfirm.com\/es\/wp-json\/wp\/v2\/comments?post=16371"}],"version-history":[{"count":0,"href":"https:\/\/www.rockylawfirm.com\/es\/wp-json\/wp\/v2\/pages\/16371\/revisions"}],"wp:featuredmedia":[{"embeddable":true,"href":"https:\/\/www.rockylawfirm.com\/es\/wp-json\/wp\/v2\/media\/15330"}],"wp:attachment":[{"href":"https:\/\/www.rockylawfirm.com\/es\/wp-json\/wp\/v2\/media?parent=16371"}],"curies":[{"name":"wp","href":"https:\/\/api.w.org\/{rel}","templated":true}]}}