{"id":16374,"date":"2023-11-16T05:15:38","date_gmt":"2023-11-16T11:15:38","guid":{"rendered":"https:\/\/www.rockylawfirm.com\/?page_id=16374"},"modified":"2023-11-16T08:21:33","modified_gmt":"2023-11-16T14:21:33","slug":"muerte-por-negligencia","status":"publish","type":"page","link":"https:\/\/www.rockylawfirm.com\/es\/muerte-por-negligencia\/","title":{"rendered":"Muerte por Negligencia"},"content":{"rendered":"\r\n<p><img decoding=\"async\" title=\"Nashville Wrongful Death Attorneys\" src=\"https:\/\/www.rockylawfirm.com\/wp-content\/uploads\/2014\/03\/wrongful-death.jpg\" alt=\"Nashville Wrongful Death Attorneys\" width=\"777\" height=\"428\" \/><\/p>\r\n<h1>Abogados de muerte por negligencia de Nashville que representan a familias en todo Tennessee<\/h1>\r\n<h2>Abogados compasivos de lesiones que protegen el futuro de las <strong>familias en Nashville, Hendersonville, Knoxville y en todo el estado<\/strong><\/h2>\r\n<p>No existe una forma \u00abcorrecta\u00bb o \u00abincorrecta\u00bb de llorar la p\u00e9rdida de un ser querido. Algunas personas sufren una gran tristeza; otros se enojan, con el difunto o con el mundo. Algunas personas se entumecen, mientras que otras lidian con serias preguntas y preocupaciones sobre qu\u00e9 hacer a continuaci\u00f3n. Estos sentimientos, ya tan complicados, pueden volverse a\u00fan m\u00e1s pronunciados cuando la muerte es el resultado de la acci\u00f3n de negligencia de otra persona o entidad.<\/p>\r\n<p>La p\u00e9rdida de un ser querido es emocionalmente devastadora para todos. Si bien sabemos que no podemos hacer que esta experiencia sea menos dolorosa, podemos brindarle un o\u00eddo compasivo y ayudarlo a aliviar el estr\u00e9s financiero que la p\u00e9rdida le ha causado al responsabilizar a las partes negligentes de sus acciones. El equipo de Rocky McElhaney Law Firm lo ayuda a encontrar las respuestas que desea, el cierre que busca y la compensaci\u00f3n que necesita para proteger a su familia durante estos tiempos dif\u00edciles. Nuestros dedicados abogados de muerte por negligencia en Nashville, Hendersonville y Knoxville est\u00e1n aqu\u00ed para ayudarlo a superar este momento dif\u00edcil.<\/p>\r\n<h2>Reclamos Civiles Versus Cargos Criminales<\/h2>\r\n<p>Los reclamos por muerte por negligencia se consideran reclamos civiles. La negligencia que resulta en muerte no siempre es negligencia criminal. De hecho, a menudo no lo es. El ejemplo m\u00e1s famoso de esto en Estados Unidos es el caso de OJ Simpson. Fue absuelto de cargos penales, pero declarado culpable en un tribunal civil. Seg\u00fan la ley de Tennessee, puede presentar un reclamo independientemente de si la persona es responsable en la corte penal por la muerte de su ser querido o no. En una demanda por homicidio culposo, la familia tiene derecho a una compensaci\u00f3n basada en la esperanza de vida y la ocupaci\u00f3n del fallecido.<\/p>\r\n<h2>\u00bfQu\u00e9 puede llevar a una demanda por muerte por negligencia?<\/h2>\r\n<p>Hay determinadas circunstancias que, tr\u00e1gicamente, tienden a provocar la muerte por negligencia de nuestros seres queridos con m\u00e1s frecuencia que otras. En el bufete de abogados Rocky McElhaney, nuestros abogados de lesiones en Nashville han trabajado con personas que han perdido familiares \u00a0\u00a0\u00a0\u00a0debido a:<\/p>\r\n<ul>\r\n<li><strong>Accidentes automovil\u00edsticos<\/strong>. Un conductor negligente, qui\u00e9n es imprudente, est\u00e1 ebrio, va a exceso de velocidad\u2026 puede aparecer en una demanda por muerte por negligencia si sus acciones detr\u00e1s del volante causaron la muerte de otra persona.<\/li>\r\n<li><strong>Accidentes laborales<\/strong>. Desafortunadamente, algunos trabajos son peligrosos por naturaleza. Sin embargo, cuando otro empleado o el empleador es negligente, es mucho m\u00e1s probable que ocurran accidentes.<\/li>\r\n<li><strong>Productos defectuosos<\/strong>. Los defectos de dise\u00f1o y fabricaci\u00f3n pueden provocar la muerte involuntaria de los consumidores. Sin embargo, el hecho de que la muerte no fue intencional no significa que la empresa que cre\u00f3 estos productos defectuosos no sea responsable de esos resultados.<\/li>\r\n<li><strong>Negligencia m\u00e9dica<\/strong>. Desde errores de anestesia hasta no advertir errores quir\u00fargicos, si su ser querido muere debido a las acciones de un profesional m\u00e9dico negligente o incompetente, es posible que pueda presentar una demanda por muerte por negligencia.<\/li>\r\n<\/ul>\r\n<p>Cuando accidentes o eventos como estos resultan en la muerte, las familias se quedan sin c\u00f3nyuge, padre o proveedor. A Bufete de abogados Rocky McElhaney, nos ocupamos de responsabilizar a estas partes negligentes por la p\u00e9rdida de su ser querido.<\/p>\r\n<h2>\u00bfPor qu\u00e9 se compensa a las familias en Tennessee?<\/h2>\r\n<p>Seg\u00fan la Ley de Tennessee, se puede presentar una demanda por muerte por negligencia en nombre de:<\/p>\r\n<ul>\r\n<li>El esposo<\/li>\r\n<li>Los ni\u00f1os<\/li>\r\n<li>Un representante personal nombrado en un testamento<\/li>\r\n<li>Padres naturales o adoptivos<\/li>\r\n<\/ul>\r\n<p>La compensaci\u00f3n por muerte por negligencia se otorga a las familias en Tennessee con el prop\u00f3sito de criar hijos, brindar educaci\u00f3n universitaria, as\u00ed como alimentos, ropa y otras necesidades de la vida. Un demandante, la persona que presenta la demanda, tiene hasta un a\u00f1o para presentar una demanda por homicidio culposo en Tennessee y posiblemente m\u00e1s en otros estados. Si esto le parece mucho tiempo, recuerde que cada caso es diferente y, a veces, al principio no es obvio que la muerte de su ser querido fue el resultado de la negligencia de otra persona, un producto defectuoso o un acto de mala praxis, por ejemplo.<\/p>\r\n<p>En el bufete de abogados Rocky McElhaney, nuestros abogados de muerte por negligencia en Tennessee han ayudado a familias en duelo a trav\u00e9s del proceso de reclamo con compasi\u00f3n y dignidad. Entendemos que tiene mucho en qu\u00e9 pensar y que preocuparse por su futuro o el futuro de sus hijos solo aumenta el estr\u00e9s. Nosotros peleamos en su nombre para recuperar los costos de facturas m\u00e9dicas, gastos funerarios, su salario perdido y la p\u00e9rdida de ingresos futuros del fallecido. Tambi\u00e9n buscaremos una compensaci\u00f3n por el dolor y sufrimiento emocional, as\u00ed como por la p\u00e9rdida de un compa\u00f1ero y \/ o padre.<\/p>\r\n<h3>Llame al bufete de abogados Rocky McElhaney hoy mismo<\/h3>\r\n<p>Si ha perdido a alguien que amaba debido a la negligencia de otra persona, llame al bufete de abogados de Rocky McElhaney hoy al 615-239- 6755. Nuestra sensata marca de estricta representaci\u00f3n legal puede ayudarlo a usted y a su familia a navegar por las aguas turbulentas que se avecinan. Somos una firma de abogados de una gran ciudad con un coraz\u00f3n de pueblo peque\u00f1o y realmente nos preocupamos por brindarles a nuestros clientes la justicia y la compensaci\u00f3n financiera que merecen. Los experimentados y apasionados abogados de Tennessee por homicidio culposo en el bufete de abogados Rocky McElhaney tienen oficinas convenientemente ubicadas en Nashville, Knoxville y Hendersonville y tambi\u00e9n realizan visitas domiciliarias y hospitalarias. Llame hoy para discutir sus opciones y poner a nuestros Gladiadores en trajes en su equipo. <strong>\u00a1Peleamos por ti!<\/strong><\/p>\r\n","protected":false},"excerpt":{"rendered":"<p>Abogados de muerte por negligencia de Nashville que representan a familias en todo Tennessee Abogados compasivos de lesiones que protegen el futuro de las familias en Nashville, Hendersonville, Knoxville y en todo el estado No existe una forma \u00abcorrecta\u00bb o \u00abincorrecta\u00bb de llorar la p\u00e9rdida de un ser querido. Algunas personas sufren una gran tristeza;&hellip;<\/p>\n","protected":false},"author":2,"featured_media":15306,"parent":0,"menu_order":0,"comment_status":"closed","ping_status":"closed","template":"","meta":{"footnotes":""},"class_list":["post-16374","page","type-page","status-publish","has-post-thumbnail","hentry"],"yoast_head":"<!-- This site is optimized with the Yoast SEO plugin v27.3 - https:\/\/yoast.com\/product\/yoast-seo-wordpress\/ -->\n<title>Abogado de muerte injusta Nashville, TN - Muerte por Negligencia<\/title>\n<meta name=\"robots\" content=\"index, follow, max-snippet:-1, max-image-preview:large, max-video-preview:-1\" \/>\n<link rel=\"canonical\" href=\"https:\/\/www.rockylawfirm.com\/es\/muerte-por-negligencia\/\" \/>\n<meta property=\"og:locale\" content=\"es_ES\" \/>\n<meta property=\"og:type\" content=\"article\" \/>\n<meta property=\"og:title\" content=\"Abogado de muerte injusta Nashville, TN - Muerte por Negligencia\" \/>\n<meta property=\"og:description\" content=\"Abogados de muerte por negligencia de Nashville que representan a familias en todo Tennessee Abogados compasivos de lesiones que protegen el futuro de las familias en Nashville, Hendersonville, Knoxville y en todo el estado No existe una forma \u00abcorrecta\u00bb o \u00abincorrecta\u00bb de llorar la p\u00e9rdida de un ser querido. Algunas personas sufren una gran tristeza;&hellip;\" \/>\n<meta property=\"og:url\" content=\"https:\/\/www.rockylawfirm.com\/es\/muerte-por-negligencia\/\" \/>\n<meta property=\"og:site_name\" content=\"Rocky McElhaney Law Firm: Car Accident &amp; Injury Lawyers\" \/>\n<meta property=\"article:publisher\" content=\"https:\/\/www.facebook.com\/rockylawfirm\" \/>\n<meta property=\"article:modified_time\" content=\"2023-11-16T14:21:33+00:00\" \/>\n<meta property=\"og:image\" content=\"https:\/\/www.rockylawfirm.com\/wp-content\/uploads\/2014\/03\/wrongful-death.jpg\" \/>\n\t<meta property=\"og:image:width\" content=\"777\" \/>\n\t<meta property=\"og:image:height\" content=\"428\" \/>\n\t<meta property=\"og:image:type\" content=\"image\/jpeg\" \/>\n<meta name=\"twitter:label1\" content=\"Tiempo de lectura\" \/>\n\t<meta name=\"twitter:data1\" content=\"5 minutos\" \/>\n<script type=\"application\/ld+json\" class=\"yoast-schema-graph\">{\"@context\":\"https:\\\/\\\/schema.org\",\"@graph\":[{\"@type\":\"WebPage\",\"@id\":\"https:\\\/\\\/www.rockylawfirm.com\\\/es\\\/muerte-por-negligencia\\\/\",\"url\":\"https:\\\/\\\/www.rockylawfirm.com\\\/es\\\/muerte-por-negligencia\\\/\",\"name\":\"Abogado de muerte injusta Nashville, TN - Muerte por Negligencia\",\"isPartOf\":{\"@id\":\"https:\\\/\\\/www.rockylawfirm.com\\\/es\\\/#website\"},\"primaryImageOfPage\":{\"@id\":\"https:\\\/\\\/www.rockylawfirm.com\\\/es\\\/muerte-por-negligencia\\\/#primaryimage\"},\"image\":{\"@id\":\"https:\\\/\\\/www.rockylawfirm.com\\\/es\\\/muerte-por-negligencia\\\/#primaryimage\"},\"thumbnailUrl\":\"https:\\\/\\\/www.rockylawfirm.com\\\/wp-content\\\/uploads\\\/2014\\\/03\\\/wrongful-death.jpg\",\"datePublished\":\"2023-11-16T11:15:38+00:00\",\"dateModified\":\"2023-11-16T14:21:33+00:00\",\"inLanguage\":\"es\",\"potentialAction\":[{\"@type\":\"ReadAction\",\"target\":[\"https:\\\/\\\/www.rockylawfirm.com\\\/es\\\/muerte-por-negligencia\\\/\"]}]},{\"@type\":\"ImageObject\",\"inLanguage\":\"es\",\"@id\":\"https:\\\/\\\/www.rockylawfirm.com\\\/es\\\/muerte-por-negligencia\\\/#primaryimage\",\"url\":\"https:\\\/\\\/www.rockylawfirm.com\\\/wp-content\\\/uploads\\\/2014\\\/03\\\/wrongful-death.jpg\",\"contentUrl\":\"https:\\\/\\\/www.rockylawfirm.com\\\/wp-content\\\/uploads\\\/2014\\\/03\\\/wrongful-death.jpg\",\"width\":777,\"height\":428},{\"@type\":\"WebSite\",\"@id\":\"https:\\\/\\\/www.rockylawfirm.com\\\/es\\\/#website\",\"url\":\"https:\\\/\\\/www.rockylawfirm.com\\\/es\\\/\",\"name\":\"Rocky McElhaney Law Firm: Car Accident &amp; Injury Lawyers\",\"description\":\"Nashville personal injury lawyers\",\"potentialAction\":[{\"@type\":\"SearchAction\",\"target\":{\"@type\":\"EntryPoint\",\"urlTemplate\":\"https:\\\/\\\/www.rockylawfirm.com\\\/es\\\/?s={search_term_string}\"},\"query-input\":{\"@type\":\"PropertyValueSpecification\",\"valueRequired\":true,\"valueName\":\"search_term_string\"}}],\"inLanguage\":\"es\"}]}<\/script>\n<!-- \/ Yoast SEO plugin. -->","yoast_head_json":{"title":"Abogado de muerte injusta Nashville, TN - Muerte por Negligencia","robots":{"index":"index","follow":"follow","max-snippet":"max-snippet:-1","max-image-preview":"max-image-preview:large","max-video-preview":"max-video-preview:-1"},"canonical":"https:\/\/www.rockylawfirm.com\/es\/muerte-por-negligencia\/","og_locale":"es_ES","og_type":"article","og_title":"Abogado de muerte injusta Nashville, TN - Muerte por Negligencia","og_description":"Abogados de muerte por negligencia de Nashville que representan a familias en todo Tennessee Abogados compasivos de lesiones que protegen el futuro de las familias en Nashville, Hendersonville, Knoxville y en todo el estado No existe una forma \u00abcorrecta\u00bb o \u00abincorrecta\u00bb de llorar la p\u00e9rdida de un ser querido. Algunas personas sufren una gran tristeza;&hellip;","og_url":"https:\/\/www.rockylawfirm.com\/es\/muerte-por-negligencia\/","og_site_name":"Rocky McElhaney Law Firm: Car Accident &amp; Injury Lawyers","article_publisher":"https:\/\/www.facebook.com\/rockylawfirm","article_modified_time":"2023-11-16T14:21:33+00:00","og_image":[{"width":777,"height":428,"url":"https:\/\/www.rockylawfirm.com\/wp-content\/uploads\/2014\/03\/wrongful-death.jpg","type":"image\/jpeg"}],"twitter_misc":{"Tiempo de lectura":"5 minutos"},"schema":{"@context":"https:\/\/schema.org","@graph":[{"@type":"WebPage","@id":"https:\/\/www.rockylawfirm.com\/es\/muerte-por-negligencia\/","url":"https:\/\/www.rockylawfirm.com\/es\/muerte-por-negligencia\/","name":"Abogado de muerte injusta Nashville, TN - Muerte por Negligencia","isPartOf":{"@id":"https:\/\/www.rockylawfirm.com\/es\/#website"},"primaryImageOfPage":{"@id":"https:\/\/www.rockylawfirm.com\/es\/muerte-por-negligencia\/#primaryimage"},"image":{"@id":"https:\/\/www.rockylawfirm.com\/es\/muerte-por-negligencia\/#primaryimage"},"thumbnailUrl":"https:\/\/www.rockylawfirm.com\/wp-content\/uploads\/2014\/03\/wrongful-death.jpg","datePublished":"2023-11-16T11:15:38+00:00","dateModified":"2023-11-16T14:21:33+00:00","inLanguage":"es","potentialAction":[{"@type":"ReadAction","target":["https:\/\/www.rockylawfirm.com\/es\/muerte-por-negligencia\/"]}]},{"@type":"ImageObject","inLanguage":"es","@id":"https:\/\/www.rockylawfirm.com\/es\/muerte-por-negligencia\/#primaryimage","url":"https:\/\/www.rockylawfirm.com\/wp-content\/uploads\/2014\/03\/wrongful-death.jpg","contentUrl":"https:\/\/www.rockylawfirm.com\/wp-content\/uploads\/2014\/03\/wrongful-death.jpg","width":777,"height":428},{"@type":"WebSite","@id":"https:\/\/www.rockylawfirm.com\/es\/#website","url":"https:\/\/www.rockylawfirm.com\/es\/","name":"Rocky McElhaney Law Firm: Car Accident &amp; Injury Lawyers","description":"Nashville personal injury lawyers","potentialAction":[{"@type":"SearchAction","target":{"@type":"EntryPoint","urlTemplate":"https:\/\/www.rockylawfirm.com\/es\/?s={search_term_string}"},"query-input":{"@type":"PropertyValueSpecification","valueRequired":true,"valueName":"search_term_string"}}],"inLanguage":"es"}]}},"_links":{"self":[{"href":"https:\/\/www.rockylawfirm.com\/es\/wp-json\/wp\/v2\/pages\/16374","targetHints":{"allow":["GET"]}}],"collection":[{"href":"https:\/\/www.rockylawfirm.com\/es\/wp-json\/wp\/v2\/pages"}],"about":[{"href":"https:\/\/www.rockylawfirm.com\/es\/wp-json\/wp\/v2\/types\/page"}],"author":[{"embeddable":true,"href":"https:\/\/www.rockylawfirm.com\/es\/wp-json\/wp\/v2\/users\/2"}],"replies":[{"embeddable":true,"href":"https:\/\/www.rockylawfirm.com\/es\/wp-json\/wp\/v2\/comments?post=16374"}],"version-history":[{"count":0,"href":"https:\/\/www.rockylawfirm.com\/es\/wp-json\/wp\/v2\/pages\/16374\/revisions"}],"wp:featuredmedia":[{"embeddable":true,"href":"https:\/\/www.rockylawfirm.com\/es\/wp-json\/wp\/v2\/media\/15306"}],"wp:attachment":[{"href":"https:\/\/www.rockylawfirm.com\/es\/wp-json\/wp\/v2\/media?parent=16374"}],"curies":[{"name":"wp","href":"https:\/\/api.w.org\/{rel}","templated":true}]}}