{"id":16377,"date":"2023-11-16T05:26:05","date_gmt":"2023-11-16T11:26:05","guid":{"rendered":"https:\/\/www.rockylawfirm.com\/?page_id=16377"},"modified":"2025-03-18T03:12:49","modified_gmt":"2025-03-18T09:12:49","slug":"lesiones-cerebrales","status":"publish","type":"page","link":"https:\/\/www.rockylawfirm.com\/es\/lesion-personal\/lesiones-cerebrales\/","title":{"rendered":"Lesiones Cerebrales"},"content":{"rendered":"\r\n<p><img decoding=\"async\" title=\"Common Causes of Traumatic Brain Injury in Nashville\" src=\"https:\/\/www.rockylawfirm.com\/wp-content\/uploads\/2015\/04\/brain-scan.jpg\" alt=\"Common Causes of Traumatic Brain Injury in Nashville\" width=\"777\" height=\"428\" \/><\/p>\r\n<h1>La informaci\u00f3n que necesita sobre sus derechos despu\u00e9s de una lesi\u00f3n cerebral<\/h1>\r\n<h2>Defensa compasiva para las v\u00edctimas en todo Tennessee<\/h2>\r\n<p>\u00bfHay alguna parte del cuerpo humano m\u00e1s maravillosa, m\u00e1s importante y m\u00e1s incomprendida que el cerebro? Esas tres libras de nervios, neuronas y tejidos controlan cada una de las cosas que hacemos: c\u00f3mo caminamos, c\u00f3mo hablamos y c\u00f3mo procesamos el mundo. Cuando el cerebro sufre una lesi\u00f3n, incluso una aparentemente menor, puede tener consecuencias mucho m\u00e1s graves de lo que pensamos, consecuencias que pueden afectar nuestra calidad de vida para siempre.<\/p>\r\n<p>En el bufete de abogados <a href=\"https:\/\/www.rockylawfirm.com\/es\/rocky-mcelhaney\/\"  data-wpil-monitor-id=\"27\">Rocky McElhaney<\/a>, creemos que debe tener toda la informaci\u00f3n que necesita para tomar decisiones informadas sobre su futuro despu\u00e9s de que usted o su ser querido hayan sufrido una lesi\u00f3n cerebral. Nuestros dedicados abogados de lesiones cerebrales en Nashville han ayudado en favor de los mejores intereses de nuestros clientes en Nashville, Knoxville y Hendersonville durante a\u00f1os, ofreciendo un ambiente seguro y c\u00e1lido en el que discutir sus necesidades, mientras contin\u00faan trabajando de manera proactiva y agresiva en su nombre en juicios con jurado y en conversaciones de acuerdo. Cuando tenga preguntas sobre lesiones cerebrales traum\u00e1ticas, esperamos que se dirija a nosotros para obtener respuestas.<\/p>\r\n<h2>Explicaciones claras y respuestas a sus preguntas.<\/h2>\r\n<p>En Rocky McElhaney Law Firm, sabemos que la preparaci\u00f3n es clave para construir una demanda exitosa, y que nuestros clientes tambi\u00e9n deben estar preparados. Nuestro objetivo es ayudarlo a comprender todo lo que pueda sobre las lesiones cerebrales y sus posibles efectos en su vida, para que podamos analizar completamente sus opciones y crear estrategias individualizadas que funcionen para usted. Los abogados de Rocky McElhaney Law Firm pueden ayudarlo a:<\/p>\r\n<ul>\r\n<li><strong>Definir su lesi\u00f3n<\/strong>. \u00bfEl trauma por fuerza contundente condujo a un lesi\u00f3n cerebral traum\u00e1tica? \u00bfFue una lesi\u00f3n relacionada con una enfermedad no diagnosticada y no tratada? La forma en que sufri\u00f3 la lesi\u00f3n cerebral es un elemento importante de cualquier caso, y saber si tiene una lesi\u00f3n cerebral traum\u00e1tica u otro tipo de lesi\u00f3n es crucial para su proceso de recuperaci\u00f3n.<\/li>\r\n<li><strong>Comprender los riesgos<\/strong>. Hay algunas actividades o comportamientos que tienen m\u00e1s probabilidades de provocar una lesi\u00f3n cerebral traum\u00e1tica. En nuestra firma de abogados de Tennessee, ayudamos a las personas cuyas lesiones cerebrales fueron el resultado de la negligencia de otra persona. Podemos ayudarlo a comprender cu\u00e1les son las causas comunes de las lesiones cerebrales y qu\u00e9 puede hacer si se lastima a causa de ellas.<\/li>\r\n<li><strong>Aprender los signos<\/strong>. No todas las lesiones cerebrales son evidentes; de hecho, algunas personas no experimentan los signos o s\u00edntomas de una lesi\u00f3n cerebral hasta mucho despu\u00e9s de que se produjo la lesi\u00f3n. Al aprender qu\u00e9 buscar, es posible que pueda ayudarse a s\u00ed mismo o a un ser querido a evitar da\u00f1os mayores al buscar tratamiento m\u00e1s r\u00e1pidamente.<\/li>\r\n<li><strong>Descubrir nuevas opciones y recursos<\/strong>. Hay una serie de tecnolog\u00edas emergentes dise\u00f1adas para ayudar a las personas con lesiones cerebrales. Tambi\u00e9n hay una serie de recursos para las v\u00edctimas de TBI aqu\u00ed en Tennessee, as\u00ed como recursos para los cuidadores. Si una lesi\u00f3n cerebral traum\u00e1tica caus\u00f3 la muerte de su ser querido, podemos ayudarlo. con apoyo y recursos. a trav\u00e9s del proceso de curaci\u00f3n.<\/li>\r\n<\/ul>\r\n<h2>Por qu\u00e9 Rocky McElhaney Law Firm es la opci\u00f3n correcta para proteger sus derechos<\/h2>\r\n<p>Nuestros abogados de lesiones personales han desarrollado una reputaci\u00f3n en todo el Medio Tennessee por nuestra disposici\u00f3n a luchar en nombre de nuestros clientes. Nos ha ganado el apodo de \u00abGladiadores en traje\u00bb, y estamos orgullosos de ese apodo. Estamos dispuestos a aceptar los casos desafiantes porque creemos que cada v\u00edctima merece que se escuche su voz. No nos echamos atr\u00e1s ante las compa\u00f1\u00edas de seguros porque sabemos que el futuro de su familia podr\u00eda depender del resultado del caso, y que usted debe obtener lo que se merece, no lo que algunas compa\u00f1\u00edas de seguros quieren pagar.<\/p>\r\n<p>Hacemos un esfuerzo adicional. Trataremos su caso como si luchamos por nuestra propia familia. Y llevaremos su caso hasta el final a juicio si es necesario para obtener el m\u00e1ximo por sus lesiones. Cuando necesite la representaci\u00f3n audaz y dura de un abogado de lesiones cerebrales de Tennessee que nunca deja de velar por sus mejores intereses y su futuro, usted necesitar Bufete de abogados Rocky McElhaney. Peleamos por de usted. No se conforme con menos.<\/p>\r\n<h3>Abogados que ofrecen ayuda para v\u00edctimas de lesiones cerebrales en todo Tennessee<\/h3>\r\n<p>Vivir con una lesi\u00f3n cerebral es dif\u00edcil; elegir el abogado adecuado no deber\u00eda serlo. El bufete de abogados Rocky McElhaney se enorgullece de representar a las v\u00edctimas de lesiones cerebrales en Nashville, Knoxville y Hendersonville y sus alrededores. Cuando tenga preguntas, tenemos respuestas. Si sufri\u00f3 una lesi\u00f3n cerebral traum\u00e1tica como resultado de la negligencia de otra persona, o si tiene preguntas sobre hacer una demanda por lesiones personales, ll\u00e1menos sin cargo adicional al 615-239-6755 o rellene nuestro formulario de contacto para hacer una cita.<\/p>\r\n","protected":false},"excerpt":{"rendered":"<p>La informaci\u00f3n que necesita sobre sus derechos despu\u00e9s de una lesi\u00f3n cerebral Defensa compasiva para las v\u00edctimas en todo Tennessee \u00bfHay alguna parte del cuerpo humano m\u00e1s maravillosa, m\u00e1s importante y m\u00e1s incomprendida que el cerebro? Esas tres libras de nervios, neuronas y tejidos controlan cada una de las cosas que hacemos: c\u00f3mo caminamos, c\u00f3mo&hellip;<\/p>\n","protected":false},"author":2,"featured_media":15336,"parent":15274,"menu_order":0,"comment_status":"closed","ping_status":"closed","template":"","meta":{"footnotes":""},"class_list":["post-16377","page","type-page","status-publish","has-post-thumbnail","hentry"],"yoast_head":"<!-- This site is optimized with the Yoast SEO plugin v27.3 - https:\/\/yoast.com\/product\/yoast-seo-wordpress\/ -->\n<title>Abogado de lesiones cerebrales en Nashville<\/title>\n<meta name=\"robots\" content=\"index, follow, max-snippet:-1, max-image-preview:large, max-video-preview:-1\" \/>\n<link rel=\"canonical\" href=\"https:\/\/www.rockylawfirm.com\/es\/lesion-personal\/lesiones-cerebrales\/\" \/>\n<meta property=\"og:locale\" content=\"es_ES\" \/>\n<meta property=\"og:type\" content=\"article\" \/>\n<meta property=\"og:title\" content=\"Abogado de lesiones cerebrales en Nashville\" \/>\n<meta property=\"og:description\" content=\"La informaci\u00f3n que necesita sobre sus derechos despu\u00e9s de una lesi\u00f3n cerebral Defensa compasiva para las v\u00edctimas en todo Tennessee \u00bfHay alguna parte del cuerpo humano m\u00e1s maravillosa, m\u00e1s importante y m\u00e1s incomprendida que el cerebro? Esas tres libras de nervios, neuronas y tejidos controlan cada una de las cosas que hacemos: c\u00f3mo caminamos, c\u00f3mo&hellip;\" \/>\n<meta property=\"og:url\" content=\"https:\/\/www.rockylawfirm.com\/es\/lesion-personal\/lesiones-cerebrales\/\" \/>\n<meta property=\"og:site_name\" content=\"Rocky McElhaney Law Firm: Car Accident &amp; Injury Lawyers\" \/>\n<meta property=\"article:publisher\" content=\"https:\/\/www.facebook.com\/rockylawfirm\" \/>\n<meta property=\"article:modified_time\" content=\"2025-03-18T09:12:49+00:00\" \/>\n<meta property=\"og:image\" content=\"https:\/\/www.rockylawfirm.com\/wp-content\/uploads\/2015\/04\/brain-scan.jpg\" \/>\n\t<meta property=\"og:image:width\" content=\"777\" \/>\n\t<meta property=\"og:image:height\" content=\"428\" \/>\n\t<meta property=\"og:image:type\" content=\"image\/jpeg\" \/>\n<meta name=\"twitter:label1\" content=\"Tiempo de lectura\" \/>\n\t<meta name=\"twitter:data1\" content=\"4 minutos\" \/>\n<script type=\"application\/ld+json\" class=\"yoast-schema-graph\">{\"@context\":\"https:\\\/\\\/schema.org\",\"@graph\":[{\"@type\":\"WebPage\",\"@id\":\"https:\\\/\\\/www.rockylawfirm.com\\\/es\\\/lesion-personal\\\/lesiones-cerebrales\\\/\",\"url\":\"https:\\\/\\\/www.rockylawfirm.com\\\/es\\\/lesion-personal\\\/lesiones-cerebrales\\\/\",\"name\":\"Abogado de lesiones cerebrales en Nashville\",\"isPartOf\":{\"@id\":\"https:\\\/\\\/www.rockylawfirm.com\\\/es\\\/#website\"},\"primaryImageOfPage\":{\"@id\":\"https:\\\/\\\/www.rockylawfirm.com\\\/es\\\/lesion-personal\\\/lesiones-cerebrales\\\/#primaryimage\"},\"image\":{\"@id\":\"https:\\\/\\\/www.rockylawfirm.com\\\/es\\\/lesion-personal\\\/lesiones-cerebrales\\\/#primaryimage\"},\"thumbnailUrl\":\"https:\\\/\\\/www.rockylawfirm.com\\\/wp-content\\\/uploads\\\/2015\\\/04\\\/brain-scan.jpg\",\"datePublished\":\"2023-11-16T11:26:05+00:00\",\"dateModified\":\"2025-03-18T09:12:49+00:00\",\"breadcrumb\":{\"@id\":\"https:\\\/\\\/www.rockylawfirm.com\\\/es\\\/lesion-personal\\\/lesiones-cerebrales\\\/#breadcrumb\"},\"inLanguage\":\"es\",\"potentialAction\":[{\"@type\":\"ReadAction\",\"target\":[\"https:\\\/\\\/www.rockylawfirm.com\\\/es\\\/lesion-personal\\\/lesiones-cerebrales\\\/\"]}]},{\"@type\":\"ImageObject\",\"inLanguage\":\"es\",\"@id\":\"https:\\\/\\\/www.rockylawfirm.com\\\/es\\\/lesion-personal\\\/lesiones-cerebrales\\\/#primaryimage\",\"url\":\"https:\\\/\\\/www.rockylawfirm.com\\\/wp-content\\\/uploads\\\/2015\\\/04\\\/brain-scan.jpg\",\"contentUrl\":\"https:\\\/\\\/www.rockylawfirm.com\\\/wp-content\\\/uploads\\\/2015\\\/04\\\/brain-scan.jpg\",\"width\":777,\"height\":428},{\"@type\":\"BreadcrumbList\",\"@id\":\"https:\\\/\\\/www.rockylawfirm.com\\\/es\\\/lesion-personal\\\/lesiones-cerebrales\\\/#breadcrumb\",\"itemListElement\":[{\"@type\":\"ListItem\",\"position\":1,\"name\":\"Lesi\u00f3n personal\",\"item\":\"https:\\\/\\\/www.rockylawfirm.com\\\/es\\\/lesion-personal\\\/\"},{\"@type\":\"ListItem\",\"position\":2,\"name\":\"Lesiones Cerebrales\"}]},{\"@type\":\"WebSite\",\"@id\":\"https:\\\/\\\/www.rockylawfirm.com\\\/es\\\/#website\",\"url\":\"https:\\\/\\\/www.rockylawfirm.com\\\/es\\\/\",\"name\":\"Rocky McElhaney Law Firm: Car Accident &amp; Injury Lawyers\",\"description\":\"Nashville personal injury lawyers\",\"potentialAction\":[{\"@type\":\"SearchAction\",\"target\":{\"@type\":\"EntryPoint\",\"urlTemplate\":\"https:\\\/\\\/www.rockylawfirm.com\\\/es\\\/?s={search_term_string}\"},\"query-input\":{\"@type\":\"PropertyValueSpecification\",\"valueRequired\":true,\"valueName\":\"search_term_string\"}}],\"inLanguage\":\"es\"}]}<\/script>\n<!-- \/ Yoast SEO plugin. -->","yoast_head_json":{"title":"Abogado de lesiones cerebrales en Nashville","robots":{"index":"index","follow":"follow","max-snippet":"max-snippet:-1","max-image-preview":"max-image-preview:large","max-video-preview":"max-video-preview:-1"},"canonical":"https:\/\/www.rockylawfirm.com\/es\/lesion-personal\/lesiones-cerebrales\/","og_locale":"es_ES","og_type":"article","og_title":"Abogado de lesiones cerebrales en Nashville","og_description":"La informaci\u00f3n que necesita sobre sus derechos despu\u00e9s de una lesi\u00f3n cerebral Defensa compasiva para las v\u00edctimas en todo Tennessee \u00bfHay alguna parte del cuerpo humano m\u00e1s maravillosa, m\u00e1s importante y m\u00e1s incomprendida que el cerebro? Esas tres libras de nervios, neuronas y tejidos controlan cada una de las cosas que hacemos: c\u00f3mo caminamos, c\u00f3mo&hellip;","og_url":"https:\/\/www.rockylawfirm.com\/es\/lesion-personal\/lesiones-cerebrales\/","og_site_name":"Rocky McElhaney Law Firm: Car Accident &amp; Injury Lawyers","article_publisher":"https:\/\/www.facebook.com\/rockylawfirm","article_modified_time":"2025-03-18T09:12:49+00:00","og_image":[{"width":777,"height":428,"url":"https:\/\/www.rockylawfirm.com\/wp-content\/uploads\/2015\/04\/brain-scan.jpg","type":"image\/jpeg"}],"twitter_misc":{"Tiempo de lectura":"4 minutos"},"schema":{"@context":"https:\/\/schema.org","@graph":[{"@type":"WebPage","@id":"https:\/\/www.rockylawfirm.com\/es\/lesion-personal\/lesiones-cerebrales\/","url":"https:\/\/www.rockylawfirm.com\/es\/lesion-personal\/lesiones-cerebrales\/","name":"Abogado de lesiones cerebrales en Nashville","isPartOf":{"@id":"https:\/\/www.rockylawfirm.com\/es\/#website"},"primaryImageOfPage":{"@id":"https:\/\/www.rockylawfirm.com\/es\/lesion-personal\/lesiones-cerebrales\/#primaryimage"},"image":{"@id":"https:\/\/www.rockylawfirm.com\/es\/lesion-personal\/lesiones-cerebrales\/#primaryimage"},"thumbnailUrl":"https:\/\/www.rockylawfirm.com\/wp-content\/uploads\/2015\/04\/brain-scan.jpg","datePublished":"2023-11-16T11:26:05+00:00","dateModified":"2025-03-18T09:12:49+00:00","breadcrumb":{"@id":"https:\/\/www.rockylawfirm.com\/es\/lesion-personal\/lesiones-cerebrales\/#breadcrumb"},"inLanguage":"es","potentialAction":[{"@type":"ReadAction","target":["https:\/\/www.rockylawfirm.com\/es\/lesion-personal\/lesiones-cerebrales\/"]}]},{"@type":"ImageObject","inLanguage":"es","@id":"https:\/\/www.rockylawfirm.com\/es\/lesion-personal\/lesiones-cerebrales\/#primaryimage","url":"https:\/\/www.rockylawfirm.com\/wp-content\/uploads\/2015\/04\/brain-scan.jpg","contentUrl":"https:\/\/www.rockylawfirm.com\/wp-content\/uploads\/2015\/04\/brain-scan.jpg","width":777,"height":428},{"@type":"BreadcrumbList","@id":"https:\/\/www.rockylawfirm.com\/es\/lesion-personal\/lesiones-cerebrales\/#breadcrumb","itemListElement":[{"@type":"ListItem","position":1,"name":"Lesi\u00f3n personal","item":"https:\/\/www.rockylawfirm.com\/es\/lesion-personal\/"},{"@type":"ListItem","position":2,"name":"Lesiones Cerebrales"}]},{"@type":"WebSite","@id":"https:\/\/www.rockylawfirm.com\/es\/#website","url":"https:\/\/www.rockylawfirm.com\/es\/","name":"Rocky McElhaney Law Firm: Car Accident &amp; Injury Lawyers","description":"Nashville personal injury lawyers","potentialAction":[{"@type":"SearchAction","target":{"@type":"EntryPoint","urlTemplate":"https:\/\/www.rockylawfirm.com\/es\/?s={search_term_string}"},"query-input":{"@type":"PropertyValueSpecification","valueRequired":true,"valueName":"search_term_string"}}],"inLanguage":"es"}]}},"_links":{"self":[{"href":"https:\/\/www.rockylawfirm.com\/es\/wp-json\/wp\/v2\/pages\/16377","targetHints":{"allow":["GET"]}}],"collection":[{"href":"https:\/\/www.rockylawfirm.com\/es\/wp-json\/wp\/v2\/pages"}],"about":[{"href":"https:\/\/www.rockylawfirm.com\/es\/wp-json\/wp\/v2\/types\/page"}],"author":[{"embeddable":true,"href":"https:\/\/www.rockylawfirm.com\/es\/wp-json\/wp\/v2\/users\/2"}],"replies":[{"embeddable":true,"href":"https:\/\/www.rockylawfirm.com\/es\/wp-json\/wp\/v2\/comments?post=16377"}],"version-history":[{"count":0,"href":"https:\/\/www.rockylawfirm.com\/es\/wp-json\/wp\/v2\/pages\/16377\/revisions"}],"up":[{"embeddable":true,"href":"https:\/\/www.rockylawfirm.com\/es\/wp-json\/wp\/v2\/pages\/15274"}],"wp:featuredmedia":[{"embeddable":true,"href":"https:\/\/www.rockylawfirm.com\/es\/wp-json\/wp\/v2\/media\/15336"}],"wp:attachment":[{"href":"https:\/\/www.rockylawfirm.com\/es\/wp-json\/wp\/v2\/media?parent=16377"}],"curies":[{"name":"wp","href":"https:\/\/api.w.org\/{rel}","templated":true}]}}