{"id":16379,"date":"2023-11-16T05:03:34","date_gmt":"2023-11-16T11:03:34","guid":{"rendered":"https:\/\/www.rockylawfirm.com\/?page_id=16379"},"modified":"2025-03-18T03:12:49","modified_gmt":"2025-03-18T09:12:49","slug":"accidentes-de-construccion","status":"publish","type":"page","link":"https:\/\/www.rockylawfirm.com\/es\/accidentes-de-construccion\/","title":{"rendered":"Accidentes de Construcci\u00f3n"},"content":{"rendered":"\n\n\t\t\t\t<img decoding=\"async\" src=\"https:\/\/www.rockylawfirm.com\/wp-content\/uploads\/2015\/10\/Construction-accident.jpg\" alt=\"Abogado de accidente de construcci\u00f3n Nashville, TN\" itemprop=\"image\" height=\"428\" width=\"777\" title=\"Nashville workers' compensation lawyers\" onerror=\"this.style.display='none'\"  \/>\n\t<h1>Abogados de accidentes de construcci\u00f3n en Nashville<\/h1>\n<h2>Ayudando a los trabajadores de Tennessee a obtener la justicia que se merecen<\/h2>\n<p>Como hijo de un trabajador discapacitado permanentemente por un accidente en el trabajo, el abogado de accidentes de la construcci\u00f3n de Nashville, Rocky McElhaney, se toma muy personalmente las heridas de los trabajadores lesionados. Usa todos sus a\u00f1os de experiencia luchando por las v\u00edctimas de accidentes en el sitio de construcci\u00f3n, y otros accidentes, en el lugar de trabajo en nombre de los clientes cuyas vidas han cambiado para siempre sin tener la culpa. Si usted o un ser querido result\u00f3 herido en un accidente de construcci\u00f3n en Nashville, y ahora necesita asesoramiento legal sobre c\u00f3mo recuperar una compensaci\u00f3n para mantener a su familia, el bufete de abogados Rocky McElhaney puede ayudarlo.<\/p>\n<h2>La construcci\u00f3n es una industria peligrosa<\/h2>\n<p>Cuando la gente piensa en \u00abconstrucci\u00f3n\u00bb, suele pensar en edificios. Claro, el trabajo de construcci\u00f3n implica construir en gran cantidad, pero hay muchos otros trabajos en la industria de la construcci\u00f3n que son peligrosos:<\/p>\n<ul>\n<li>Carpinter\u00eda de acero y chapa<\/li>\n<li>L\u00edneas de montaje<\/li>\n<li>Alba\u00f1iler\u00eda<\/li>\n<li>Operadores de equipos<\/li>\n<li>Trabajo el\u00e9ctrico Plomer\u00eda<\/li>\n<li>HVAC<\/li>\n<li>Acristalamiento<\/li>\n<li>Demolici\u00f3n y explosivos<\/li>\n<\/ul>\n<p>Los trabajadores de la construcci\u00f3n est\u00e1n rodeados de Equipo pesado, materiales peligrosos y herramientas de trabajo peligrosas con, a menudo, un entorno agitado con decenas de personas. Incluso el empleado m\u00e1s cuidadoso corre el riesgo de sufrir lesiones graves o la muerte debido a errores o negligencia absoluta en el sitio de construcci\u00f3n.<\/p>\n\t<h2>Los \u00abcuatro fatales\u00bb de la construcci\u00f3n<\/h2>\n<p>La Administraci\u00f3n de Salud y Seguridad Ocupacional (OSHA) informa que en 2017, el a\u00f1o m\u00e1s reciente disponible, hubo 5.147 muertes de trabajadores de la construcci\u00f3n &#8211; alrededor de 14 al d\u00eda, lo que representa aproximadamente el 20% de todas las muertes en el lugar de trabajo ese a\u00f1o.<\/p>\n<p>OSHA ha identificado las principales causas de accidentes mortales de construcci\u00f3n, denomin\u00e1ndolas los \u00abCuatro Fatales\u00bb. Ellos son:<\/p>\n<ul>\n<li>\u00a0Ca\u00eddas<\/li>\n<li>Golpeado por un objeto<\/li>\n<li>Electrocuciones<\/li>\n<li>Aplastamiento<\/li>\n<\/ul>\n<p>Simplemente eliminar estas cuatro causas de accidentes fatales, ahorrar\u00eda cerca de 600 trabajadores al a\u00f1o, seg\u00fan OSHA.<\/p>\n<h2>Lesiones comunes en sitios de construcci\u00f3n<\/h2>\n<p>El tipo y la gravedad de las lesiones por accidentes en el lugar de la construcci\u00f3n variar\u00e1n, por supuesto, seg\u00fan la naturaleza del accidente. Algunas de las lesiones t\u00edpicas incluyen:<\/p>\n<ul>\n<li>Huesos rotos<\/li>\n<li>Moretones<\/li>\n<li>Laceraciones<\/li>\n<li>Lesiones de espalda y cuello<\/li>\n<li>Conmociones cerebrales<\/li>\n<\/ul>\n<p>Sin embargo, algunas lesiones pueden cambiar la vida. Las Lesiones catastr\u00f3ficas son los tipos de lesiones que pueden durar toda la vida y, por lo general, requieren tratamiento m\u00e9dico a largo plazo, rehabilitaci\u00f3n y otras formas de atenci\u00f3n. Estos pueden incluir:<\/p>\n<ul>\n<li>Lesiones cerebrales traum\u00e1ticas por ca\u00eddas o golpes con objetos<\/li>\n<li>Lesiones de la m\u00e9dula espinal y par\u00e1lisis por ca\u00eddas o aplastamiento<\/li>\n<li>P\u00e9rdida de una extremidad por aplastamiento, generalmente por maquinaria pesada<\/li>\n<li>P\u00e9rdida permanente de audici\u00f3n o visi\u00f3n<\/li>\n<li>Da\u00f1o de \u00f3rganos por lesiones penetrantes<\/li>\n<li>Muerte por negligencia<\/li>\n<\/ul>\n<h2>Buscando una compensaci\u00f3n para trabajadores por una lesi\u00f3n relacionada con la construcci\u00f3n<\/h2>\n<p>Cuando los empleados se lesionan en el trabajo durante el curso de sus actividades laborales regulares, pueden ser elegibles para la compensaci\u00f3n de trabajadores, que es un sistema de compensaci\u00f3n por discapacidad sin culpa administrado por el estado. Los trabajadores lesionados deben informar su lesi\u00f3n a su empleador y luego consultar a un m\u00e9dico de inmediato en caso de una lesi\u00f3n accidental. Los trabajadores reciben un pago de reemplazo salarial parcial y gastos m\u00e9dicos relacionados con la lesi\u00f3n en el lugar de trabajo. Tambi\u00e9n existe un beneficio por fallecimiento para el c\u00f3nyuge sobreviviente, o los familiares de los trabajadores, que fallezcan en un accidente de trabajo o por una enfermedad profesional.<\/p>\n<p>Y mientras el seguro <em>deber\u00eda <\/em>compensar a las v\u00edctimas de accidentes de construcci\u00f3n en su momento de necesidad, la mayor\u00eda de las aseguradoras hacen todo lo posible para retrasar o negar rotundamente estos reclamos perfectamente leg\u00edtimos.<\/p>\n<h2>Presentar una demanda por lesiones personales despu\u00e9s de un accidente de construcci\u00f3n<\/h2>\n<p>No todos los trabajadores pueden solicitar compensaci\u00f3n laboral. Los contratistas independientes no pueden aplicar, por ejemplo. Algunos empleadores optan por no tener este seguro a pesar de la ley, lo que los expone a una posible demanda. Incluso si su empleador est\u00e1 debidamente cubierto, una demanda puede ser una opci\u00f3n si un tercero que no sea su empleador fue responsable del accidente de construcci\u00f3n. Por ejemplo, si se lesion\u00f3 debido a un mal funcionamiento de un montacargas, la empresa que fabric\u00f3 el montacargas defectuoso podr\u00eda ser potencialmente responsable de sus lesiones. Una clave para la recuperaci\u00f3n es una buena investigaci\u00f3n de los hechos y las circunstancias.<\/p>\n<h2>\u00bfCu\u00e1nto vale mi reclamo?<\/h2>\n<p>Depende. Nunca podemos garantizar un resultado en un reclamo por lesiones personales por un accidente de construcci\u00f3n, pero las lesiones m\u00e1s graves que alteran la vida pueden recibir paquetes de compensaci\u00f3n m\u00e1s grandes. Esto se debe a que las lesiones m\u00e1s graves suelen equivaler a p\u00e9rdidas m\u00e1s graves y m\u00e1s costosas. Dependiendo de sus circunstancias, puede tener derecho a recibir:<\/p>\n<ul>\n<li>Gastos m\u00e9dicos, tanto actuales como futuros<\/li>\n<li>Salarios perdidos, tanto actuales como futuros<\/li>\n<li>Compensaci\u00f3n por da\u00f1os a la propiedad, cuando corresponda<\/li>\n<li>Compensaci\u00f3n por dolor y sufrimiento<\/li>\n<li>Gastos de entierro y funeral<\/li>\n<\/ul>\n<p>La compensaci\u00f3n para trabajadores, por otro lado, tiene un cronograma fijo de beneficios. En t\u00e9rminos generales, el reemplazo de su salario semanal deber\u00eda ser el 66.67% de lo que es su salario semanal normal, pero otros beneficios pueden variar. Para el 1 de julio de 2019 al 30 de junio de 2020, aqu\u00ed es a lo que llega el desglose:<\/p>\n<ul>\n<li>Beneficios Del Salario M\u00ednimo: $ 144 Por Semana<\/li>\n<li>Tarifa M\u00e1xima, Beneficios Temporales: $ 1,056 Por Semana<\/li>\n<li>Tarifa M\u00e1xima, Beneficios Permanentes: $ 960 Por Semana<\/li>\n<li>Total De Semanas Permitidas: 450<\/li>\n<li>Beneficio Total Permitido: $ 432.000<\/li>\n<li>Beneficios M\u00e9dicos: Ilimitado<\/li>\n<li>Beneficios De Entierro: $ 10,000<\/li>\n<\/ul>\n<p>Es posible que tenga derecho a una compensaci\u00f3n adicional por capacitaci\u00f3n vocacional, cicatrices y desfiguraciones, y otros temas. Comun\u00edquese con nosotros para analizar si un pago semanal o un acuerdo de suma global es lo mejor para usted.<\/p>\n<p>Ya sea que necesite ayuda para obtener los beneficios de compensaci\u00f3n para trabajadores, si su empleador no cumpli\u00f3 con la compensaci\u00f3n para trabajadores o si no est\u00e1 seguro de tener un reclamo v\u00e1lido contra un tercero, comun\u00edquese con <a href=\"https:\/\/www.rockylawfirm.com\/es\/rocky-mcelhaney\/\"  data-wpil-monitor-id=\"25\">Rocky McElhaney<\/a>. Nuestros abogados de lesiones en la construcci\u00f3n de Nashville pueden evaluar su caso y determinar qui\u00e9n tiene la culpa de su accidente y qu\u00e9 acciones legales deben tomarse a continuaci\u00f3n.<\/p>\n<h3>Deje Rocky Dght por usted despu\u00e9s de un accidente de construcci\u00f3n en Nashville<\/h3>\n<p>Nuestra firma tiene un historial tremendo de acuerdos exitosos y veredictos del jurado, y agradecemos el honor y la oportunidad de representarlo si ha sufrido una lesi\u00f3n debido a un accidente de construcci\u00f3n o cualquier otro tipo de percance en el lugar de trabajo. Llame al bufete de abogados Rocky McElhaney al 615-239-6755 o llene nuestro Formulario de contacto para programar una consulta inicial gratuita en Nashville o Hendersonville hoy.<\/p>\n\n","protected":false},"excerpt":{"rendered":"<p>Abogados de accidentes de construcci\u00f3n en Nashville Ayudando a los trabajadores de Tennessee a obtener la justicia que se merecen Como hijo de un trabajador discapacitado permanentemente por un accidente en el trabajo, el abogado de accidentes de la construcci\u00f3n de Nashville, Rocky McElhaney, se toma muy personalmente las heridas de los trabajadores lesionados. Usa&hellip;<\/p>\n","protected":false},"author":2,"featured_media":15309,"parent":0,"menu_order":0,"comment_status":"closed","ping_status":"closed","template":"","meta":{"footnotes":""},"class_list":["post-16379","page","type-page","status-publish","has-post-thumbnail","hentry"],"yoast_head":"<!-- This site is optimized with the Yoast SEO plugin v27.4 - https:\/\/yoast.com\/product\/yoast-seo-wordpress\/ -->\n<title>Abogado de accidente de construcci\u00f3n Nashville, TN<\/title>\n<meta name=\"robots\" content=\"index, follow, max-snippet:-1, max-image-preview:large, max-video-preview:-1\" \/>\n<link rel=\"canonical\" href=\"https:\/\/www.rockylawfirm.com\/es\/accidentes-de-construccion\/\" \/>\n<meta property=\"og:locale\" content=\"es_ES\" \/>\n<meta property=\"og:type\" content=\"article\" \/>\n<meta property=\"og:title\" content=\"Abogado de accidente de construcci\u00f3n Nashville, TN\" \/>\n<meta property=\"og:description\" content=\"Abogados de accidentes de construcci\u00f3n en Nashville Ayudando a los trabajadores de Tennessee a obtener la justicia que se merecen Como hijo de un trabajador discapacitado permanentemente por un accidente en el trabajo, el abogado de accidentes de la construcci\u00f3n de Nashville, Rocky McElhaney, se toma muy personalmente las heridas de los trabajadores lesionados. Usa&hellip;\" \/>\n<meta property=\"og:url\" content=\"https:\/\/www.rockylawfirm.com\/es\/accidentes-de-construccion\/\" \/>\n<meta property=\"og:site_name\" content=\"Rocky McElhaney Law Firm: Car Accident &amp; Injury Lawyers\" \/>\n<meta property=\"article:publisher\" content=\"https:\/\/www.facebook.com\/rockylawfirm\" \/>\n<meta property=\"article:modified_time\" content=\"2025-03-18T09:12:49+00:00\" \/>\n<meta property=\"og:image\" content=\"https:\/\/www.rockylawfirm.com\/wp-content\/uploads\/2015\/10\/Construction-accident.jpg\" \/>\n\t<meta property=\"og:image:width\" content=\"777\" \/>\n\t<meta property=\"og:image:height\" content=\"428\" \/>\n\t<meta property=\"og:image:type\" content=\"image\/jpeg\" \/>\n<meta name=\"twitter:label1\" content=\"Tiempo de lectura\" \/>\n\t<meta name=\"twitter:data1\" content=\"6 minutos\" \/>\n<script type=\"application\/ld+json\" class=\"yoast-schema-graph\">{\"@context\":\"https:\\\/\\\/schema.org\",\"@graph\":[{\"@type\":\"WebPage\",\"@id\":\"https:\\\/\\\/www.rockylawfirm.com\\\/es\\\/accidentes-de-construccion\\\/\",\"url\":\"https:\\\/\\\/www.rockylawfirm.com\\\/es\\\/accidentes-de-construccion\\\/\",\"name\":\"Abogado de accidente de construcci\u00f3n Nashville, TN\",\"isPartOf\":{\"@id\":\"https:\\\/\\\/www.rockylawfirm.com\\\/es\\\/#website\"},\"primaryImageOfPage\":{\"@id\":\"https:\\\/\\\/www.rockylawfirm.com\\\/es\\\/accidentes-de-construccion\\\/#primaryimage\"},\"image\":{\"@id\":\"https:\\\/\\\/www.rockylawfirm.com\\\/es\\\/accidentes-de-construccion\\\/#primaryimage\"},\"thumbnailUrl\":\"https:\\\/\\\/www.rockylawfirm.com\\\/wp-content\\\/uploads\\\/2015\\\/10\\\/Construction-accident.jpg\",\"datePublished\":\"2023-11-16T11:03:34+00:00\",\"dateModified\":\"2025-03-18T09:12:49+00:00\",\"inLanguage\":\"es\",\"potentialAction\":[{\"@type\":\"ReadAction\",\"target\":[\"https:\\\/\\\/www.rockylawfirm.com\\\/es\\\/accidentes-de-construccion\\\/\"]}]},{\"@type\":\"ImageObject\",\"inLanguage\":\"es\",\"@id\":\"https:\\\/\\\/www.rockylawfirm.com\\\/es\\\/accidentes-de-construccion\\\/#primaryimage\",\"url\":\"https:\\\/\\\/www.rockylawfirm.com\\\/wp-content\\\/uploads\\\/2015\\\/10\\\/Construction-accident.jpg\",\"contentUrl\":\"https:\\\/\\\/www.rockylawfirm.com\\\/wp-content\\\/uploads\\\/2015\\\/10\\\/Construction-accident.jpg\",\"width\":777,\"height\":428,\"caption\":\"Abogado de accidente de construcci\u00f3n Nashville, TN\"},{\"@type\":\"WebSite\",\"@id\":\"https:\\\/\\\/www.rockylawfirm.com\\\/es\\\/#website\",\"url\":\"https:\\\/\\\/www.rockylawfirm.com\\\/es\\\/\",\"name\":\"Rocky McElhaney Law Firm: Car Accident &amp; Injury Lawyers\",\"description\":\"Nashville personal injury lawyers\",\"potentialAction\":[{\"@type\":\"SearchAction\",\"target\":{\"@type\":\"EntryPoint\",\"urlTemplate\":\"https:\\\/\\\/www.rockylawfirm.com\\\/es\\\/?s={search_term_string}\"},\"query-input\":{\"@type\":\"PropertyValueSpecification\",\"valueRequired\":true,\"valueName\":\"search_term_string\"}}],\"inLanguage\":\"es\"}]}<\/script>\n<!-- \/ Yoast SEO plugin. -->","yoast_head_json":{"title":"Abogado de accidente de construcci\u00f3n Nashville, TN","robots":{"index":"index","follow":"follow","max-snippet":"max-snippet:-1","max-image-preview":"max-image-preview:large","max-video-preview":"max-video-preview:-1"},"canonical":"https:\/\/www.rockylawfirm.com\/es\/accidentes-de-construccion\/","og_locale":"es_ES","og_type":"article","og_title":"Abogado de accidente de construcci\u00f3n Nashville, TN","og_description":"Abogados de accidentes de construcci\u00f3n en Nashville Ayudando a los trabajadores de Tennessee a obtener la justicia que se merecen Como hijo de un trabajador discapacitado permanentemente por un accidente en el trabajo, el abogado de accidentes de la construcci\u00f3n de Nashville, Rocky McElhaney, se toma muy personalmente las heridas de los trabajadores lesionados. Usa&hellip;","og_url":"https:\/\/www.rockylawfirm.com\/es\/accidentes-de-construccion\/","og_site_name":"Rocky McElhaney Law Firm: Car Accident &amp; Injury Lawyers","article_publisher":"https:\/\/www.facebook.com\/rockylawfirm","article_modified_time":"2025-03-18T09:12:49+00:00","og_image":[{"width":777,"height":428,"url":"https:\/\/www.rockylawfirm.com\/wp-content\/uploads\/2015\/10\/Construction-accident.jpg","type":"image\/jpeg"}],"twitter_misc":{"Tiempo de lectura":"6 minutos"},"schema":{"@context":"https:\/\/schema.org","@graph":[{"@type":"WebPage","@id":"https:\/\/www.rockylawfirm.com\/es\/accidentes-de-construccion\/","url":"https:\/\/www.rockylawfirm.com\/es\/accidentes-de-construccion\/","name":"Abogado de accidente de construcci\u00f3n Nashville, TN","isPartOf":{"@id":"https:\/\/www.rockylawfirm.com\/es\/#website"},"primaryImageOfPage":{"@id":"https:\/\/www.rockylawfirm.com\/es\/accidentes-de-construccion\/#primaryimage"},"image":{"@id":"https:\/\/www.rockylawfirm.com\/es\/accidentes-de-construccion\/#primaryimage"},"thumbnailUrl":"https:\/\/www.rockylawfirm.com\/wp-content\/uploads\/2015\/10\/Construction-accident.jpg","datePublished":"2023-11-16T11:03:34+00:00","dateModified":"2025-03-18T09:12:49+00:00","inLanguage":"es","potentialAction":[{"@type":"ReadAction","target":["https:\/\/www.rockylawfirm.com\/es\/accidentes-de-construccion\/"]}]},{"@type":"ImageObject","inLanguage":"es","@id":"https:\/\/www.rockylawfirm.com\/es\/accidentes-de-construccion\/#primaryimage","url":"https:\/\/www.rockylawfirm.com\/wp-content\/uploads\/2015\/10\/Construction-accident.jpg","contentUrl":"https:\/\/www.rockylawfirm.com\/wp-content\/uploads\/2015\/10\/Construction-accident.jpg","width":777,"height":428,"caption":"Abogado de accidente de construcci\u00f3n Nashville, TN"},{"@type":"WebSite","@id":"https:\/\/www.rockylawfirm.com\/es\/#website","url":"https:\/\/www.rockylawfirm.com\/es\/","name":"Rocky McElhaney Law Firm: Car Accident &amp; Injury Lawyers","description":"Nashville personal injury lawyers","potentialAction":[{"@type":"SearchAction","target":{"@type":"EntryPoint","urlTemplate":"https:\/\/www.rockylawfirm.com\/es\/?s={search_term_string}"},"query-input":{"@type":"PropertyValueSpecification","valueRequired":true,"valueName":"search_term_string"}}],"inLanguage":"es"}]}},"_links":{"self":[{"href":"https:\/\/www.rockylawfirm.com\/es\/wp-json\/wp\/v2\/pages\/16379","targetHints":{"allow":["GET"]}}],"collection":[{"href":"https:\/\/www.rockylawfirm.com\/es\/wp-json\/wp\/v2\/pages"}],"about":[{"href":"https:\/\/www.rockylawfirm.com\/es\/wp-json\/wp\/v2\/types\/page"}],"author":[{"embeddable":true,"href":"https:\/\/www.rockylawfirm.com\/es\/wp-json\/wp\/v2\/users\/2"}],"replies":[{"embeddable":true,"href":"https:\/\/www.rockylawfirm.com\/es\/wp-json\/wp\/v2\/comments?post=16379"}],"version-history":[{"count":0,"href":"https:\/\/www.rockylawfirm.com\/es\/wp-json\/wp\/v2\/pages\/16379\/revisions"}],"wp:featuredmedia":[{"embeddable":true,"href":"https:\/\/www.rockylawfirm.com\/es\/wp-json\/wp\/v2\/media\/15309"}],"wp:attachment":[{"href":"https:\/\/www.rockylawfirm.com\/es\/wp-json\/wp\/v2\/media?parent=16379"}],"curies":[{"name":"wp","href":"https:\/\/api.w.org\/{rel}","templated":true}]}}