{"id":16383,"date":"2021-05-25T11:02:26","date_gmt":"2021-05-25T17:02:26","guid":{"rendered":"https:\/\/www.rockylawfirm.com\/?page_id=16383"},"modified":"2025-03-18T03:12:48","modified_gmt":"2025-03-18T09:12:48","slug":"por-que-somos-mejores","status":"publish","type":"page","link":"https:\/\/www.rockylawfirm.com\/es\/por-que-somos-mejores\/","title":{"rendered":"Por qu\u00e9 Somos Mejores"},"content":{"rendered":"\n\n\t\t\t\t<img decoding=\"async\" src=\"https:\/\/www.rockylawfirm.com\/wp-content\/uploads\/2022\/07\/Nashville-Car-Accident-Lawyers.jpg\" alt=\"Nashville Car Accident Lawyers\" itemprop=\"image\" height=\"894\" width=\"1401\" title=\"Nashville Car Accident Lawyers\" onerror=\"this.style.display='none'\"  \/>\n\t<h1>Abogados de lesiones personales y accidentes automovil\u00edsticos de Nashville, Hendersonville y Knoxville<\/h1>\n<h2>La diferencia<\/h2>\n<p>El bufete de abogados Rocky McElhaney se fund\u00f3 por una raz\u00f3n: ayudar a las personas a reconstruir sus vidas despu\u00e9s de sufrir lesiones graves y accidentes. Nuestra firma representa exclusivamente a los demandantes en casos en todo Tennessee y se ha ganado la reputaci\u00f3n de obtener acuerdos y veredictos exitosos para nuestros clientes en los tribunales estatales y federales. Si bien algunos abogados hablan suavemente sobre exigir justicia para sus clientes, nosotros tomamos medidas agresivas para obtener la m\u00e1xima compensaci\u00f3n disponible para cada cliente de una manera rentable y eficiente.<\/p>\n<h2>El \u00e9xito comienza con respeto<\/h2>\n<p>Sabemos lo dif\u00edcil que puede ser para las familias cuidar a un ser querido y prepararse para una demanda al mismo tiempo. Desde el momento en que ingresa a nuestra oficina de Nashville, lo tratamos con cortes\u00eda y amabilidad, y le brindamos toda nuestra atenci\u00f3n mientras cuenta su historia. Durante su consulta inicial gratuita, nuestro experimentado equipo de asociados, asistentes legales y profesionales legales se reunir\u00e1 con usted para asegurarse de que su caso sea analizado con gran detalle. \u00a0El abogado principal Rocky McElhaney participa en todos los aspectos de su caso y supervisa todo el proceso para garantizar que su caso obtenga el respeto y los resultados que se merece.<\/p>\n<p>Estamos orgullosos de nuestras habilidades en la gesti\u00f3n de casos. Estamos dedicados a resolver su caso de manera r\u00e1pida y efectiva para que pueda concentrarse en mejorarse de sus lesiones. Nada es m\u00e1s importante para nosotros que su bienestar, y nuestro equipo se asegura de que los clientes est\u00e9n completamente informados sobre su caso en todo momento. Devolvemos todas las llamadas y correos electr\u00f3nicos de los clientes de manera oportuna, y alentamos a nuestros clientes a que se comuniquen con nosotros si tienen alguna pregunta.<\/p>\n\t<h2>Abogados litigantes de confianza en Nashville, Hendersonville y Knoxville<\/h2>\n<p>La mayor\u00eda de los abogados especialistas en derecho se centran en \u00e1reas de pr\u00e1ctica espec\u00edficas y ofrecen el litigio como un servicio disponible para sus clientes. En el bufete de abogados <a href=\"https:\/\/www.rockylawfirm.com\/es\/rocky-mcelhaney\/\"  data-wpil-monitor-id=\"23\">Rocky McElhaney<\/a>, todo lo que hacemos es litigio civil.<\/p>\n<ul>\n<li><strong>Tenemos una amplia experiencia en la representaci\u00f3n de v\u00edctimas a trav\u00e9s de Tennessee<\/strong>. Representamos a v\u00edctimas que han sido heridas en un accidente en el hogar, en el trabajo o en un hogar de ancianos, todo debido a la negligencia de otros. Nuestros abogados han intentado casos en todos los niveles de la corte estatal y federal y se han ganado el miedo y el respeto de las compa\u00f1\u00edas de seguros y los abogados defensores de todo el estado.<\/li>\n<li><strong>Somos j\u00f3venes, talentosos y agresivos<\/strong>. El abogado principal, Rocky McElhaney, comenz\u00f3 a representar a las v\u00edctimas de accidentes a la edad de 27 a\u00f1os. Cuando cumpli\u00f3 los 28, ya era socio en una firma exitosa de lesiones y accidentes. Ese mismo a\u00f1o, resolvi\u00f3 su primer caso multimillonario. Rocky inici\u00f3 este bufete de abogados para proporcionar a la gente de Tennessee servicios de juicios superiores a cualquier otra firma, y ha reclutado a los abogados litigantes m\u00e1s agresivos y talentosos para lograr ese objetivo. Hemos sido nombrados Mejor de la Barra por el Nashville Business Journal durante cuatro a\u00f1os consecutivos, y somos miembros de la Asociaci\u00f3n Estadounidense de Abogados Litigantes.<\/li>\n<li><strong>Nos dedicamos a la innovaci\u00f3n<\/strong>. Utilizamos tecnolog\u00eda para presentar el mejor caso posible a nuestros clientes en el juicio. Grabamos las deposiciones en video y creamos presentaciones en PowerPoint que cubren los elementos clave de su caso. En el juicio, utilizamos un software sofisticado que nos permite finalizar instant\u00e1neamente y mostrar documentos, videoclips o presentaciones al jurado. Nuestros abogados tambi\u00e9n emplean habitualmente a expertos en reconstrucci\u00f3n de accidentes y dise\u00f1adores de animaci\u00f3n por computadora para mostrar c\u00f3mo nuestros clientes resultaron heridos o muertos.<\/li>\n<\/ul>\n<h3>Act\u00fae ahora para proteger sus derechos<\/h3>\n<p>Cuando su vida est\u00e1 en juego, necesita una firma de abogados dedicada, que este lista para usar todos los recursos posibles para ganar su caso. Terminar\u00e1 con \u00a0todo eso y m\u00e1s en el bufete de abogados Rocky McElhaney. Llame a Rocky al 615-239-6755 o p\u00f3ngase en contacto con la firma en l\u00ednea para programar una consulta inicial gratuita. De nuestras oficinas en Clarksville , Hendersonville y Nashville, el bufete de abogados Rocky McElhaney representa a clientes en todo el estado de Tennessee, incluidos Knoxville, Memphis, Columbia, Murfreesboro, Chattanooga y Kingsport.<\/p>\n\n","protected":false},"excerpt":{"rendered":"<p>Abogados de lesiones personales y accidentes automovil\u00edsticos de Nashville, Hendersonville y Knoxville La diferencia El bufete de abogados Rocky McElhaney se fund\u00f3 por una raz\u00f3n: ayudar a las personas a reconstruir sus vidas despu\u00e9s de sufrir lesiones graves y accidentes. Nuestra firma representa exclusivamente a los demandantes en casos en todo Tennessee y se ha&hellip;<\/p>\n","protected":false},"author":2,"featured_media":0,"parent":0,"menu_order":1,"comment_status":"closed","ping_status":"closed","template":"","meta":{"footnotes":""},"class_list":["post-16383","page","type-page","status-publish","hentry"],"yoast_head":"<!-- This site is optimized with the Yoast SEO plugin v27.3 - https:\/\/yoast.com\/product\/yoast-seo-wordpress\/ -->\n<title>Por qu\u00e9 Somos Mejores - Rocky McElhaney Law Firm: Car Accident &amp; Injury Lawyers<\/title>\n<meta name=\"robots\" content=\"index, follow, max-snippet:-1, max-image-preview:large, max-video-preview:-1\" \/>\n<link rel=\"canonical\" href=\"https:\/\/www.rockylawfirm.com\/es\/por-que-somos-mejores\/\" \/>\n<meta property=\"og:locale\" content=\"es_ES\" \/>\n<meta property=\"og:type\" content=\"article\" \/>\n<meta property=\"og:title\" content=\"Por qu\u00e9 Somos Mejores - Rocky McElhaney Law Firm: Car Accident &amp; Injury Lawyers\" \/>\n<meta property=\"og:description\" content=\"Abogados de lesiones personales y accidentes automovil\u00edsticos de Nashville, Hendersonville y Knoxville La diferencia El bufete de abogados Rocky McElhaney se fund\u00f3 por una raz\u00f3n: ayudar a las personas a reconstruir sus vidas despu\u00e9s de sufrir lesiones graves y accidentes. Nuestra firma representa exclusivamente a los demandantes en casos en todo Tennessee y se ha&hellip;\" \/>\n<meta property=\"og:url\" content=\"https:\/\/www.rockylawfirm.com\/es\/por-que-somos-mejores\/\" \/>\n<meta property=\"og:site_name\" content=\"Rocky McElhaney Law Firm: Car Accident &amp; Injury Lawyers\" \/>\n<meta property=\"article:publisher\" content=\"https:\/\/www.facebook.com\/rockylawfirm\" \/>\n<meta property=\"article:modified_time\" content=\"2025-03-18T09:12:48+00:00\" \/>\n<meta property=\"og:image\" content=\"https:\/\/www.rockylawfirm.com\/wp-content\/uploads\/2022\/07\/Nashville-Car-Accident-Lawyers.jpg\" \/>\n<meta name=\"twitter:label1\" content=\"Tiempo de lectura\" \/>\n\t<meta name=\"twitter:data1\" content=\"4 minutos\" \/>\n<script type=\"application\/ld+json\" class=\"yoast-schema-graph\">{\"@context\":\"https:\\\/\\\/schema.org\",\"@graph\":[{\"@type\":\"WebPage\",\"@id\":\"https:\\\/\\\/www.rockylawfirm.com\\\/es\\\/por-que-somos-mejores\\\/\",\"url\":\"https:\\\/\\\/www.rockylawfirm.com\\\/es\\\/por-que-somos-mejores\\\/\",\"name\":\"Por qu\u00e9 Somos Mejores - Rocky McElhaney Law Firm: Car Accident &amp; Injury Lawyers\",\"isPartOf\":{\"@id\":\"https:\\\/\\\/www.rockylawfirm.com\\\/es\\\/#website\"},\"primaryImageOfPage\":{\"@id\":\"https:\\\/\\\/www.rockylawfirm.com\\\/es\\\/por-que-somos-mejores\\\/#primaryimage\"},\"image\":{\"@id\":\"https:\\\/\\\/www.rockylawfirm.com\\\/es\\\/por-que-somos-mejores\\\/#primaryimage\"},\"thumbnailUrl\":\"https:\\\/\\\/www.rockylawfirm.com\\\/wp-content\\\/uploads\\\/2022\\\/07\\\/Nashville-Car-Accident-Lawyers.jpg\",\"datePublished\":\"2021-05-25T17:02:26+00:00\",\"dateModified\":\"2025-03-18T09:12:48+00:00\",\"inLanguage\":\"es\",\"potentialAction\":[{\"@type\":\"ReadAction\",\"target\":[\"https:\\\/\\\/www.rockylawfirm.com\\\/es\\\/por-que-somos-mejores\\\/\"]}]},{\"@type\":\"ImageObject\",\"inLanguage\":\"es\",\"@id\":\"https:\\\/\\\/www.rockylawfirm.com\\\/es\\\/por-que-somos-mejores\\\/#primaryimage\",\"url\":\"https:\\\/\\\/www.rockylawfirm.com\\\/wp-content\\\/uploads\\\/2022\\\/07\\\/Nashville-Car-Accident-Lawyers.jpg\",\"contentUrl\":\"https:\\\/\\\/www.rockylawfirm.com\\\/wp-content\\\/uploads\\\/2022\\\/07\\\/Nashville-Car-Accident-Lawyers.jpg\"},{\"@type\":\"WebSite\",\"@id\":\"https:\\\/\\\/www.rockylawfirm.com\\\/es\\\/#website\",\"url\":\"https:\\\/\\\/www.rockylawfirm.com\\\/es\\\/\",\"name\":\"Rocky McElhaney Law Firm: Car Accident &amp; Injury Lawyers\",\"description\":\"Nashville personal injury lawyers\",\"potentialAction\":[{\"@type\":\"SearchAction\",\"target\":{\"@type\":\"EntryPoint\",\"urlTemplate\":\"https:\\\/\\\/www.rockylawfirm.com\\\/es\\\/?s={search_term_string}\"},\"query-input\":{\"@type\":\"PropertyValueSpecification\",\"valueRequired\":true,\"valueName\":\"search_term_string\"}}],\"inLanguage\":\"es\"}]}<\/script>\n<!-- \/ Yoast SEO plugin. -->","yoast_head_json":{"title":"Por qu\u00e9 Somos Mejores - Rocky McElhaney Law Firm: Car Accident &amp; Injury Lawyers","robots":{"index":"index","follow":"follow","max-snippet":"max-snippet:-1","max-image-preview":"max-image-preview:large","max-video-preview":"max-video-preview:-1"},"canonical":"https:\/\/www.rockylawfirm.com\/es\/por-que-somos-mejores\/","og_locale":"es_ES","og_type":"article","og_title":"Por qu\u00e9 Somos Mejores - Rocky McElhaney Law Firm: Car Accident &amp; Injury Lawyers","og_description":"Abogados de lesiones personales y accidentes automovil\u00edsticos de Nashville, Hendersonville y Knoxville La diferencia El bufete de abogados Rocky McElhaney se fund\u00f3 por una raz\u00f3n: ayudar a las personas a reconstruir sus vidas despu\u00e9s de sufrir lesiones graves y accidentes. Nuestra firma representa exclusivamente a los demandantes en casos en todo Tennessee y se ha&hellip;","og_url":"https:\/\/www.rockylawfirm.com\/es\/por-que-somos-mejores\/","og_site_name":"Rocky McElhaney Law Firm: Car Accident &amp; Injury Lawyers","article_publisher":"https:\/\/www.facebook.com\/rockylawfirm","article_modified_time":"2025-03-18T09:12:48+00:00","og_image":[{"url":"https:\/\/www.rockylawfirm.com\/wp-content\/uploads\/2022\/07\/Nashville-Car-Accident-Lawyers.jpg","type":"","width":"","height":""}],"twitter_misc":{"Tiempo de lectura":"4 minutos"},"schema":{"@context":"https:\/\/schema.org","@graph":[{"@type":"WebPage","@id":"https:\/\/www.rockylawfirm.com\/es\/por-que-somos-mejores\/","url":"https:\/\/www.rockylawfirm.com\/es\/por-que-somos-mejores\/","name":"Por qu\u00e9 Somos Mejores - Rocky McElhaney Law Firm: Car Accident &amp; Injury Lawyers","isPartOf":{"@id":"https:\/\/www.rockylawfirm.com\/es\/#website"},"primaryImageOfPage":{"@id":"https:\/\/www.rockylawfirm.com\/es\/por-que-somos-mejores\/#primaryimage"},"image":{"@id":"https:\/\/www.rockylawfirm.com\/es\/por-que-somos-mejores\/#primaryimage"},"thumbnailUrl":"https:\/\/www.rockylawfirm.com\/wp-content\/uploads\/2022\/07\/Nashville-Car-Accident-Lawyers.jpg","datePublished":"2021-05-25T17:02:26+00:00","dateModified":"2025-03-18T09:12:48+00:00","inLanguage":"es","potentialAction":[{"@type":"ReadAction","target":["https:\/\/www.rockylawfirm.com\/es\/por-que-somos-mejores\/"]}]},{"@type":"ImageObject","inLanguage":"es","@id":"https:\/\/www.rockylawfirm.com\/es\/por-que-somos-mejores\/#primaryimage","url":"https:\/\/www.rockylawfirm.com\/wp-content\/uploads\/2022\/07\/Nashville-Car-Accident-Lawyers.jpg","contentUrl":"https:\/\/www.rockylawfirm.com\/wp-content\/uploads\/2022\/07\/Nashville-Car-Accident-Lawyers.jpg"},{"@type":"WebSite","@id":"https:\/\/www.rockylawfirm.com\/es\/#website","url":"https:\/\/www.rockylawfirm.com\/es\/","name":"Rocky McElhaney Law Firm: Car Accident &amp; Injury Lawyers","description":"Nashville personal injury lawyers","potentialAction":[{"@type":"SearchAction","target":{"@type":"EntryPoint","urlTemplate":"https:\/\/www.rockylawfirm.com\/es\/?s={search_term_string}"},"query-input":{"@type":"PropertyValueSpecification","valueRequired":true,"valueName":"search_term_string"}}],"inLanguage":"es"}]}},"_links":{"self":[{"href":"https:\/\/www.rockylawfirm.com\/es\/wp-json\/wp\/v2\/pages\/16383","targetHints":{"allow":["GET"]}}],"collection":[{"href":"https:\/\/www.rockylawfirm.com\/es\/wp-json\/wp\/v2\/pages"}],"about":[{"href":"https:\/\/www.rockylawfirm.com\/es\/wp-json\/wp\/v2\/types\/page"}],"author":[{"embeddable":true,"href":"https:\/\/www.rockylawfirm.com\/es\/wp-json\/wp\/v2\/users\/2"}],"replies":[{"embeddable":true,"href":"https:\/\/www.rockylawfirm.com\/es\/wp-json\/wp\/v2\/comments?post=16383"}],"version-history":[{"count":0,"href":"https:\/\/www.rockylawfirm.com\/es\/wp-json\/wp\/v2\/pages\/16383\/revisions"}],"wp:attachment":[{"href":"https:\/\/www.rockylawfirm.com\/es\/wp-json\/wp\/v2\/media?parent=16383"}],"curies":[{"name":"wp","href":"https:\/\/api.w.org\/{rel}","templated":true}]}}