{"id":16393,"date":"2021-05-25T11:18:37","date_gmt":"2021-05-25T17:18:37","guid":{"rendered":"https:\/\/www.rockylawfirm.com\/?page_id=16393"},"modified":"2023-11-15T07:52:51","modified_gmt":"2023-11-15T13:52:51","slug":"rocky-mcelhaney","status":"publish","type":"page","link":"https:\/\/www.rockylawfirm.com\/es\/rocky-mcelhaney\/","title":{"rendered":"Rocky McElhaney"},"content":{"rendered":"\n\n\t<h1>ROCKY MCELHANEY<\/h1>\n<h2>Director General<\/h2>\n<p><strong>Correo electr\u00f3nico: <\/strong><a href=\"\/contact-us\/\">Cont\u00e1cteme<\/a><\/p>\n<em>\u00abSe trata de cu\u00e1n fuerte te pueden golpear, cu\u00e1nto puedes aguantar y mantenerte Avanzando\u00bb.<\/em><strong><em><br \/>\n&#8211; Rocky Balboa<\/em><\/strong>\n<p>Rocky aprendi\u00f3 muchas de las lecciones de vida que ahora usa para ayudar a sus clientes mientras crec\u00eda cerca de Buffalo Trail, en Morristown Tennessee, una peque\u00f1a ciudad a unas 35 millas al este de Knoxville. En Central Point Baptist Church, su abuela le ense\u00f1\u00f3 el orden correcto de los valores fundamentales: fe, familia, amigos y luego finanzas. El padre de Rocky trabajaba como carpintero. Su madre era asistente de Head Start. La familia viv\u00eda de sueldo a sueldo. Rocky vio a sus padres trabajar duro por lo poco que ten\u00edan. Superaron obst\u00e1culos y llegaron a fin de mes. Con su ejemplo, Rocky aprendi\u00f3 que si trabajas duro, puedes lograrlo.<\/p>\n\t\t\t\t<img decoding=\"async\" src=\"https:\/\/www.rockylawfirm.com\/wp-content\/uploads\/2022\/08\/Rocky-McElhaney-Voted-Best-Lawyer-2014-2021.jpg\" alt=\"Rocky McElhaney Voted Best Lawyer 2014-2021\" itemprop=\"image\" height=\"678\" width=\"1380\" title=\"Rocky McElhaney Voted Best Lawyer 2014-2021\" onerror=\"this.style.display='none'\"  \/>\n\t\t\t\t<img decoding=\"async\" src=\"https:\/\/www.rockylawfirm.com\/wp-content\/uploads\/2022\/07\/Rocky-McElhaney-1.png\" alt=\"Rocky McElhaney\" itemprop=\"image\" height=\"804\" width=\"680\" title=\"Rocky McElhaney\" onerror=\"this.style.display='none'\"  \/>\n\t<p>El 5 de agosto de 1988, cuando Rocky ten\u00eda 15 a\u00f1os, su padre, Larry McElhaney, se lesion\u00f3 la espalda baja en el trabajo. Hizo un reclamo de compensaci\u00f3n para trabajadores, pero la compa\u00f1\u00eda de seguros no pag\u00f3 ni proporcion\u00f3 tratamiento m\u00e9dico oportuno. Larry no tuvo m\u00e1s remedio que volver al trabajo y luchar a trav\u00e9s del dolor. El padre de Rocky tard\u00f3 tres a\u00f1os en someterse a la cirug\u00eda que necesitaba.<\/p>\n<p>Rocky vio crecer el estr\u00e9s en el rostro de su padre mientras lidiaba con el dolor f\u00edsico de su lesi\u00f3n, junto con la tensi\u00f3n econ\u00f3mica a medida que se acumulaban las facturas. La familia fue finalmente desalojada de su hogar y obligada a mudarse. Durante m\u00e1s de tres a\u00f1os, el padre de Rocky experiment\u00f3 t\u00e1cticas de bloqueo de casos de libros de texto y tr\u00e1mites burocr\u00e1ticos de una compa\u00f1\u00eda de seguros que se hab\u00eda negado injustamente a darle los beneficios que se hab\u00eda ganado. Estaba agotado.<\/p>\n<p>Larry finalmente contrat\u00f3 a un abogado. La compa\u00f1\u00eda de seguros a\u00fan se neg\u00f3 a aceptar la responsabilidad. De hecho, en documentos judiciales, la compa\u00f1\u00eda de seguros neg\u00f3 que le debiera algo a Larry por su lesi\u00f3n. Con la ayuda de ese abogado, la familia finalmente consigui\u00f3 justicia.<\/p>\n<p><strong>Ese fue el momento en que Rocky decidi\u00f3 convertirse en abogado, para pelear por la gente de la misma manera que ese abogado luch\u00f3 por su padre y su familia.<\/strong><\/p>\n\t<h2><strong>Google Reviews<\/strong><\/h2>\n<p><img decoding=\"async\" src=\"https:\/\/www.rockylawfirm.com\/wp-content\/uploads\/2022\/08\/Review-Stars.png\" alt=\"\" width=\"217\" height=\"38\" \/><\/p>\n\t\t\t<p>\u00ab5 stars! To whom it may concern: Rocky McElhaney Law Firm went above and beyond the call of duty when it came to handling my case. Rocky McElhaney and Russell Belk were there for me 100% of the way.\u00bb~ Linda S.<\/p>\t\t\n\t\t\t<p>\u00ab5 stars! If you&#8217;re looking for a team of great attorney&#8217;s, then you&#8217;ve reached the ones and no longer need to search. Rocky McElhaney Law firm is filled with great people that are empathetic, and will fight for you like they are fighting for themselves! Call them up and see for yourselves!\u00bb~ Phillip H.<\/p>\t\t\n\t\t\t<p>\u00ab5 stars! I would like to express my sincere gratitude to you and all the attorneys who handled my case from The Rocky McElhaney Law Firm for your excellent representation in my case. Words cannot express my heartfelt thanks for your outstanding professionalism, expertise, and legal consultation.\u00bb~ Eddie H.<\/p>\t\t\n\t<h2>LO QUE ROCKY SABE CON SEGURIDAD<\/h2>\n<p>Rocky sabe que las personas que trabajan duro y que se lesionan no deben estar sujetas a dificultades adicionales porque una gran corporaci\u00f3n o compa\u00f1\u00eda de seguros se niega a hacer lo correcto. Rocky cree que las personas lesionadas merecen un abogado en el que puedan confiar para garantizar que aquellos que los da\u00f1en sean plenamente responsables. Las grandes corporaciones y las compa\u00f1\u00edas de seguros de miles de millones de d\u00f3lares que las respaldan deben seguir el mismo est\u00e1ndar que les ense\u00f1amos a nuestros hijos: asumir la responsabilidad de inmediato cuando causan da\u00f1os a otra persona y pagar por completo los da\u00f1os y las p\u00e9rdidas.<\/p>\n<p>Representando a personas que son solamente gente, no a los poderosos, durante los \u00faltimos 18 a\u00f1os, Rocky ha construido esta firma de abogados que lucha para personas como usted. Lo que hace diferente a Rocky es que realmente se preocupa por sus clientes. Cada persona lesionada es su padre, y cada compa\u00f1\u00eda de seguros despiadada es la que impact\u00f3 a su familia. Desde ese punto de vista, Rocky y su equipo se esfuerzan por asegurarse de que cada cliente y su familia obtengan la m\u00e1xima compensaci\u00f3n por lo que atraviesan, no solo un arreglo r\u00e1pido para sacarlos por la puerta.<\/p>\n\t<h2>LA MANERA EN QUE ROCKY ES DIFERENTE<\/h2>\n<h3>Rocky construye amistades con sus clientes, no solo relaciones profesionales.<\/h3>\n<p>Bridget Pack Orst contrat\u00f3 a Rocky en 2000 y todav\u00eda env\u00edan mensajes de texto hasta el d\u00eda de hoy. Rocky fue a juicio por Ernest Atkinson en 2002. Ernie y Rocky se reun\u00edan al menos una vez cada dos meses en el restaurante Beacon Light en la autopista 100 para desayunar hasta que Ernie falleci\u00f3 en 2006. Rocky conoce tu nombre y tu historia; no solo el n\u00famero de su caso y la fecha de la lesi\u00f3n.<\/p>\n<p>Los McElhaney sienten pasi\u00f3n por su participaci\u00f3n en Gallatin CARES, una despensa de alimentos local, donde ayudan a las familias del condado de Sumner que atraviesan tiempos dif\u00edciles. Rocky sabe que muchos de nosotros estamos a solo un cheque de pago perdido de necesitar ayuda. \u00c9l ve el valor de la contribuci\u00f3n de su firma y su familia a CARES, ya que a menudo escuchan historias sobre c\u00f3mo los propios clientes de la firma se han acercado a la organizaci\u00f3n para mantenerse a flote durante el curso de su caso.<\/p>\n<h3>Rocky trabaja duro y juega m\u00e1s duro.<\/h3>\n<p>Le gusta bucear y esquiar en la nieve. Disfruta de los partidos de f\u00fatbol de Tennessee en oto\u00f1o y de Santa Rosa Beach, Florida, en primavera. Su esp\u00edritu aventurero lo ha llevado a saltar en paraca\u00eddas, conducir un autom\u00f3vil de NASCAR a 155 MPH en el Kentucky Speedway y lanzarse desde un acantilado a 35 pies en el Mar Caribe en Rick&#8217;s Caf\u00e9 en Jamaica.<\/p>\n<p>\u00c9l y su esposa, Penny, tienen tres hijos alborotadores, Luke, Jake y Tate, y una dulce ni\u00f1a, Isla, la m\u00e1s joven de los cuatro, y f\u00e1cilmente el mayor demonio de todos. En el poco tiempo libre que tiene, se puede encontrar a Rocky entrenando para los equipos de b\u00e9isbol de sus hijos y disfrutando de tardes perezosas asando a la parrilla en el porche trasero, con el laboratorio negro a su lado, viendo a sus peque\u00f1os crecer demasiado r\u00e1pido.<\/p>\n\t<h2><strong>CASOS QUE HICIERON LAS NOTICIAS<\/strong><\/h2>\n<p>Rocky ha estado involucrado en muchos casos hist\u00f3ricos que han sacudido el mundo legal y redefinido la justicia civil en Tennessee, incluyendo:<\/p>\n<p><strong>Cook contra GM<\/strong><\/p>\n<p>Su representaci\u00f3n de Timothy Cook contra General Motors en 2010 result\u00f3 en un veredicto hist\u00f3rico que sent\u00f3 un precedente en Tennessee, permitiendo que cientos de trabajadores lesionados reabrieran casos cerrados para recibir mayores acuerdos.<\/p>\n<p><strong>Helen Bailey contra Chase<\/strong><\/p>\n<p>En 2011, Helen Bailey, una viuda de 78 a\u00f1os y activista de los derechos civiles, enfrentaba una ejecuci\u00f3n hipotecaria injusta de su casa por parte de Chase Bank. Rocky y la Sra. Bailey se conocieron por casualidad cuando estaban en la misma sala el mismo d\u00eda. Helen estaba all\u00ed para preparar su caso para el juicio y su abogado se hab\u00eda retirado. Rocky no pod\u00eda creer lo que estaba viendo. Se puso de pie y dijo: \u00ab\u00a1Se\u00f1or\u00eda, me quedo con ese caso!\u00bb sabiendo plenamente el camino lleno de baches que ten\u00eda por delante. \u00c9l y los litigantes de la firma trabajaron incansablemente para luchar contra uno de los bancos m\u00e1s grandes del mundo, al mismo tiempo que crearon una tormenta de atenci\u00f3n nacional en torno al caso principal. Temiendo una pesadilla de relaciones p\u00fablicas a\u00fan mayor, Chase acept\u00f3 y permiti\u00f3 que la Sra. Bailey se quedara en su casa por el resto de su vida.<\/p>\n<p><strong>Rocky contra la gran m\u00e1quina<\/strong><\/p>\n<p>En 2013, Rocky encabez\u00f3 un pelea hasta Capitol Hill para evitar que un infame y terrible proyecto de ley de reforma de compensaci\u00f3n para trabajadores se convirtiera en ley. El proyecto de ley recort\u00f3 dr\u00e1sticamente la compensaci\u00f3n que salva vidas para los trabajadores gravemente heridos, los facilit\u00f3 empezar y renunciar el acceso a los tribunales y a un juicio justo. Rocky estuvo al lado de los clientes y las v\u00edctimas de lesiones en todo Tennessee, luchando por la presentaci\u00f3n de un proyecto de ley m\u00e1s imparcial que no estaba tan inclinado en la direcci\u00f3n de las grandes empresas y las codiciosas compa\u00f1\u00edas de seguros.<\/p>\n\t<h3>\u00c1reas de pr\u00e1ctica<\/h3>\n<table border=\"0\" width=\"100%\" cellspacing=\"0\" cellpadding=\"0\">\n<tbody>\n<tr>\n<td valign=\"top\" width=\"50%\">\n<ul>\n<li>Accidentes automovil\u00edsticos<\/li>\n<li>Accidentes de motocicleta<\/li>\n<li>Accidentes de camiones<\/li>\n<li>Accidentes de aviaci\u00f3n<\/li>\n<li>Accidentes de ferrocarril<\/li>\n<\/ul>\n<\/td>\n<td valign=\"top\">\n<ul>\n<li>Lesi\u00f3n personal<\/li>\n<li>Responsabilidad de las instalaciones<\/li>\n<li>Compensaci\u00f3n de trabajadores<\/li>\n<li>Abuso en hogares de ancianos<\/li>\n<li>Lesi\u00f3n infantil<\/li>\n<\/ul>\n<\/td>\n<\/tr>\n<\/tbody>\n<\/table>\n<h3>Educaci\u00f3n<\/h3>\n<ul>\n<li>Facultad de Derecho de Nashville, JD, 1999<\/li>\n<li>Universidad de Tennessee en Knoxville, BA, 1995<\/li>\n<\/ul>\n<h3>Admisiones a la barra<\/h3>\n<ul>\n<li>Tribunales estatales de Tennessee, 1999<\/li>\n<li>Tribunal de Distrito de los Estados Unidos, Distrito Medio, Tennessee 1999<\/li>\n<li>Tribunal de Apelaciones de los Estados Unidos, Sexto Circuito, 2006<\/li>\n<\/ul>\n<h3>Aliados profesionales, premios y organizaciones<\/h3>\n<ul>\n<li>AV Rated, Martindale-Hubbell<\/li>\n<li>Los 100 abogados litigantes, los abogados mejores litigantes nacionales<\/li>\n<li>SuperLawyers<\/li>\n<li>Lo mejor del bar, Nashville Business Journal<\/li>\n<\/ul>\n\t\t\t\t<img decoding=\"async\" src=\"https:\/\/www.rockylawfirm.com\/wp-content\/uploads\/2022\/08\/National-Trial-Lawyers-Top-100.png\" alt=\"National Trial Lawyers Top 100\" itemprop=\"image\" height=\"166\" width=\"301\" title=\"National Trial Lawyers Top 100\" onerror=\"this.style.display='none'\"  \/>\n\t\t\t\t<img decoding=\"async\" src=\"https:\/\/www.rockylawfirm.com\/wp-content\/uploads\/2022\/08\/BEST-of-the-Bar-Nashville-Business-Journal.png\" alt=\"BEST of the Bar Nashville Business Journal\" itemprop=\"image\" height=\"189\" width=\"254\" title=\"BEST of the Bar Nashville Business Journal\" onerror=\"this.style.display='none'\"  \/>\n\t\t\t\t<img decoding=\"async\" src=\"https:\/\/www.rockylawfirm.com\/wp-content\/uploads\/2022\/08\/Rocky-AV-Rated.png\" alt=\"Rocky AV Rated\" itemprop=\"image\" height=\"101\" width=\"320\" title=\"Rocky AV Rated\" onerror=\"this.style.display='none'\"  \/>\n\t\t\t\t<img decoding=\"async\" src=\"https:\/\/www.rockylawfirm.com\/wp-content\/uploads\/2022\/08\/Rocky-Super-Lawyers.png\" alt=\"Rocky Super Lawyers\" itemprop=\"image\" height=\"76\" width=\"320\" title=\"Rocky Super Lawyers\" onerror=\"this.style.display='none'\"  \/>\n\t<a id=\"69eb4d8249586\" rel=\"wp-video-lightbox\" href=\"https:\/\/www.youtube.com\/watch?v=vTlG_t59-Dw&#038;rel=0&#038;width=640&#038;height=480\" title=\"\"><img decoding=\"async\" src=\"https:\/\/www.rockylawfirm.com\/wp-content\/uploads\/2022\/08\/Rocky-McElhaney-Why-I-became-a-lawyer.png\" class=\"video_lightbox_anchor_image\" alt=\"\" \/><\/a>    <script>\r\n    \/* <![CDATA[ *\/\r\n    jQuery(document).ready(function($){\r\n        $(function(){\r\n            var width = $(window).innerWidth();\r\n            var setwidth = parseFloat(640);\r\n            var ratio = parseFloat(0.75);\r\n            var height = parseFloat(480);\r\n            var link = 'https:\/\/www.youtube.com\/watch?v=vTlG_t59-Dw&amp;rel=0&amp;width=640&amp;height=480';\r\n            if(width < setwidth)\r\n            {\r\n                height = Math.floor(width * 0.75);\r\n                \/\/console.log(\"device width \"+width+\", set width \"+640+\", ratio \"+0.75+\", new height \"+ height);\r\n                var new_url = wpvl_paramReplace('width', link, width);\r\n                var new_url = wpvl_paramReplace('height', new_url, height);\r\n                $(\"a#69eb4d8249586\").attr('href', new_url);\r\n                \/\/console.log(new_url);\r\n            }\r\n        });\r\n    });\r\n    \/* ]]> *\/\r\n    <\/script>\n\t<h2>PREMIOS Y RECONOCIMIENTOS<\/h2>\n<p>Rocky es el fundador y accionista principal del bufete de abogados Rocky Law Firm, con sede en Nashville, donde centra su pr\u00e1ctica en casos importantes que involucran accidentes catastr\u00f3ficos de autom\u00f3viles, camiones y motocicletas, lesiones cerebrales y de la m\u00e9dula espinal, muerte por negligencia, indemnizaci\u00f3n laboral y discapacidad del seguro social. Con m\u00faltiples oficinas del estado medio para la conveniencia de los clientes, Rocky y su talentoso equipo representan a v\u00edctimas de lesiones en Tennessee y en todo el sureste.<\/p>\n<p>Rocky y la firma han recibido un flujo constante de reconocimiento por su historial exitoso y confiable, su admirable experiencia en ensayos y su fuerte enfoque en obtener los mejores resultados posibles para todos y cada uno de los clientes. Estos premios incluyen ser nombrado:<\/p>\n<ul>\n<li><em>Mejor <\/em>abogado en Nashville, Encuesta anual para lectores de la revista Nashville Scene (2014- 2018)<\/li>\n<li>Mejor abogado \/ Mejor bufete de abogados, Elecci\u00f3n de los lectores de Hendersonville (2018)<\/li>\n<li>Sello de experiencia, Maestros de prueba<\/li>\n<li>Defensor multimillonario, Foro de defensores multimillonarios<\/li>\n<li>Top 50 en Tennessee, Super abogados<\/li>\n<li>Top 10 en Tennessee, Instituto Americano de Abogados de Lesiones Personales<\/li>\n<li>Los 100 mejores abogados, Asociaci\u00f3n Nacional de Abogados Litigantes<\/li>\n<li>AV Preeminente, Martindale-Hubbell<\/li>\n<li>L\u00edder a cargo Miembro, Nashville Post (2017-2019)<\/li>\n<\/ul>\n<p>Rocky tambi\u00e9n ha ganado cuatro veces el premio del El mejor lugar para trabajar de Nashville Business Journal por su compromiso de brindar a sus empleados beneficios superiores, espacios de trabajo modernos y acogedores, liderazgo excepcional y altos est\u00e1ndares \u00e9ticos.<\/p>\n\n","protected":false},"excerpt":{"rendered":"<p>ROCKY MCELHANEY Director General Correo electr\u00f3nico: Cont\u00e1cteme \u00abSe trata de cu\u00e1n fuerte te pueden golpear, cu\u00e1nto puedes aguantar y mantenerte Avanzando\u00bb. &#8211; Rocky Balboa Rocky aprendi\u00f3 muchas de las lecciones de vida que ahora usa para ayudar a sus clientes mientras crec\u00eda cerca de Buffalo Trail, en Morristown Tennessee, una peque\u00f1a ciudad a unas 35&hellip;<\/p>\n","protected":false},"author":2,"featured_media":0,"parent":0,"menu_order":0,"comment_status":"closed","ping_status":"closed","template":"","meta":{"footnotes":""},"class_list":["post-16393","page","type-page","status-publish","hentry"],"yoast_head":"<!-- This site is optimized with the Yoast SEO plugin v27.3 - https:\/\/yoast.com\/product\/yoast-seo-wordpress\/ -->\n<title>Rocky McElhaney - Rocky McElhaney Law Firm: Car Accident &amp; Injury Lawyers<\/title>\n<meta name=\"robots\" content=\"index, follow, max-snippet:-1, max-image-preview:large, max-video-preview:-1\" \/>\n<link rel=\"canonical\" href=\"https:\/\/www.rockylawfirm.com\/es\/rocky-mcelhaney\/\" \/>\n<meta property=\"og:locale\" content=\"es_ES\" \/>\n<meta property=\"og:type\" content=\"article\" \/>\n<meta property=\"og:title\" content=\"Rocky McElhaney - Rocky McElhaney Law Firm: Car Accident &amp; Injury Lawyers\" \/>\n<meta property=\"og:description\" content=\"ROCKY MCELHANEY Director General Correo electr\u00f3nico: Cont\u00e1cteme \u00abSe trata de cu\u00e1n fuerte te pueden golpear, cu\u00e1nto puedes aguantar y mantenerte Avanzando\u00bb. &#8211; Rocky Balboa Rocky aprendi\u00f3 muchas de las lecciones de vida que ahora usa para ayudar a sus clientes mientras crec\u00eda cerca de Buffalo Trail, en Morristown Tennessee, una peque\u00f1a ciudad a unas 35&hellip;\" \/>\n<meta property=\"og:url\" content=\"https:\/\/www.rockylawfirm.com\/es\/rocky-mcelhaney\/\" \/>\n<meta property=\"og:site_name\" content=\"Rocky McElhaney Law Firm: Car Accident &amp; Injury Lawyers\" \/>\n<meta property=\"article:publisher\" content=\"https:\/\/www.facebook.com\/rockylawfirm\" \/>\n<meta property=\"article:modified_time\" content=\"2023-11-15T13:52:51+00:00\" \/>\n<meta property=\"og:image\" content=\"https:\/\/www.rockylawfirm.com\/wp-content\/uploads\/2022\/08\/Rocky-McElhaney-Voted-Best-Lawyer-2014-2021.jpg\" \/>\n<meta name=\"twitter:label1\" content=\"Tiempo de lectura\" \/>\n\t<meta name=\"twitter:data1\" content=\"9 minutos\" \/>\n<script type=\"application\/ld+json\" class=\"yoast-schema-graph\">{\"@context\":\"https:\\\/\\\/schema.org\",\"@graph\":[{\"@type\":\"WebPage\",\"@id\":\"https:\\\/\\\/www.rockylawfirm.com\\\/es\\\/rocky-mcelhaney\\\/\",\"url\":\"https:\\\/\\\/www.rockylawfirm.com\\\/es\\\/rocky-mcelhaney\\\/\",\"name\":\"Rocky McElhaney - Rocky McElhaney Law Firm: Car Accident &amp; Injury Lawyers\",\"isPartOf\":{\"@id\":\"https:\\\/\\\/www.rockylawfirm.com\\\/es\\\/#website\"},\"primaryImageOfPage\":{\"@id\":\"https:\\\/\\\/www.rockylawfirm.com\\\/es\\\/rocky-mcelhaney\\\/#primaryimage\"},\"image\":{\"@id\":\"https:\\\/\\\/www.rockylawfirm.com\\\/es\\\/rocky-mcelhaney\\\/#primaryimage\"},\"thumbnailUrl\":\"https:\\\/\\\/www.rockylawfirm.com\\\/wp-content\\\/uploads\\\/2022\\\/08\\\/Rocky-McElhaney-Voted-Best-Lawyer-2014-2021.jpg\",\"datePublished\":\"2021-05-25T17:18:37+00:00\",\"dateModified\":\"2023-11-15T13:52:51+00:00\",\"inLanguage\":\"es\",\"potentialAction\":[{\"@type\":\"ReadAction\",\"target\":[\"https:\\\/\\\/www.rockylawfirm.com\\\/es\\\/rocky-mcelhaney\\\/\"]}]},{\"@type\":\"ImageObject\",\"inLanguage\":\"es\",\"@id\":\"https:\\\/\\\/www.rockylawfirm.com\\\/es\\\/rocky-mcelhaney\\\/#primaryimage\",\"url\":\"https:\\\/\\\/www.rockylawfirm.com\\\/wp-content\\\/uploads\\\/2022\\\/08\\\/Rocky-McElhaney-Voted-Best-Lawyer-2014-2021.jpg\",\"contentUrl\":\"https:\\\/\\\/www.rockylawfirm.com\\\/wp-content\\\/uploads\\\/2022\\\/08\\\/Rocky-McElhaney-Voted-Best-Lawyer-2014-2021.jpg\"},{\"@type\":\"WebSite\",\"@id\":\"https:\\\/\\\/www.rockylawfirm.com\\\/es\\\/#website\",\"url\":\"https:\\\/\\\/www.rockylawfirm.com\\\/es\\\/\",\"name\":\"Rocky McElhaney Law Firm: Car Accident &amp; Injury Lawyers\",\"description\":\"Nashville personal injury lawyers\",\"potentialAction\":[{\"@type\":\"SearchAction\",\"target\":{\"@type\":\"EntryPoint\",\"urlTemplate\":\"https:\\\/\\\/www.rockylawfirm.com\\\/es\\\/?s={search_term_string}\"},\"query-input\":{\"@type\":\"PropertyValueSpecification\",\"valueRequired\":true,\"valueName\":\"search_term_string\"}}],\"inLanguage\":\"es\"}]}<\/script>\n<!-- \/ Yoast SEO plugin. -->","yoast_head_json":{"title":"Rocky McElhaney - Rocky McElhaney Law Firm: Car Accident &amp; Injury Lawyers","robots":{"index":"index","follow":"follow","max-snippet":"max-snippet:-1","max-image-preview":"max-image-preview:large","max-video-preview":"max-video-preview:-1"},"canonical":"https:\/\/www.rockylawfirm.com\/es\/rocky-mcelhaney\/","og_locale":"es_ES","og_type":"article","og_title":"Rocky McElhaney - Rocky McElhaney Law Firm: Car Accident &amp; Injury Lawyers","og_description":"ROCKY MCELHANEY Director General Correo electr\u00f3nico: Cont\u00e1cteme \u00abSe trata de cu\u00e1n fuerte te pueden golpear, cu\u00e1nto puedes aguantar y mantenerte Avanzando\u00bb. &#8211; Rocky Balboa Rocky aprendi\u00f3 muchas de las lecciones de vida que ahora usa para ayudar a sus clientes mientras crec\u00eda cerca de Buffalo Trail, en Morristown Tennessee, una peque\u00f1a ciudad a unas 35&hellip;","og_url":"https:\/\/www.rockylawfirm.com\/es\/rocky-mcelhaney\/","og_site_name":"Rocky McElhaney Law Firm: Car Accident &amp; Injury Lawyers","article_publisher":"https:\/\/www.facebook.com\/rockylawfirm","article_modified_time":"2023-11-15T13:52:51+00:00","og_image":[{"url":"https:\/\/www.rockylawfirm.com\/wp-content\/uploads\/2022\/08\/Rocky-McElhaney-Voted-Best-Lawyer-2014-2021.jpg","type":"","width":"","height":""}],"twitter_misc":{"Tiempo de lectura":"9 minutos"},"schema":{"@context":"https:\/\/schema.org","@graph":[{"@type":"WebPage","@id":"https:\/\/www.rockylawfirm.com\/es\/rocky-mcelhaney\/","url":"https:\/\/www.rockylawfirm.com\/es\/rocky-mcelhaney\/","name":"Rocky McElhaney - Rocky McElhaney Law Firm: Car Accident &amp; Injury Lawyers","isPartOf":{"@id":"https:\/\/www.rockylawfirm.com\/es\/#website"},"primaryImageOfPage":{"@id":"https:\/\/www.rockylawfirm.com\/es\/rocky-mcelhaney\/#primaryimage"},"image":{"@id":"https:\/\/www.rockylawfirm.com\/es\/rocky-mcelhaney\/#primaryimage"},"thumbnailUrl":"https:\/\/www.rockylawfirm.com\/wp-content\/uploads\/2022\/08\/Rocky-McElhaney-Voted-Best-Lawyer-2014-2021.jpg","datePublished":"2021-05-25T17:18:37+00:00","dateModified":"2023-11-15T13:52:51+00:00","inLanguage":"es","potentialAction":[{"@type":"ReadAction","target":["https:\/\/www.rockylawfirm.com\/es\/rocky-mcelhaney\/"]}]},{"@type":"ImageObject","inLanguage":"es","@id":"https:\/\/www.rockylawfirm.com\/es\/rocky-mcelhaney\/#primaryimage","url":"https:\/\/www.rockylawfirm.com\/wp-content\/uploads\/2022\/08\/Rocky-McElhaney-Voted-Best-Lawyer-2014-2021.jpg","contentUrl":"https:\/\/www.rockylawfirm.com\/wp-content\/uploads\/2022\/08\/Rocky-McElhaney-Voted-Best-Lawyer-2014-2021.jpg"},{"@type":"WebSite","@id":"https:\/\/www.rockylawfirm.com\/es\/#website","url":"https:\/\/www.rockylawfirm.com\/es\/","name":"Rocky McElhaney Law Firm: Car Accident &amp; Injury Lawyers","description":"Nashville personal injury lawyers","potentialAction":[{"@type":"SearchAction","target":{"@type":"EntryPoint","urlTemplate":"https:\/\/www.rockylawfirm.com\/es\/?s={search_term_string}"},"query-input":{"@type":"PropertyValueSpecification","valueRequired":true,"valueName":"search_term_string"}}],"inLanguage":"es"}]}},"_links":{"self":[{"href":"https:\/\/www.rockylawfirm.com\/es\/wp-json\/wp\/v2\/pages\/16393","targetHints":{"allow":["GET"]}}],"collection":[{"href":"https:\/\/www.rockylawfirm.com\/es\/wp-json\/wp\/v2\/pages"}],"about":[{"href":"https:\/\/www.rockylawfirm.com\/es\/wp-json\/wp\/v2\/types\/page"}],"author":[{"embeddable":true,"href":"https:\/\/www.rockylawfirm.com\/es\/wp-json\/wp\/v2\/users\/2"}],"replies":[{"embeddable":true,"href":"https:\/\/www.rockylawfirm.com\/es\/wp-json\/wp\/v2\/comments?post=16393"}],"version-history":[{"count":0,"href":"https:\/\/www.rockylawfirm.com\/es\/wp-json\/wp\/v2\/pages\/16393\/revisions"}],"wp:attachment":[{"href":"https:\/\/www.rockylawfirm.com\/es\/wp-json\/wp\/v2\/media?parent=16393"}],"curies":[{"name":"wp","href":"https:\/\/api.w.org\/{rel}","templated":true}]}}